{"id":28401,"date":"2022-10-19T23:53:26","date_gmt":"2022-10-19T20:53:26","guid":{"rendered":"https:\/\/westbalt.ee\/?post_type=product&#038;p=28401"},"modified":"2026-03-21T19:45:24","modified_gmt":"2026-03-21T16:45:24","slug":"usb-tester-uni-t-ut658dual","status":"publish","type":"product","link":"https:\/\/westbalt.ee\/?product=usb-tester-uni-t-ut658dual","title":{"rendered":"USB TESTER UNI-T UT658DUAL"},"content":{"rendered":"<p>&#8211; sisend- ja v\u00e4ljundpordid: USB-A + USB-C<br \/>\n&#8211; sisendpinge m\u00f5\u00f5tevahemik: 4 ~ 24VDC, eraldusv\u00f5ime 0,01 V<br \/>\n&#8211; sisendvoolude m\u00f5\u00f5tepiirkond USB-A sisendi kaudu: 0,05 ~ 3A \/ DC, eraldusv\u00f5ime 0,01 A<br \/>\n&#8211; USB-C sisendi kaudu sisendvoolude m\u00f5\u00f5tmisvahemik: 0,05 ~ 5A \/ DC, eraldusv\u00f5ime 0,01 A<br \/>\n&#8211; \u00fchendatud akumulaatorile edastatava v\u00f5imsuse m\u00f5\u00f5tepiirkond: 0 ~ 99999 mAh, eraldusv\u00f5ime 1 mAh<br \/>\n&#8211; \u00fchendatud akumulaatorisse tarnitava energia m\u00f5\u00f5tepiirkond aku: 0 ~ 1000 Wh<br \/>\n&#8211; ekvivalentse vooluahela takistuse m\u00f5\u00f5tmine: 1 ~ 480\u03a9<br \/>\n&#8211; USB andmekaabli pinge m\u00f5\u00f5tmine (D +, D-): 0 ~ 3,3 V<br \/>\n&#8211; m\u00f5\u00f5tmiskirje salvestamine andmem\u00e4llu: 10 komplekti<br \/>\n&#8211; maksimaalne m\u00f5\u00f5tmise salvestusaeg : 99h, 59min, 59sek; eraldusv\u00f5ime 1s<br \/>\n&#8211; kiirlaadimine (USB-A sisend): kiirlaadimisprotokoll kuni QC 3.0<br \/>\n&#8211; kiirlaadimine (USB-C sisend): kiirlaadimisprotokoll kuni QC 4.0<\/p>\n","protected":false},"excerpt":{"rendered":"<p>Kontrollib USB-laadijaid, kaasaskantavaid toiteallikaid, A- ja C-t\u00fc\u00fcpi USB-kaableid ja muid elektroonilisi laadimisseadmeid. UT658 m\u00f5\u00f5dab USB andmekaablite v\u00e4ljundpinget, voolu, energiat, v\u00f5imsust, vooluahela ekvivalenttakistust, D+ ja D- pingeid. T\u00e4pne, usaldusv\u00e4\u00e4rne, stabiilne ja kaasaskantav.<\/p>\n<p><img decoding=\"async\" src=\"https:\/\/westbalt.ee\/wp-content\/uploads\/2014\/09\/pdf.png\" alt=\"\" width=\"26\" height=\"26\" class=\"alignnone size-full wp-image-21314\" \/>&nbsp;<a href=\"https:\/\/www.westbalt.ee\/catalog\/pdf\/UT658ACDualLoad English Manual.pdf\" target=\"_blank\" rel=\"noopener\">UT658ACDualLoad English Manual.pdf<\/a><\/p>\n","protected":false},"featured_media":28402,"comment_status":"open","ping_status":"closed","template":"","meta":{"_acf_changed":false,"_monsterinsights_skip_tracking":false,"_monsterinsights_sitenote_active":false,"_monsterinsights_sitenote_note":"","_monsterinsights_sitenote_category":0},"pwb-brand":[2409],"product_brand":[],"product_cat":[301],"product_tag":[],"class_list":{"0":"post-28401","1":"product","2":"type-product","3":"status-publish","4":"has-post-thumbnail","6":"pwb-brand-uni-t","7":"product_cat-spets-m-teriistad","9":"first","10":"onbackorder","11":"taxable","12":"shipping-taxable","13":"purchasable","14":"product-type-simple"},"acf":[],"aioseo_notices":[],"jetpack_sharing_enabled":true,"brands":[{"id":2409,"name":"UNI-T","slug":"uni-t"}],"_links":{"self":[{"href":"https:\/\/westbalt.ee\/index.php?rest_route=\/wp\/v2\/product\/28401","targetHints":{"allow":["GET"]}}],"collection":[{"href":"https:\/\/westbalt.ee\/index.php?rest_route=\/wp\/v2\/product"}],"about":[{"href":"https:\/\/westbalt.ee\/index.php?rest_route=\/wp\/v2\/types\/product"}],"replies":[{"embeddable":true,"href":"https:\/\/westbalt.ee\/index.php?rest_route=%2Fwp%2Fv2%2Fcomments&post=28401"}],"wp:featuredmedia":[{"embeddable":true,"href":"https:\/\/westbalt.ee\/index.php?rest_route=\/wp\/v2\/media\/28402"}],"wp:attachment":[{"href":"https:\/\/westbalt.ee\/index.php?rest_route=%2Fwp%2Fv2%2Fmedia&parent=28401"}],"wp:term":[{"taxonomy":"pwb-brand","embeddable":true,"href":"https:\/\/westbalt.ee\/index.php?rest_route=%2Fwp%2Fv2%2Fpwb-brand&post=28401"},{"taxonomy":"product_brand","embeddable":true,"href":"https:\/\/westbalt.ee\/index.php?rest_route=%2Fwp%2Fv2%2Fproduct_brand&post=28401"},{"taxonomy":"product_cat","embeddable":true,"href":"https:\/\/westbalt.ee\/index.php?rest_route=%2Fwp%2Fv2%2Fproduct_cat&post=28401"},{"taxonomy":"product_tag","embeddable":true,"href":"https:\/\/westbalt.ee\/index.php?rest_route=%2Fwp%2Fv2%2Fproduct_tag&post=28401"}],"curies":[{"name":"wp","href":"https:\/\/api.w.org\/{rel}","templated":true}]}}