{"id":28647,"date":"2022-11-29T00:43:46","date_gmt":"2022-11-28T21:43:46","guid":{"rendered":"https:\/\/westbalt.ee\/?post_type=product&#038;p=28647"},"modified":"2026-03-21T19:44:17","modified_gmt":"2026-03-21T16:44:17","slug":"korrosioonitorjelint-356-50-50mm-10m-pk-obo","status":"publish","type":"product","link":"https:\/\/westbalt.ee\/?product=korrosioonitorjelint-356-50-50mm-10m-pk-obo","title":{"rendered":"Korrosioonit\u00f5rjelint 356\/50 50mm 10m\/pk, OBO"},"content":{"rendered":"<p>&#8211;<\/p>\n","protected":false},"excerpt":{"rendered":"<p>\u2022 Plastiline, vaseliiniga kaetud keemilisest kiust fliisriidest<br \/>\n\u2022 Maapealsete ja maa-aluste \u00fchenduste \u00fcmbritsemiseks<br \/>\n\u2022 K\u00fclmalt t\u00f6\u00f6deldav<br \/>\n\u2022 Umbes 1,1 mm paksune<br \/>\n\u2022 Laius: 50 mm<\/p>\n","protected":false},"featured_media":28648,"comment_status":"open","ping_status":"closed","template":"","meta":{"_acf_changed":false,"_monsterinsights_skip_tracking":false,"_monsterinsights_sitenote_active":false,"_monsterinsights_sitenote_note":"","_monsterinsights_sitenote_category":0},"pwb-brand":[2447],"product_brand":[],"product_cat":[351],"product_tag":[],"class_list":{"0":"post-28647","1":"product","2":"type-product","3":"status-publish","4":"has-post-thumbnail","6":"pwb-brand-obo-bettermann","7":"product_cat-maandus-ja-piksekaitse","9":"first","10":"instock","11":"taxable","12":"shipping-taxable","13":"purchasable","14":"product-type-simple"},"acf":[],"aioseo_notices":[],"jetpack_sharing_enabled":true,"brands":[{"id":2447,"name":"OBO Bettermann","slug":"obo-bettermann"}],"_links":{"self":[{"href":"https:\/\/westbalt.ee\/index.php?rest_route=\/wp\/v2\/product\/28647","targetHints":{"allow":["GET"]}}],"collection":[{"href":"https:\/\/westbalt.ee\/index.php?rest_route=\/wp\/v2\/product"}],"about":[{"href":"https:\/\/westbalt.ee\/index.php?rest_route=\/wp\/v2\/types\/product"}],"replies":[{"embeddable":true,"href":"https:\/\/westbalt.ee\/index.php?rest_route=%2Fwp%2Fv2%2Fcomments&post=28647"}],"wp:featuredmedia":[{"embeddable":true,"href":"https:\/\/westbalt.ee\/index.php?rest_route=\/wp\/v2\/media\/28648"}],"wp:attachment":[{"href":"https:\/\/westbalt.ee\/index.php?rest_route=%2Fwp%2Fv2%2Fmedia&parent=28647"}],"wp:term":[{"taxonomy":"pwb-brand","embeddable":true,"href":"https:\/\/westbalt.ee\/index.php?rest_route=%2Fwp%2Fv2%2Fpwb-brand&post=28647"},{"taxonomy":"product_brand","embeddable":true,"href":"https:\/\/westbalt.ee\/index.php?rest_route=%2Fwp%2Fv2%2Fproduct_brand&post=28647"},{"taxonomy":"product_cat","embeddable":true,"href":"https:\/\/westbalt.ee\/index.php?rest_route=%2Fwp%2Fv2%2Fproduct_cat&post=28647"},{"taxonomy":"product_tag","embeddable":true,"href":"https:\/\/westbalt.ee\/index.php?rest_route=%2Fwp%2Fv2%2Fproduct_tag&post=28647"}],"curies":[{"name":"wp","href":"https:\/\/api.w.org\/{rel}","templated":true}]}}