{"id":28717,"date":"2022-12-07T00:31:47","date_gmt":"2022-12-06T21:31:47","guid":{"rendered":"https:\/\/westbalt.ee\/?post_type=product&#038;p=28717"},"modified":"2026-03-21T19:52:29","modified_gmt":"2026-03-21T16:52:29","slug":"pistik-m12-isa-4pin-a-code-devicenet-canopen-ip67","status":"publish","type":"product","link":"https:\/\/westbalt.ee\/?product=pistik-m12-isa-4pin-a-code-devicenet-canopen-ip67","title":{"rendered":"Pistik M12 isa 4pin  A code-DeviceNet \/ CANopen IP67"},"content":{"rendered":"<p>&#8211;<\/p>\n","protected":false},"excerpt":{"rendered":"<p>Mehaaniline kinnitus: kaablile, otse<br \/>\nKaabli v\u00e4lisl\u00e4bim\u00f5\u00f5t: 4&#8230;6mm (PG7)<br \/>\nElektrikinnitus: kruviklemm<br \/>\nIP reiting: IP67<br \/>\nLukustuss\u00fcsteem: v\u00e4liskeere, keermestatud liigend<br \/>\nNimipinge: 250V<br \/>\nNimivool: 4A<br \/>\nT\u00f6\u00f6temperatuur: -40&#8230;85\u00b0C<br \/>\nTraadi suurus: 18AWG&#8230;24AWG<\/p>\n","protected":false},"featured_media":28718,"comment_status":"open","ping_status":"closed","template":"","meta":{"_acf_changed":false,"_monsterinsights_skip_tracking":false,"_monsterinsights_sitenote_active":false,"_monsterinsights_sitenote_note":"","_monsterinsights_sitenote_category":0},"pwb-brand":[],"product_brand":[],"product_cat":[178,207],"product_tag":[],"class_list":{"0":"post-28717","1":"product","2":"type-product","3":"status-publish","4":"has-post-thumbnail","6":"product_cat-andurid","7":"product_cat-mitmekontaktilised","9":"first","10":"onbackorder","11":"taxable","12":"shipping-taxable","13":"purchasable","14":"product-type-simple"},"acf":[],"aioseo_notices":[],"jetpack_sharing_enabled":true,"brands":[],"_links":{"self":[{"href":"https:\/\/westbalt.ee\/index.php?rest_route=\/wp\/v2\/product\/28717","targetHints":{"allow":["GET"]}}],"collection":[{"href":"https:\/\/westbalt.ee\/index.php?rest_route=\/wp\/v2\/product"}],"about":[{"href":"https:\/\/westbalt.ee\/index.php?rest_route=\/wp\/v2\/types\/product"}],"replies":[{"embeddable":true,"href":"https:\/\/westbalt.ee\/index.php?rest_route=%2Fwp%2Fv2%2Fcomments&post=28717"}],"wp:featuredmedia":[{"embeddable":true,"href":"https:\/\/westbalt.ee\/index.php?rest_route=\/wp\/v2\/media\/28718"}],"wp:attachment":[{"href":"https:\/\/westbalt.ee\/index.php?rest_route=%2Fwp%2Fv2%2Fmedia&parent=28717"}],"wp:term":[{"taxonomy":"pwb-brand","embeddable":true,"href":"https:\/\/westbalt.ee\/index.php?rest_route=%2Fwp%2Fv2%2Fpwb-brand&post=28717"},{"taxonomy":"product_brand","embeddable":true,"href":"https:\/\/westbalt.ee\/index.php?rest_route=%2Fwp%2Fv2%2Fproduct_brand&post=28717"},{"taxonomy":"product_cat","embeddable":true,"href":"https:\/\/westbalt.ee\/index.php?rest_route=%2Fwp%2Fv2%2Fproduct_cat&post=28717"},{"taxonomy":"product_tag","embeddable":true,"href":"https:\/\/westbalt.ee\/index.php?rest_route=%2Fwp%2Fv2%2Fproduct_tag&post=28717"}],"curies":[{"name":"wp","href":"https:\/\/api.w.org\/{rel}","templated":true}]}}