{"id":2884,"date":"2012-10-03T21:55:53","date_gmt":"2012-10-03T18:55:53","guid":{"rendered":"https:\/\/westbalt.ee\/?post_type=product&#038;p=2884"},"modified":"2026-03-21T19:47:06","modified_gmt":"2026-03-21T16:47:06","slug":"soovituspulber-trukiplaatide-valmistamiseks-100g-0-5l","status":"publish","type":"product","link":"https:\/\/westbalt.ee\/?product=soovituspulber-trukiplaatide-valmistamiseks-100g-0-5l","title":{"rendered":"S\u00f6\u00f6vituspulber tr\u00fckiplaatide valmistamiseks 100g\/ 0,5l"},"content":{"rendered":"<p>&#8211;<\/p>\n","protected":false},"excerpt":{"rendered":"<p>Na2S202 Naatriumpersulfaat<br \/>\nS\u00f6\u00f6vitamiseks valmistatakse lahus suhtes 1\/5 kuuma veega. S\u00f6\u00f6vitus toimub kiiremini kui vee temperatuur on v\u00e4hemalt 50 kraadi ja tr\u00fckiplaati lahuses liigutada. 140g pulbrit s\u00f6\u00f6vitab 5 minuti jooksul kuni 6dm2.<br \/>\nKasutatud, ent mitte l\u00f5puni t\u00f6\u00f6tanud vedelikku saab s\u00e4iltada plastikn\u00f5udes.<br \/>\nEnne taaskasutamist kuumutada lahus 50 kraadini.<\/p>\n","protected":false},"featured_media":14074,"comment_status":"open","ping_status":"closed","template":"","meta":{"_acf_changed":false,"_monsterinsights_skip_tracking":false,"_monsterinsights_sitenote_active":false,"_monsterinsights_sitenote_note":"","_monsterinsights_sitenote_category":0},"pwb-brand":[],"product_brand":[],"product_cat":[348],"product_tag":[],"class_list":{"0":"post-2884","1":"product","2":"type-product","3":"status-publish","4":"has-post-thumbnail","6":"product_cat-trukkplaatide-tootmismaterjalid","7":"pa_varv-valge","9":"first","10":"instock","11":"taxable","12":"shipping-taxable","13":"purchasable","14":"product-type-simple"},"acf":[],"aioseo_notices":[],"jetpack_sharing_enabled":true,"brands":[],"_links":{"self":[{"href":"https:\/\/westbalt.ee\/index.php?rest_route=\/wp\/v2\/product\/2884","targetHints":{"allow":["GET"]}}],"collection":[{"href":"https:\/\/westbalt.ee\/index.php?rest_route=\/wp\/v2\/product"}],"about":[{"href":"https:\/\/westbalt.ee\/index.php?rest_route=\/wp\/v2\/types\/product"}],"replies":[{"embeddable":true,"href":"https:\/\/westbalt.ee\/index.php?rest_route=%2Fwp%2Fv2%2Fcomments&post=2884"}],"wp:featuredmedia":[{"embeddable":true,"href":"https:\/\/westbalt.ee\/index.php?rest_route=\/wp\/v2\/media\/14074"}],"wp:attachment":[{"href":"https:\/\/westbalt.ee\/index.php?rest_route=%2Fwp%2Fv2%2Fmedia&parent=2884"}],"wp:term":[{"taxonomy":"pwb-brand","embeddable":true,"href":"https:\/\/westbalt.ee\/index.php?rest_route=%2Fwp%2Fv2%2Fpwb-brand&post=2884"},{"taxonomy":"product_brand","embeddable":true,"href":"https:\/\/westbalt.ee\/index.php?rest_route=%2Fwp%2Fv2%2Fproduct_brand&post=2884"},{"taxonomy":"product_cat","embeddable":true,"href":"https:\/\/westbalt.ee\/index.php?rest_route=%2Fwp%2Fv2%2Fproduct_cat&post=2884"},{"taxonomy":"product_tag","embeddable":true,"href":"https:\/\/westbalt.ee\/index.php?rest_route=%2Fwp%2Fv2%2Fproduct_tag&post=2884"}],"curies":[{"name":"wp","href":"https:\/\/api.w.org\/{rel}","templated":true}]}}