{"id":28847,"date":"2022-12-26T16:00:23","date_gmt":"2022-12-26T13:00:23","guid":{"rendered":"https:\/\/westbalt.ee\/?post_type=product&#038;p=28847"},"modified":"2026-03-21T19:52:15","modified_gmt":"2026-03-21T16:52:15","slug":"multimeeter-peak-tech-2005a","status":"publish","type":"product","link":"https:\/\/westbalt.ee\/?product=multimeeter-peak-tech-2005a","title":{"rendered":"Multimeeter Peak Tech 2005A"},"content":{"rendered":"<p>\u2022 32 mm, 3 1\/2-kohaline LCD-ekraan (max 1999)<br \/>\n\u2022 Vdc max:\t1000V<br \/>\n\u2022 AC max:\t10A<br \/>\n\u2022 Hz max:\t10 MHz<br \/>\n\u2022 Mahtuvus max.:\t200 uF<br \/>\n\u2022 Takistuse max:\t2000M\u03a9<br \/>\n\u2022 Temperatuuri m\u00f5\u00f5tmine : -20 \u2103&#8230;+1000\u00baC<br \/>\n\u2022 mADC max:\t200mA<br \/>\n\u2022 Vac max:\t1000V<br \/>\n\u2022 DC max:\t10A<br \/>\n\u2022 mAAC max:\t200mA<br \/>\n\u2022 Induktiivsuse m\u00f5\u00f5tmine kuni 20 H<br \/>\n\u2022 HFE transistori test<br \/>\n\u2022 Temperatuuri m\u00f5\u00f5tmine K-t\u00fc\u00fcpi anduri kaudu<br \/>\n\u2022 Automaatne v\u00e4ljal\u00fclitus ja aku laetuse n\u00e4idik<br \/>\n\u2022 Ohutus: EN 61010-1; CAT III 1000V<br \/>\n\u2022 Lisatarvikud: korpus, testjuhtmed, temperatuuriandur, temperatuuriadapter, aku ja kasutusjuhend<\/p>\n","protected":false},"excerpt":{"rendered":"<p>Multimeetril on topeltisolatsiooniga kummikattega survevalu korpus, tagak\u00fcljel on hooldusklapp, mille kaudu saab mitte ainult akut vahetada, vaid ka kaitsmeid vahetada. Manuaalne vahemiku valik v\u00f5imaldab v\u00e4ga kiiret reaktsiooniaega ja m\u00f5\u00f5detud v\u00e4\u00e4rtusi saab h\u00f5lpsasti lugeda valgustatud ekraanilt. PeakTech 2005 A-l on mitmesuguseid funktsioone, nagu pinge ja voolu m\u00f5\u00f5tmine, takistuse m\u00f5\u00f5tmine, mahtuvuse ja induktiivsuse m\u00f5\u00f5tmine, samuti on see v\u00f5imeline m\u00f5\u00f5tma transistore.<\/p>\n","protected":false},"featured_media":28849,"comment_status":"open","ping_status":"closed","template":"","meta":{"_acf_changed":false,"_monsterinsights_skip_tracking":false,"_monsterinsights_sitenote_active":false,"_monsterinsights_sitenote_note":"","_monsterinsights_sitenote_category":0},"pwb-brand":[],"product_brand":[],"product_cat":[302],"product_tag":[],"class_list":{"0":"post-28847","1":"product","2":"type-product","3":"status-publish","4":"has-post-thumbnail","6":"product_cat-multimeetrid","8":"first","9":"instock","10":"taxable","11":"shipping-taxable","12":"purchasable","13":"product-type-simple"},"acf":[],"aioseo_notices":[],"jetpack_sharing_enabled":true,"brands":[],"_links":{"self":[{"href":"https:\/\/westbalt.ee\/index.php?rest_route=\/wp\/v2\/product\/28847","targetHints":{"allow":["GET"]}}],"collection":[{"href":"https:\/\/westbalt.ee\/index.php?rest_route=\/wp\/v2\/product"}],"about":[{"href":"https:\/\/westbalt.ee\/index.php?rest_route=\/wp\/v2\/types\/product"}],"replies":[{"embeddable":true,"href":"https:\/\/westbalt.ee\/index.php?rest_route=%2Fwp%2Fv2%2Fcomments&post=28847"}],"wp:featuredmedia":[{"embeddable":true,"href":"https:\/\/westbalt.ee\/index.php?rest_route=\/wp\/v2\/media\/28849"}],"wp:attachment":[{"href":"https:\/\/westbalt.ee\/index.php?rest_route=%2Fwp%2Fv2%2Fmedia&parent=28847"}],"wp:term":[{"taxonomy":"pwb-brand","embeddable":true,"href":"https:\/\/westbalt.ee\/index.php?rest_route=%2Fwp%2Fv2%2Fpwb-brand&post=28847"},{"taxonomy":"product_brand","embeddable":true,"href":"https:\/\/westbalt.ee\/index.php?rest_route=%2Fwp%2Fv2%2Fproduct_brand&post=28847"},{"taxonomy":"product_cat","embeddable":true,"href":"https:\/\/westbalt.ee\/index.php?rest_route=%2Fwp%2Fv2%2Fproduct_cat&post=28847"},{"taxonomy":"product_tag","embeddable":true,"href":"https:\/\/westbalt.ee\/index.php?rest_route=%2Fwp%2Fv2%2Fproduct_tag&post=28847"}],"curies":[{"name":"wp","href":"https:\/\/api.w.org\/{rel}","templated":true}]}}