{"id":28941,"date":"2023-01-09T00:30:32","date_gmt":"2023-01-08T21:30:32","guid":{"rendered":"https:\/\/westbalt.ee\/?post_type=product&#038;p=28941"},"modified":"2026-03-21T19:43:30","modified_gmt":"2026-03-21T16:43:30","slug":"ampermeeter-led-22mm-ac-1100a-voolutrafoga","status":"publish","type":"product","link":"https:\/\/westbalt.ee\/?product=ampermeeter-led-22mm-ac-1100a-voolutrafoga","title":{"rendered":"Ampermeeter LED 22mm AC 1~100A voolutrafoga"},"content":{"rendered":"","protected":false},"excerpt":{"rendered":"<p>\u2022 Materjal: plastik \/ PC<br \/>\n\u2022 Kaitseaste: IP00 \/ Pea IP65<br \/>\n\u2022 M\u00f5\u00f5tmise t\u00e4psus: 1. tase<br \/>\n\u2022 T\u00f6\u00f6iga: tavaliselt \u00fcle 10 000 tunni<br \/>\n\u2022 Paigaldusava: 22,5 mm<br \/>\n\u2022 T\u00f6\u00f6temperatuur: -25\u2103~+55\u2103, suhteline \u00f5huniiskus: \u226495%<br \/>\n\u2022 M\u00f5\u00f5tevahemik: 0A~100A AC<br \/>\n\u2022 Pinge: 30V ~ max 500V AC<br \/>\n\u2022 V\u00e4rv: punane<\/p>\n","protected":false},"featured_media":28942,"comment_status":"open","ping_status":"closed","template":"","meta":{"_acf_changed":false,"_monsterinsights_skip_tracking":false,"_monsterinsights_sitenote_active":false,"_monsterinsights_sitenote_note":"","_monsterinsights_sitenote_category":0},"pwb-brand":[],"product_brand":[],"product_cat":[304],"product_tag":[],"class_list":{"0":"post-28941","1":"product","2":"type-product","3":"status-publish","4":"has-post-thumbnail","6":"product_cat-paneel-m-turid","8":"first","9":"instock","10":"taxable","11":"shipping-taxable","12":"purchasable","13":"product-type-simple"},"acf":[],"aioseo_notices":[],"jetpack_sharing_enabled":true,"brands":[],"_links":{"self":[{"href":"https:\/\/westbalt.ee\/index.php?rest_route=\/wp\/v2\/product\/28941","targetHints":{"allow":["GET"]}}],"collection":[{"href":"https:\/\/westbalt.ee\/index.php?rest_route=\/wp\/v2\/product"}],"about":[{"href":"https:\/\/westbalt.ee\/index.php?rest_route=\/wp\/v2\/types\/product"}],"replies":[{"embeddable":true,"href":"https:\/\/westbalt.ee\/index.php?rest_route=%2Fwp%2Fv2%2Fcomments&post=28941"}],"wp:featuredmedia":[{"embeddable":true,"href":"https:\/\/westbalt.ee\/index.php?rest_route=\/wp\/v2\/media\/28942"}],"wp:attachment":[{"href":"https:\/\/westbalt.ee\/index.php?rest_route=%2Fwp%2Fv2%2Fmedia&parent=28941"}],"wp:term":[{"taxonomy":"pwb-brand","embeddable":true,"href":"https:\/\/westbalt.ee\/index.php?rest_route=%2Fwp%2Fv2%2Fpwb-brand&post=28941"},{"taxonomy":"product_brand","embeddable":true,"href":"https:\/\/westbalt.ee\/index.php?rest_route=%2Fwp%2Fv2%2Fproduct_brand&post=28941"},{"taxonomy":"product_cat","embeddable":true,"href":"https:\/\/westbalt.ee\/index.php?rest_route=%2Fwp%2Fv2%2Fproduct_cat&post=28941"},{"taxonomy":"product_tag","embeddable":true,"href":"https:\/\/westbalt.ee\/index.php?rest_route=%2Fwp%2Fv2%2Fproduct_tag&post=28941"}],"curies":[{"name":"wp","href":"https:\/\/api.w.org\/{rel}","templated":true}]}}