{"id":28948,"date":"2023-01-09T12:11:07","date_gmt":"2023-01-09T09:11:07","guid":{"rendered":"https:\/\/westbalt.ee\/?post_type=product&#038;p=28948"},"modified":"2026-03-21T19:44:41","modified_gmt":"2026-03-21T16:44:41","slug":"toiteplokk-din-liistule-24v-20a-480w-omron","status":"publish","type":"product","link":"https:\/\/westbalt.ee\/?product=toiteplokk-din-liistule-24v-20a-480w-omron","title":{"rendered":"Toiteplokk DIN-liistule 24V\/20A 480W Omron"},"content":{"rendered":"<p>\u2022 \u00dclekoormuskaitse OPP, \u00fclepingekaitse OVP, l\u00fchisekaitse SCP<br \/>\n\u2022 V\u00f5imsus: 480W<br \/>\n\u2022 V\u00e4ljundpinge \/ vool: 24V DC \/ 20A<br \/>\n\u2022 Toitepinge: 85&#8230;264V AC \/ 90&#8230;350V DC<br \/>\n\u2022 T\u00f6\u00f6temperatuur: -25&#8230;60\u00b0C<\/p>\n","protected":false},"excerpt":{"rendered":"<p>\u2022 \u00dclekoormuskaitse OPP, \u00fclepingekaitse OVP, l\u00fchisekaitse SCP \u2022 V\u00f5imsus: 480W \u2022 V\u00e4ljundpinge \/ vool: 24V DC \/ 20A \u2022 Toitepinge: 85&#8230;264V AC \/ 90&#8230;350V DC \u2022 T\u00f6\u00f6temperatuur: -25&#8230;60\u00b0C<\/p>\n","protected":false},"featured_media":28949,"comment_status":"open","ping_status":"closed","template":"","meta":{"_acf_changed":false,"_monsterinsights_skip_tracking":false,"_monsterinsights_sitenote_active":false,"_monsterinsights_sitenote_note":"","_monsterinsights_sitenote_category":0},"pwb-brand":[2416],"product_brand":[],"product_cat":[315],"product_tag":[],"class_list":{"0":"post-28948","1":"product","2":"type-product","3":"status-publish","4":"has-post-thumbnail","6":"pwb-brand-omron","7":"product_cat-toostuslikud-toiteplokid","9":"first","10":"onbackorder","11":"taxable","12":"shipping-taxable","13":"purchasable","14":"product-type-simple"},"acf":[],"aioseo_notices":[],"jetpack_sharing_enabled":true,"brands":[{"id":2416,"name":"OMRON","slug":"omron"}],"_links":{"self":[{"href":"https:\/\/westbalt.ee\/index.php?rest_route=\/wp\/v2\/product\/28948","targetHints":{"allow":["GET"]}}],"collection":[{"href":"https:\/\/westbalt.ee\/index.php?rest_route=\/wp\/v2\/product"}],"about":[{"href":"https:\/\/westbalt.ee\/index.php?rest_route=\/wp\/v2\/types\/product"}],"replies":[{"embeddable":true,"href":"https:\/\/westbalt.ee\/index.php?rest_route=%2Fwp%2Fv2%2Fcomments&post=28948"}],"wp:featuredmedia":[{"embeddable":true,"href":"https:\/\/westbalt.ee\/index.php?rest_route=\/wp\/v2\/media\/28949"}],"wp:attachment":[{"href":"https:\/\/westbalt.ee\/index.php?rest_route=%2Fwp%2Fv2%2Fmedia&parent=28948"}],"wp:term":[{"taxonomy":"pwb-brand","embeddable":true,"href":"https:\/\/westbalt.ee\/index.php?rest_route=%2Fwp%2Fv2%2Fpwb-brand&post=28948"},{"taxonomy":"product_brand","embeddable":true,"href":"https:\/\/westbalt.ee\/index.php?rest_route=%2Fwp%2Fv2%2Fproduct_brand&post=28948"},{"taxonomy":"product_cat","embeddable":true,"href":"https:\/\/westbalt.ee\/index.php?rest_route=%2Fwp%2Fv2%2Fproduct_cat&post=28948"},{"taxonomy":"product_tag","embeddable":true,"href":"https:\/\/westbalt.ee\/index.php?rest_route=%2Fwp%2Fv2%2Fproduct_tag&post=28948"}],"curies":[{"name":"wp","href":"https:\/\/api.w.org\/{rel}","templated":true}]}}