{"id":29001,"date":"2023-01-15T18:40:01","date_gmt":"2023-01-15T15:40:01","guid":{"rendered":"https:\/\/westbalt.ee\/?post_type=product&#038;p=29001"},"modified":"2026-03-21T19:49:42","modified_gmt":"2026-03-21T16:49:42","slug":"termostaat-60c-10a-250v-nc","status":"publish","type":"product","link":"https:\/\/westbalt.ee\/?product=termostaat-60c-10a-250v-nc","title":{"rendered":"Termostaat  60\u00b0C 10A\/250V, NC"},"content":{"rendered":"<p>Bi-metallic thermostats for temperature control &#8211; when temperature exceeds threshold the contact opens.<br \/>\nAfter temperature decrease below threshold the contact closes again.<\/p>\n<li>Max voltage : 250 V AC <\/li>\n<li>Max current : 10 A <\/li>\n<li>Terminations : 6,3 mm plug-on connectors<\/li>\n","protected":false},"excerpt":{"rendered":"<p>Avamistemperatuur 60\u00b0C<br \/>\nSulgemistemperatuur 45\u00b0C<br \/>\nT\u00e4psus \u00b13\u00b0C<br \/>\nMax t\u00f6\u00f6vool 10A<br \/>\nMax t\u00f6\u00f6pinge 250V AC<br \/>\n\u00dchendus pistikud 6,3mm<br \/>\nKere m\u00f5\u00f5tmed \u00d816x12mm<\/p>\n","protected":false},"featured_media":29002,"comment_status":"open","ping_status":"closed","template":"","meta":{"_acf_changed":false,"_monsterinsights_skip_tracking":false,"_monsterinsights_sitenote_active":false,"_monsterinsights_sitenote_note":"","_monsterinsights_sitenote_category":0},"pwb-brand":[],"product_brand":[],"product_cat":[209],"product_tag":[],"class_list":{"0":"post-29001","1":"product","2":"type-product","3":"status-publish","4":"has-post-thumbnail","6":"product_cat-termokaitsmed","8":"first","9":"onbackorder","10":"taxable","11":"shipping-taxable","12":"purchasable","13":"product-type-simple"},"acf":[],"aioseo_notices":[],"jetpack_sharing_enabled":true,"brands":[],"_links":{"self":[{"href":"https:\/\/westbalt.ee\/index.php?rest_route=\/wp\/v2\/product\/29001","targetHints":{"allow":["GET"]}}],"collection":[{"href":"https:\/\/westbalt.ee\/index.php?rest_route=\/wp\/v2\/product"}],"about":[{"href":"https:\/\/westbalt.ee\/index.php?rest_route=\/wp\/v2\/types\/product"}],"replies":[{"embeddable":true,"href":"https:\/\/westbalt.ee\/index.php?rest_route=%2Fwp%2Fv2%2Fcomments&post=29001"}],"wp:featuredmedia":[{"embeddable":true,"href":"https:\/\/westbalt.ee\/index.php?rest_route=\/wp\/v2\/media\/29002"}],"wp:attachment":[{"href":"https:\/\/westbalt.ee\/index.php?rest_route=%2Fwp%2Fv2%2Fmedia&parent=29001"}],"wp:term":[{"taxonomy":"pwb-brand","embeddable":true,"href":"https:\/\/westbalt.ee\/index.php?rest_route=%2Fwp%2Fv2%2Fpwb-brand&post=29001"},{"taxonomy":"product_brand","embeddable":true,"href":"https:\/\/westbalt.ee\/index.php?rest_route=%2Fwp%2Fv2%2Fproduct_brand&post=29001"},{"taxonomy":"product_cat","embeddable":true,"href":"https:\/\/westbalt.ee\/index.php?rest_route=%2Fwp%2Fv2%2Fproduct_cat&post=29001"},{"taxonomy":"product_tag","embeddable":true,"href":"https:\/\/westbalt.ee\/index.php?rest_route=%2Fwp%2Fv2%2Fproduct_tag&post=29001"}],"curies":[{"name":"wp","href":"https:\/\/api.w.org\/{rel}","templated":true}]}}