{"id":29030,"date":"2023-01-16T01:15:28","date_gmt":"2023-01-15T22:15:28","guid":{"rendered":"https:\/\/westbalt.ee\/?post_type=product&#038;p=29030"},"modified":"2026-03-27T17:34:54","modified_gmt":"2026-03-27T14:34:54","slug":"termostaat-50c-10a-240v-no-normaalselt-avatud-honeywell","status":"publish","type":"product","link":"https:\/\/westbalt.ee\/?product=termostaat-50c-10a-240v-no-normaalselt-avatud-honeywell","title":{"rendered":"Termostaat  50\u00b0C 10A\/240V, NO (normaalselt avatud) HONEYWELL"},"content":{"rendered":"<p>&#8211;<\/p>\n","protected":false},"excerpt":{"rendered":"<p>Avamistemperatuur 35\u00b0C<br \/>\nSulgemistemperatuur 50\u00b0C<br \/>\nT\u00e4psus \u00b15\u00b0C<br \/>\nMax t\u00f6\u00f6vool 10A<br \/>\nMax t\u00f6\u00f6pinge 240V AC<br \/>\n\u00dchendus pistikud 6,3mm<br \/>\nKere m\u00f5\u00f5tmed \u00d816x12mm<\/p>\n","protected":false},"featured_media":29031,"comment_status":"open","ping_status":"closed","template":"","meta":{"_acf_changed":false,"_monsterinsights_skip_tracking":false,"_monsterinsights_sitenote_active":false,"_monsterinsights_sitenote_note":"","_monsterinsights_sitenote_category":0},"pwb-brand":[],"product_brand":[],"product_cat":[209],"product_tag":[],"class_list":{"0":"post-29030","1":"product","2":"type-product","3":"status-publish","4":"has-post-thumbnail","6":"product_cat-termokaitsmed","8":"first","9":"onbackorder","10":"taxable","11":"shipping-taxable","12":"purchasable","13":"product-type-simple"},"acf":[],"aioseo_notices":[],"jetpack_sharing_enabled":true,"brands":[],"_links":{"self":[{"href":"https:\/\/westbalt.ee\/index.php?rest_route=\/wp\/v2\/product\/29030","targetHints":{"allow":["GET"]}}],"collection":[{"href":"https:\/\/westbalt.ee\/index.php?rest_route=\/wp\/v2\/product"}],"about":[{"href":"https:\/\/westbalt.ee\/index.php?rest_route=\/wp\/v2\/types\/product"}],"replies":[{"embeddable":true,"href":"https:\/\/westbalt.ee\/index.php?rest_route=%2Fwp%2Fv2%2Fcomments&post=29030"}],"wp:featuredmedia":[{"embeddable":true,"href":"https:\/\/westbalt.ee\/index.php?rest_route=\/wp\/v2\/media\/29031"}],"wp:attachment":[{"href":"https:\/\/westbalt.ee\/index.php?rest_route=%2Fwp%2Fv2%2Fmedia&parent=29030"}],"wp:term":[{"taxonomy":"pwb-brand","embeddable":true,"href":"https:\/\/westbalt.ee\/index.php?rest_route=%2Fwp%2Fv2%2Fpwb-brand&post=29030"},{"taxonomy":"product_brand","embeddable":true,"href":"https:\/\/westbalt.ee\/index.php?rest_route=%2Fwp%2Fv2%2Fproduct_brand&post=29030"},{"taxonomy":"product_cat","embeddable":true,"href":"https:\/\/westbalt.ee\/index.php?rest_route=%2Fwp%2Fv2%2Fproduct_cat&post=29030"},{"taxonomy":"product_tag","embeddable":true,"href":"https:\/\/westbalt.ee\/index.php?rest_route=%2Fwp%2Fv2%2Fproduct_tag&post=29030"}],"curies":[{"name":"wp","href":"https:\/\/api.w.org\/{rel}","templated":true}]}}