{"id":29062,"date":"2023-01-20T00:34:59","date_gmt":"2023-01-19T21:34:59","guid":{"rendered":"https:\/\/westbalt.ee\/?post_type=product&#038;p=29062"},"modified":"2026-03-21T19:40:41","modified_gmt":"2026-03-21T16:40:41","slug":"pistik-mt60-ema-3pin-kaablile-30a-500v-joodetav","status":"publish","type":"product","link":"https:\/\/westbalt.ee\/?product=pistik-mt60-ema-3pin-kaablile-30a-500v-joodetav","title":{"rendered":"Pistik MT60; ema, 3PIN; kaablile; 30A\/500V; joodetav"},"content":{"rendered":"<p>Nimipinge:\t500V<br \/>\nNimivool:\t30A<br \/>\nKontaktide arv:\t3<br \/>\nPistiku materjal:\tmessing<br \/>\nKorpuse materjal:\tpol\u00fcamiid<br \/>\nT\u00f6\u00f6temperatuur:\t-20\u00b0C kuni 120\u00b0C<br \/>\nElektriline paigaldus:\tjoodetav<br \/>\nMehhaaniline paigaldus:\tjuhtmele<\/p>\n","protected":false},"excerpt":{"rendered":"<p>Kasutatakse ajamite toiteks liitiumpol\u00fcmeer (LiPo) ja liitium-ioon (Li-ion) akudega. Samuti kasutatavad neid meeleldi elektrijalgrataste konstrueerijad ja tootjad, kasutades neid mootoreid juhtivateks k\u00f5rgvoolu \u00fchendusteks. Kontaktid on tehtud kullatud messingist, t\u00e4nu millele on vastupidavad korrosioonile ja v\u00f5imaldavad juhtida voolu tugevusega kuni 30A.<\/p>\n","protected":false},"featured_media":29060,"comment_status":"open","ping_status":"closed","template":"","meta":{"_acf_changed":false,"_monsterinsights_skip_tracking":false,"_monsterinsights_sitenote_active":false,"_monsterinsights_sitenote_note":"","_monsterinsights_sitenote_category":0},"pwb-brand":[],"product_brand":[],"product_cat":[207],"product_tag":[],"class_list":{"0":"post-29062","1":"product","2":"type-product","3":"status-publish","4":"has-post-thumbnail","6":"product_cat-mitmekontaktilised","8":"first","9":"instock","10":"taxable","11":"shipping-taxable","12":"purchasable","13":"product-type-simple"},"acf":[],"aioseo_notices":[],"jetpack_sharing_enabled":true,"brands":[],"_links":{"self":[{"href":"https:\/\/westbalt.ee\/index.php?rest_route=\/wp\/v2\/product\/29062","targetHints":{"allow":["GET"]}}],"collection":[{"href":"https:\/\/westbalt.ee\/index.php?rest_route=\/wp\/v2\/product"}],"about":[{"href":"https:\/\/westbalt.ee\/index.php?rest_route=\/wp\/v2\/types\/product"}],"replies":[{"embeddable":true,"href":"https:\/\/westbalt.ee\/index.php?rest_route=%2Fwp%2Fv2%2Fcomments&post=29062"}],"wp:featuredmedia":[{"embeddable":true,"href":"https:\/\/westbalt.ee\/index.php?rest_route=\/wp\/v2\/media\/29060"}],"wp:attachment":[{"href":"https:\/\/westbalt.ee\/index.php?rest_route=%2Fwp%2Fv2%2Fmedia&parent=29062"}],"wp:term":[{"taxonomy":"pwb-brand","embeddable":true,"href":"https:\/\/westbalt.ee\/index.php?rest_route=%2Fwp%2Fv2%2Fpwb-brand&post=29062"},{"taxonomy":"product_brand","embeddable":true,"href":"https:\/\/westbalt.ee\/index.php?rest_route=%2Fwp%2Fv2%2Fproduct_brand&post=29062"},{"taxonomy":"product_cat","embeddable":true,"href":"https:\/\/westbalt.ee\/index.php?rest_route=%2Fwp%2Fv2%2Fproduct_cat&post=29062"},{"taxonomy":"product_tag","embeddable":true,"href":"https:\/\/westbalt.ee\/index.php?rest_route=%2Fwp%2Fv2%2Fproduct_tag&post=29062"}],"curies":[{"name":"wp","href":"https:\/\/api.w.org\/{rel}","templated":true}]}}