{"id":29210,"date":"2023-02-15T00:47:01","date_gmt":"2023-02-14T21:47:01","guid":{"rendered":"https:\/\/westbalt.ee\/?post_type=product&#038;p=29210"},"modified":"2026-03-21T19:49:58","modified_gmt":"2026-03-21T16:49:58","slug":"jootekolb-weller-60w-230v-led-valgustusega","status":"publish","type":"product","link":"https:\/\/westbalt.ee\/?product=jootekolb-weller-60w-230v-led-valgustusega","title":{"rendered":"Jootekolb WELLER  60W 230V LED valgustusega"},"content":{"rendered":"<p>\u2022 Otsa kuju: lapik 6,4 mm WLTCH6IR60<br \/>\n\u2022 Temperatuurivahemik \t427\u00b0C<br \/>\n\u2022 Pinge\t230V<\/p>\n","protected":false},"excerpt":{"rendered":"<p>360-kraadise valgustuse, ergonoomilise vormitud pliiatsik\u00e4epideme, h\u00f5lpsasti vahetatavate otste ja integreeritud turvatoega on see t\u00e4iuslik kvaliteetne ja mitmek\u00fclgne jootekolb k\u00f5igi jootevajaduste jaoks.<\/p>\n","protected":false},"featured_media":29208,"comment_status":"open","ping_status":"closed","template":"","meta":{"_acf_changed":false,"_monsterinsights_skip_tracking":false,"_monsterinsights_sitenote_active":false,"_monsterinsights_sitenote_note":"","_monsterinsights_sitenote_category":0},"pwb-brand":[],"product_brand":[],"product_cat":[308],"product_tag":[],"class_list":{"0":"post-29210","1":"product","2":"type-product","3":"status-publish","4":"has-post-thumbnail","6":"product_cat-jootetarvikud","8":"first","9":"onbackorder","10":"taxable","11":"shipping-taxable","12":"purchasable","13":"product-type-simple"},"acf":[],"aioseo_notices":[],"jetpack_sharing_enabled":true,"brands":[],"_links":{"self":[{"href":"https:\/\/westbalt.ee\/index.php?rest_route=\/wp\/v2\/product\/29210","targetHints":{"allow":["GET"]}}],"collection":[{"href":"https:\/\/westbalt.ee\/index.php?rest_route=\/wp\/v2\/product"}],"about":[{"href":"https:\/\/westbalt.ee\/index.php?rest_route=\/wp\/v2\/types\/product"}],"replies":[{"embeddable":true,"href":"https:\/\/westbalt.ee\/index.php?rest_route=%2Fwp%2Fv2%2Fcomments&post=29210"}],"wp:featuredmedia":[{"embeddable":true,"href":"https:\/\/westbalt.ee\/index.php?rest_route=\/wp\/v2\/media\/29208"}],"wp:attachment":[{"href":"https:\/\/westbalt.ee\/index.php?rest_route=%2Fwp%2Fv2%2Fmedia&parent=29210"}],"wp:term":[{"taxonomy":"pwb-brand","embeddable":true,"href":"https:\/\/westbalt.ee\/index.php?rest_route=%2Fwp%2Fv2%2Fpwb-brand&post=29210"},{"taxonomy":"product_brand","embeddable":true,"href":"https:\/\/westbalt.ee\/index.php?rest_route=%2Fwp%2Fv2%2Fproduct_brand&post=29210"},{"taxonomy":"product_cat","embeddable":true,"href":"https:\/\/westbalt.ee\/index.php?rest_route=%2Fwp%2Fv2%2Fproduct_cat&post=29210"},{"taxonomy":"product_tag","embeddable":true,"href":"https:\/\/westbalt.ee\/index.php?rest_route=%2Fwp%2Fv2%2Fproduct_tag&post=29210"}],"curies":[{"name":"wp","href":"https:\/\/api.w.org\/{rel}","templated":true}]}}