{"id":29223,"date":"2023-02-16T19:09:08","date_gmt":"2023-02-16T16:09:08","guid":{"rendered":"https:\/\/westbalt.ee\/?post_type=product&#038;p=29223"},"modified":"2026-03-21T19:44:53","modified_gmt":"2026-03-21T16:44:53","slug":"amper-voltmeeter-led-22mm-ac-1100a-20-500v","status":"publish","type":"product","link":"https:\/\/westbalt.ee\/?product=amper-voltmeeter-led-22mm-ac-1100a-20-500v","title":{"rendered":"Amper- voltmeeter LED 22mm AC 1~100A \/ 20&#8230;500V"},"content":{"rendered":"","protected":false},"excerpt":{"rendered":"<p>\u2022 Materjal: plastik \/ PC<br \/>\n\u2022 Kaitseaste: IP00 \/ Pea IP65<br \/>\n\u2022 M\u00f5\u00f5tmise t\u00e4psus: 1. tase<br \/>\n\u2022 T\u00f6\u00f6iga: tavaliselt \u00fcle 10 000 tunni<br \/>\n\u2022 Paigaldusava: 22,5 mm<br \/>\n\u2022 T\u00f6\u00f6temperatuur: -25\u2103~+55\u2103, suhteline \u00f5huniiskus: \u226495%<br \/>\n\u2022 M\u00f5\u00f5tevahemik: 0A~100A AC<br \/>\n\u2022 Pinge: 30V ~ max 500V AC<br \/>\n\u2022 V\u00e4rv: punane<\/p>\n","protected":false},"featured_media":29224,"comment_status":"open","ping_status":"closed","template":"","meta":{"_acf_changed":false,"_monsterinsights_skip_tracking":false,"_monsterinsights_sitenote_active":false,"_monsterinsights_sitenote_note":"","_monsterinsights_sitenote_category":0},"pwb-brand":[2446],"product_brand":[],"product_cat":[304],"product_tag":[],"class_list":{"0":"post-29223","1":"product","2":"type-product","3":"status-publish","4":"has-post-thumbnail","6":"pwb-brand-maxge","7":"product_cat-paneel-m-turid","9":"first","10":"instock","11":"taxable","12":"shipping-taxable","13":"purchasable","14":"product-type-simple"},"acf":[],"aioseo_notices":[],"jetpack_sharing_enabled":true,"brands":[{"id":2446,"name":"MaxGe","slug":"maxge"}],"_links":{"self":[{"href":"https:\/\/westbalt.ee\/index.php?rest_route=\/wp\/v2\/product\/29223","targetHints":{"allow":["GET"]}}],"collection":[{"href":"https:\/\/westbalt.ee\/index.php?rest_route=\/wp\/v2\/product"}],"about":[{"href":"https:\/\/westbalt.ee\/index.php?rest_route=\/wp\/v2\/types\/product"}],"replies":[{"embeddable":true,"href":"https:\/\/westbalt.ee\/index.php?rest_route=%2Fwp%2Fv2%2Fcomments&post=29223"}],"wp:featuredmedia":[{"embeddable":true,"href":"https:\/\/westbalt.ee\/index.php?rest_route=\/wp\/v2\/media\/29224"}],"wp:attachment":[{"href":"https:\/\/westbalt.ee\/index.php?rest_route=%2Fwp%2Fv2%2Fmedia&parent=29223"}],"wp:term":[{"taxonomy":"pwb-brand","embeddable":true,"href":"https:\/\/westbalt.ee\/index.php?rest_route=%2Fwp%2Fv2%2Fpwb-brand&post=29223"},{"taxonomy":"product_brand","embeddable":true,"href":"https:\/\/westbalt.ee\/index.php?rest_route=%2Fwp%2Fv2%2Fproduct_brand&post=29223"},{"taxonomy":"product_cat","embeddable":true,"href":"https:\/\/westbalt.ee\/index.php?rest_route=%2Fwp%2Fv2%2Fproduct_cat&post=29223"},{"taxonomy":"product_tag","embeddable":true,"href":"https:\/\/westbalt.ee\/index.php?rest_route=%2Fwp%2Fv2%2Fproduct_tag&post=29223"}],"curies":[{"name":"wp","href":"https:\/\/api.w.org\/{rel}","templated":true}]}}