{"id":29542,"date":"2023-04-14T00:02:12","date_gmt":"2023-04-13T21:02:12","guid":{"rendered":"https:\/\/westbalt.ee\/?post_type=product&#038;p=29542"},"modified":"2026-03-21T19:52:15","modified_gmt":"2026-03-21T16:52:15","slug":"multimeeter-habotest-ht116-true-rms-ncv","status":"publish","type":"product","link":"https:\/\/westbalt.ee\/?product=multimeeter-habotest-ht116-true-rms-ncv","title":{"rendered":"Multimeeter Habotest HT116 True RMS, NCV"},"content":{"rendered":"<h3><span>Multifunktsionaalne, t\u00e4pne<\/span><\/h3>\n<p><span>Habotest kaubam\u00e4rgi multimeeter on uskumatu m\u00f5\u00f5tmist\u00e4psusega.\u00a0See t\u00f5estab ennast j\u00e4rjepidevuse ja tegeliku RMS-i v\u00e4\u00e4rtuse kontrollimisel.\u00a0Selle abiga m\u00f5\u00f5date vahelduv- ja alalispinget, voolu ja takistust.\u00a0Samuti pakub see kontaktivaba pinge tuvastamist (NCV).<\/span><\/p>\n<h3><span>Mugav ja lihtne toimimine<\/span><\/h3>\n<p><span>Multimeetri kasutamine on lihtne ja mugav.\u00a0Disainilt nutitelefoni meenutaval HT116-l on suur, h\u00f5lpsasti loetav ekraan ja silikoonnupud, mis h\u00f5lbustavad kasutamist.\u00a0Sellel on ka pistiku sisendpordi LED-indikaator.<\/span><\/p>\n<h3><span>Kasutajas\u00f5bralik disain<\/span><\/h3>\n<p><span>Seade on kaitstud \u00fcmbrisega, nii et te ei pea kartma selle kahjustamise p\u00e4rast.\u00a0Paremal k\u00fcljel on energia s\u00e4\u00e4stmiseks automaatse v\u00e4ljal\u00fclituse nupp ning taskulamp muudab pimedas ruumis t\u00f6\u00f6tamise lihtsamaks.\u00a0HT116 toiteallikaks on 3 AAA patareid, mida on lihtne vahetada.<\/span><\/p>\n","protected":false},"excerpt":{"rendered":"<p>HT116 on nutikas multimeeter, mille abil saate t\u00e4pselt m\u00f5\u00f5ta vahelduv- ja alalispinget, takistust, j\u00e4rjepidevust, mahtuvust ja palju muud. Suur ekraan ja nupud muudavad selle kasutamise lihtsaks ja v\u00f5imaldavad h\u00f5lpsat juurdep\u00e4\u00e4su m\u00f5\u00f5tmistulemustele. Lisaks on seadmel taskulamp, mis h\u00f5lbustab t\u00f6\u00f6d pimedates ruumides. HT116 toiteks on vaja 3 AAA patareid.<\/p>\n<p><img decoding=\"async\" class=\"alignnone size-full wp-image-21314\" src=\"https:\/\/westbalt.ee\/wp-content\/uploads\/2014\/09\/pdf.png\" alt=\"\" width=\"26\" height=\"26\" \/>\u00a0<a href=\"https:\/\/www.westbalt.ee\/catalog\/pdf\/Habotest_HT116.pdf\" target=\"_blank\" rel=\"noopener\">Habotest_HT116.pdf<\/a><\/p>\n","protected":false},"featured_media":29543,"comment_status":"open","ping_status":"closed","template":"","meta":{"_acf_changed":false,"_monsterinsights_skip_tracking":false,"_monsterinsights_sitenote_active":false,"_monsterinsights_sitenote_note":"","_monsterinsights_sitenote_category":0},"pwb-brand":[],"product_brand":[],"product_cat":[302],"product_tag":[],"class_list":{"0":"post-29542","1":"product","2":"type-product","3":"status-publish","4":"has-post-thumbnail","6":"product_cat-multimeetrid","8":"first","9":"outofstock","10":"taxable","11":"shipping-taxable","12":"purchasable","13":"product-type-simple"},"acf":[],"aioseo_notices":[],"jetpack_sharing_enabled":true,"brands":[],"_links":{"self":[{"href":"https:\/\/westbalt.ee\/index.php?rest_route=\/wp\/v2\/product\/29542","targetHints":{"allow":["GET"]}}],"collection":[{"href":"https:\/\/westbalt.ee\/index.php?rest_route=\/wp\/v2\/product"}],"about":[{"href":"https:\/\/westbalt.ee\/index.php?rest_route=\/wp\/v2\/types\/product"}],"replies":[{"embeddable":true,"href":"https:\/\/westbalt.ee\/index.php?rest_route=%2Fwp%2Fv2%2Fcomments&post=29542"}],"wp:featuredmedia":[{"embeddable":true,"href":"https:\/\/westbalt.ee\/index.php?rest_route=\/wp\/v2\/media\/29543"}],"wp:attachment":[{"href":"https:\/\/westbalt.ee\/index.php?rest_route=%2Fwp%2Fv2%2Fmedia&parent=29542"}],"wp:term":[{"taxonomy":"pwb-brand","embeddable":true,"href":"https:\/\/westbalt.ee\/index.php?rest_route=%2Fwp%2Fv2%2Fpwb-brand&post=29542"},{"taxonomy":"product_brand","embeddable":true,"href":"https:\/\/westbalt.ee\/index.php?rest_route=%2Fwp%2Fv2%2Fproduct_brand&post=29542"},{"taxonomy":"product_cat","embeddable":true,"href":"https:\/\/westbalt.ee\/index.php?rest_route=%2Fwp%2Fv2%2Fproduct_cat&post=29542"},{"taxonomy":"product_tag","embeddable":true,"href":"https:\/\/westbalt.ee\/index.php?rest_route=%2Fwp%2Fv2%2Fproduct_tag&post=29542"}],"curies":[{"name":"wp","href":"https:\/\/api.w.org\/{rel}","templated":true}]}}