{"id":29592,"date":"2023-04-26T23:58:12","date_gmt":"2023-04-26T20:58:12","guid":{"rendered":"https:\/\/westbalt.ee\/?post_type=product&#038;p=29592"},"modified":"2026-03-21T19:50:21","modified_gmt":"2026-03-21T16:50:21","slug":"multimeeter-habotest-ht126a","status":"publish","type":"product","link":"https:\/\/westbalt.ee\/?product=multimeeter-habotest-ht126a","title":{"rendered":"Multimeeter Habotest HT126A"},"content":{"rendered":"<table>\n<tbody>\n<tr>\n<th style=\"text-align: left;\">Alalisvoolu pinge m\u00f5\u00f5tmise vahemik<\/th>\n<td style=\"text-align: left;\">600mV \/ 6V \/ 60V \/ 600V<\/td>\n<\/tr>\n<tr>\n<th style=\"text-align: left;\">Vahelduvvoolu pinge m\u00f5\u00f5tmise vahemik<\/th>\n<td>6V \/ 60V \/ 600V<\/td>\n<\/tr>\n<tr>\n<th style=\"text-align: left;\">Alalisvoolu m\u00f5\u00f5tmise vahemik<\/th>\n<td>600mA \/ 10A \/ 6A<\/td>\n<\/tr>\n<tr>\n<th style=\"text-align: left;\">Vahelduvvoolu m\u00f5\u00f5tmise vahemik<\/th>\n<td>600mA \/ 10A \/ 6A<\/td>\n<\/tr>\n<tr>\n<th style=\"text-align: left;\">Takistuse m\u00f5\u00f5tmise vahemik<\/th>\n<td>600\u00a0\uab65 \/ 6k\uab65 \/ 60k\uab65 \/ 600k\uab65 \/ 6M\uab65 \/ 60Mk\uab65<\/td>\n<\/tr>\n<tr>\n<th style=\"text-align: left;\">Mahtuvuse m\u00f5\u00f5tmise vahemik<\/th>\n<td>6 nF \/ 60 nF \/ 600 nF \/ 6 \u00b5F\u00a0\/ 60 \u00b5F \/ 600 \u00b5F \/ 6 mF \/ 60 mF<\/td>\n<\/tr>\n<tr>\n<th style=\"text-align: left;\">Sageduse m\u00f5\u00f5tmise vahemik<\/th>\n<td>6Hz \/ 60Hz \/ 600Hz \/ 6kHz \/ 60kHz \/ 600kHz \/ 6MHz \/ 10MHz<\/td>\n<\/tr>\n<tr>\n<th style=\"text-align: left;\">T\u00e4iteteguri m\u00f5\u00f5tevahemik<\/th>\n<td>1,0 ~ 99,0%<\/td>\n<\/tr>\n<tr>\n<th style=\"text-align: left;\">Temperatuur\u00a0(\u00a0<strong>\u00b0C\/\u00b0F)<\/strong><\/th>\n<td>-40\u00a0<strong>\u00b0<\/strong>\u00a0C ~ 100\u00a0<strong>\u00b0\u00a0<\/strong>C \/ -40\u00a0<strong>\u00b0<\/strong>\u00a0F ~ 1832\u00a0<strong>\u00b0<\/strong>\u00a0F<\/td>\n<\/tr>\n<tr>\n<th style=\"text-align: left;\">Dioodi testimine<\/th>\n<td>Jah, 0 ~ 3 V<\/td>\n<\/tr>\n<tr>\n<th style=\"text-align: left;\">NCV<\/th>\n<td>Jah<\/td>\n<\/tr>\n<tr>\n<th style=\"text-align: left;\">Live test<\/th>\n<td>Jah<\/td>\n<\/tr>\n<tr>\n<th style=\"text-align: left;\">J\u00e4rjepidevus<\/th>\n<td>50 \uab65<\/td>\n<\/tr>\n<tr>\n<th style=\"text-align: left;\">Dioodi testimine<\/th>\n<td>Jah<\/td>\n<\/tr>\n<tr>\n<th style=\"text-align: left;\">J\u00e4rjepidevus<\/th>\n<td>Jah<\/td>\n<\/tr>\n<tr>\n<th style=\"text-align: left;\">Loendite arv<\/th>\n<td>6000<\/td>\n<\/tr>\n<tr>\n<th style=\"text-align: left;\">Ekraan<\/th>\n<td>TN<\/td>\n<\/tr>\n<tr>\n<th style=\"text-align: left;\">Andmekogu<\/th>\n<td>Jah<\/td>\n<\/tr>\n<tr>\n<th style=\"text-align: left;\">T\u00f5eline RMS<\/th>\n<td>Jah<\/td>\n<\/tr>\n<tr>\n<th style=\"text-align: left;\">L\u00e4bip\u00f5lenud kaitsme n\u00e4it<\/th>\n<td>Jah<\/td>\n<\/tr>\n<tr>\n<th style=\"text-align: left;\">Aku t\u00fchjenemise indikaator<\/th>\n<td>Jah<\/td>\n<\/tr>\n<tr>\n<th style=\"text-align: left;\">Automaatne v\u00e4ljal\u00fclitus<\/th>\n<td>Jah<\/td>\n<\/tr>\n<tr>\n<th>\n<p style=\"text-align: left;\">Jacki sisendpordi LED<\/p>\n<\/th>\n<td>Jah<\/td>\n<\/tr>\n<tr>\n<th style=\"text-align: left;\">Taustvalgus<\/th>\n<td>Jah<\/td>\n<\/tr>\n<tr>\n<th style=\"text-align: left;\">Taskulamp<\/th>\n<td>Jah<\/td>\n<\/tr>\n<tr>\n<th style=\"text-align: left;\">V\u00f5imsus<\/th>\n<td>4 x 1,5 V AAA patareid (ei kuulu komplekti)<\/td>\n<\/tr>\n<tr>\n<th style=\"text-align: left;\">Turvalisus<\/th>\n<td style=\"text-align: left;\">EN61010-1;<br \/>\nEN61326-1 CAT III 600V<\/td>\n<\/tr>\n<\/tbody>\n<\/table>\n","protected":false},"excerpt":{"rendered":"<p>Nutikas ja vastupidav. V\u00e4ike ja k\u00e4ep\u00e4rane \u2013 selle paksus on 25,7 mm. Varustatud suure ekraani ja silikoonnuppudega.<br \/>\nMultimeeter paistab silma oma uskumatu t\u00e4psusega. See m\u00f5\u00f5dab t\u00e4pselt muuhulgas vahelduv- ja alalispinget ja voolu, takistust ja mahtuvust. Samuti saate testida dioode, kontrollida j\u00e4rjepidevust ja tegelikku RMS v\u00e4\u00e4rtust. See v\u00f5imaldab ka mittekontaktse pinge tuvastamist (NCV). Sisseehitatud LED-taskulamp valgustab teid pimedas ruumides t\u00f6\u00f6tades. Pehme kaitse\u00fcmbris kaitseb seadet kahjustuste eest.<\/p>\n<p><img decoding=\"async\" class=\"alignnone size-full wp-image-21314\" src=\"https:\/\/westbalt.ee\/wp-content\/uploads\/2014\/09\/pdf.png\" alt=\"\" width=\"26\" height=\"26\" \/> <a href=\"https:\/\/www.westbalt.ee\/catalog\/pdf\/HT126A.pdf\" target=\"_blank\" rel=\"noopener\">HT126A.pdf<\/a><\/p>\n","protected":false},"featured_media":29594,"comment_status":"open","ping_status":"closed","template":"","meta":{"_acf_changed":false,"_monsterinsights_skip_tracking":false,"_monsterinsights_sitenote_active":false,"_monsterinsights_sitenote_note":"","_monsterinsights_sitenote_category":0},"pwb-brand":[],"product_brand":[],"product_cat":[302],"product_tag":[],"class_list":{"0":"post-29592","1":"product","2":"type-product","3":"status-publish","4":"has-post-thumbnail","6":"product_cat-multimeetrid","8":"first","9":"outofstock","10":"taxable","11":"shipping-taxable","12":"purchasable","13":"product-type-simple"},"acf":[],"aioseo_notices":[],"jetpack_sharing_enabled":true,"brands":[],"_links":{"self":[{"href":"https:\/\/westbalt.ee\/index.php?rest_route=\/wp\/v2\/product\/29592","targetHints":{"allow":["GET"]}}],"collection":[{"href":"https:\/\/westbalt.ee\/index.php?rest_route=\/wp\/v2\/product"}],"about":[{"href":"https:\/\/westbalt.ee\/index.php?rest_route=\/wp\/v2\/types\/product"}],"replies":[{"embeddable":true,"href":"https:\/\/westbalt.ee\/index.php?rest_route=%2Fwp%2Fv2%2Fcomments&post=29592"}],"wp:featuredmedia":[{"embeddable":true,"href":"https:\/\/westbalt.ee\/index.php?rest_route=\/wp\/v2\/media\/29594"}],"wp:attachment":[{"href":"https:\/\/westbalt.ee\/index.php?rest_route=%2Fwp%2Fv2%2Fmedia&parent=29592"}],"wp:term":[{"taxonomy":"pwb-brand","embeddable":true,"href":"https:\/\/westbalt.ee\/index.php?rest_route=%2Fwp%2Fv2%2Fpwb-brand&post=29592"},{"taxonomy":"product_brand","embeddable":true,"href":"https:\/\/westbalt.ee\/index.php?rest_route=%2Fwp%2Fv2%2Fproduct_brand&post=29592"},{"taxonomy":"product_cat","embeddable":true,"href":"https:\/\/westbalt.ee\/index.php?rest_route=%2Fwp%2Fv2%2Fproduct_cat&post=29592"},{"taxonomy":"product_tag","embeddable":true,"href":"https:\/\/westbalt.ee\/index.php?rest_route=%2Fwp%2Fv2%2Fproduct_tag&post=29592"}],"curies":[{"name":"wp","href":"https:\/\/api.w.org\/{rel}","templated":true}]}}