{"id":29635,"date":"2023-05-02T19:02:00","date_gmt":"2023-05-02T16:02:00","guid":{"rendered":"https:\/\/westbalt.ee\/?post_type=product&#038;p=29635"},"modified":"2026-03-21T19:45:21","modified_gmt":"2026-03-21T16:45:21","slug":"vorgutooriistade-kompl-telefoni-vorgu-koaksiaalkaablitele","status":"publish","type":"product","link":"https:\/\/westbalt.ee\/?product=vorgutooriistade-kompl-telefoni-vorgu-koaksiaalkaablitele","title":{"rendered":"V\u00f5rgut\u00f6\u00f6riistade kompl. telefoni-, v\u00f5rgu-, koaksiaalkaablitele"},"content":{"rendered":"","protected":false},"excerpt":{"rendered":"<p>Mugav komplekt, mis sisaldab telefoni- v\u00f5i v\u00f5rgukaabliga t\u00f6\u00f6tamiseks vajalikke t\u00f6\u00f6riistu.<br \/>\nKomplekt sisaldab:<br \/>\n\u2022 10 RJ-45 pistikut<br \/>\n\u2022 isolatsiooni eemaldaja koaksiaalkaablitele H155\/RG58\/RG59\/RG6\/3C2V\/4C2V\/5C2V<br \/>\n\u2022 v\u00f5rgujuhtmete isolatsioonieemaldaja<br \/>\n\u2022 v\u00f5rgu tester RJ-45 ja RJ-11<br \/>\n\u2022 LSA l\u00f6\u00f6knuga<br \/>\n\u2022 lapik kruvikeeraja<br \/>\n\u2022 ristkruvikeeraja<br \/>\n\u2022 presstangid RJ-11, RJ-12 ja RJ-45 pistikutele<\/p>\n","protected":false},"featured_media":29636,"comment_status":"open","ping_status":"closed","template":"","meta":{"_acf_changed":false,"_monsterinsights_skip_tracking":false,"_monsterinsights_sitenote_active":false,"_monsterinsights_sitenote_note":"","_monsterinsights_sitenote_category":0},"pwb-brand":[],"product_brand":[],"product_cat":[301],"product_tag":[],"class_list":{"0":"post-29635","1":"product","2":"type-product","3":"status-publish","4":"has-post-thumbnail","6":"product_cat-spets-m-teriistad","8":"first","9":"outofstock","10":"taxable","11":"shipping-taxable","12":"purchasable","13":"product-type-simple"},"acf":[],"aioseo_notices":[],"jetpack_sharing_enabled":true,"brands":[],"_links":{"self":[{"href":"https:\/\/westbalt.ee\/index.php?rest_route=\/wp\/v2\/product\/29635","targetHints":{"allow":["GET"]}}],"collection":[{"href":"https:\/\/westbalt.ee\/index.php?rest_route=\/wp\/v2\/product"}],"about":[{"href":"https:\/\/westbalt.ee\/index.php?rest_route=\/wp\/v2\/types\/product"}],"replies":[{"embeddable":true,"href":"https:\/\/westbalt.ee\/index.php?rest_route=%2Fwp%2Fv2%2Fcomments&post=29635"}],"wp:featuredmedia":[{"embeddable":true,"href":"https:\/\/westbalt.ee\/index.php?rest_route=\/wp\/v2\/media\/29636"}],"wp:attachment":[{"href":"https:\/\/westbalt.ee\/index.php?rest_route=%2Fwp%2Fv2%2Fmedia&parent=29635"}],"wp:term":[{"taxonomy":"pwb-brand","embeddable":true,"href":"https:\/\/westbalt.ee\/index.php?rest_route=%2Fwp%2Fv2%2Fpwb-brand&post=29635"},{"taxonomy":"product_brand","embeddable":true,"href":"https:\/\/westbalt.ee\/index.php?rest_route=%2Fwp%2Fv2%2Fproduct_brand&post=29635"},{"taxonomy":"product_cat","embeddable":true,"href":"https:\/\/westbalt.ee\/index.php?rest_route=%2Fwp%2Fv2%2Fproduct_cat&post=29635"},{"taxonomy":"product_tag","embeddable":true,"href":"https:\/\/westbalt.ee\/index.php?rest_route=%2Fwp%2Fv2%2Fproduct_tag&post=29635"}],"curies":[{"name":"wp","href":"https:\/\/api.w.org\/{rel}","templated":true}]}}