{"id":29783,"date":"2023-06-07T23:54:58","date_gmt":"2023-06-07T20:54:58","guid":{"rendered":"https:\/\/westbalt.ee\/?post_type=product&#038;p=29783"},"modified":"2026-04-02T09:54:53","modified_gmt":"2026-04-02T06:54:53","slug":"niiskuskindel-tihendusmass-elektriuhendustele-seal511-harukarp-jne","status":"publish","type":"product","link":"https:\/\/westbalt.ee\/?product=niiskuskindel-tihendusmass-elektriuhendustele-seal511-harukarp-jne","title":{"rendered":"Niiskuskindel tihendusmass elektri\u00fchendustele Seal511 (harukarp jne.)"},"content":{"rendered":"<p><iframe width=\"640\" height=\"360\" src=\"https:\/\/www.youtube.com\/embed\/sRxgf1z9wCY\" title=\"ANTICOR Seal 2015 PL\" frameborder=\"0\" allow=\"accelerometer; autoplay; clipboard-write; encrypted-media; gyroscope; picture-in-picture; web-share\" allowfullscreen><\/iframe><\/p>\n","protected":false},"excerpt":{"rendered":"<p>\u2022 S\u00fcnteetiline tihendussegu, p\u00fcsivalt plastiline, vastupidav niiskusele ja r\u00f5hu all olevale veele.<br \/>\n\u2022 K\u00f5rge nakkuvus betoon-, keraamiliste, metall- ja plastpindadega. See ei muuda oma omadusi kogu kasutusaja jooksul (ei k\u00f5vastu).<br \/>\n\u2022 T\u00f6\u00f6temperatuur: -15 kuni +50 \u00b0C<br \/>\n\u2022 Tihedus: 1,46 kg\/dm3<br \/>\n\u2022 L\u00e4bil\u00f6\u00f6gipinge: 7,2 kV\/mm<br \/>\n\u2022 Leekpunkt: >238 \u00b0C<br \/>\n\u2022 Enne kasutamist tuleb mass kuumutada temperatuurini 30\u00f740\u00b0C<\/p>\n","protected":false},"featured_media":29784,"comment_status":"open","ping_status":"closed","template":"","meta":{"_acf_changed":false,"_monsterinsights_skip_tracking":false,"_monsterinsights_sitenote_active":false,"_monsterinsights_sitenote_note":"","_monsterinsights_sitenote_category":0},"pwb-brand":[],"product_brand":[],"product_cat":[275],"product_tag":[],"class_list":{"0":"post-29783","1":"product","2":"type-product","3":"status-publish","4":"has-post-thumbnail","6":"product_cat-harukarbid","8":"first","9":"instock","10":"taxable","11":"shipping-taxable","12":"purchasable","13":"product-type-simple"},"acf":[],"aioseo_notices":[],"jetpack_sharing_enabled":true,"brands":[],"_links":{"self":[{"href":"https:\/\/westbalt.ee\/index.php?rest_route=\/wp\/v2\/product\/29783","targetHints":{"allow":["GET"]}}],"collection":[{"href":"https:\/\/westbalt.ee\/index.php?rest_route=\/wp\/v2\/product"}],"about":[{"href":"https:\/\/westbalt.ee\/index.php?rest_route=\/wp\/v2\/types\/product"}],"replies":[{"embeddable":true,"href":"https:\/\/westbalt.ee\/index.php?rest_route=%2Fwp%2Fv2%2Fcomments&post=29783"}],"wp:featuredmedia":[{"embeddable":true,"href":"https:\/\/westbalt.ee\/index.php?rest_route=\/wp\/v2\/media\/29784"}],"wp:attachment":[{"href":"https:\/\/westbalt.ee\/index.php?rest_route=%2Fwp%2Fv2%2Fmedia&parent=29783"}],"wp:term":[{"taxonomy":"pwb-brand","embeddable":true,"href":"https:\/\/westbalt.ee\/index.php?rest_route=%2Fwp%2Fv2%2Fpwb-brand&post=29783"},{"taxonomy":"product_brand","embeddable":true,"href":"https:\/\/westbalt.ee\/index.php?rest_route=%2Fwp%2Fv2%2Fproduct_brand&post=29783"},{"taxonomy":"product_cat","embeddable":true,"href":"https:\/\/westbalt.ee\/index.php?rest_route=%2Fwp%2Fv2%2Fproduct_cat&post=29783"},{"taxonomy":"product_tag","embeddable":true,"href":"https:\/\/westbalt.ee\/index.php?rest_route=%2Fwp%2Fv2%2Fproduct_tag&post=29783"}],"curies":[{"name":"wp","href":"https:\/\/api.w.org\/{rel}","templated":true}]}}