{"id":29851,"date":"2023-06-26T01:20:38","date_gmt":"2023-06-25T22:20:38","guid":{"rendered":"https:\/\/westbalt.ee\/?post_type=product&#038;p=29851"},"modified":"2026-03-21T19:53:09","modified_gmt":"2026-03-21T16:53:09","slug":"jootejaam-zd-8936-led-naidik-24v-60w-160-480c","status":"publish","type":"product","link":"https:\/\/westbalt.ee\/?product=jootejaam-zd-8936-led-naidik-24v-60w-160-480c","title":{"rendered":"Jootejaam ZD-8936 LED n\u00e4idik, 24V\/60W, 160-480\u00b0C"},"content":{"rendered":"<p>Toote parameetrid:<\/p>\n<p>&#8211; otsiku temperatuuri seadistamine vahemikus 50 kuni 480\u00b0C<br \/>\n&#8211; tagasisideandur, mis tagab, et otsiku seadistatud temperatuur ei k\u00f5iguks<br \/>\n&#8211; seadistatud ja tegeliku temperatuuri kuvamine<br \/>\n&#8211; kummist libisemiskindel k\u00e4epideme kate<br \/>\n&#8211; \u00fclil\u00fchike soojenemisaeg<br \/>\n&#8211; otsiku lihtne vahetamine<br \/>\n&#8211; ON\/OFF l\u00fcliti<br \/>\n&#8211; k\u00e4sn otsa p\u00fchkimiseks<br \/>\n&#8211; hoidik<\/p>\n<p>Tehnilised parameetrid:<\/p>\n<p>&#8211; toitepinge: 230V AC \/ 50Hz<br \/>\n&#8211; voolutarve: 60 W, l\u00fchiajaline soojenemise ajal max 120 W<br \/>\n&#8211; k\u00fcttekeha toitepinge: 24 V<br \/>\n&#8211; reguleeritav temperatuur: 50 &#8211; 480 \u00b0C<br \/>\n&#8211; kolmekohaline LED-ekraan<br \/>\n&#8211; kaal: 1,9kg<br \/>\n&#8211; m\u00f5\u00f5dud: 12,5cm (k) x 11cm (laius) x 15,5cm (s)<\/p>\n","protected":false},"excerpt":{"rendered":"<p>Seade on m\u00f5eldud pliivabaks jootmiseks temperatuurivahemikus 50 kuni 480\u00b0C. Seda juhib automaatselt mikroprotsessor. LED-ekraan n\u00e4itab nii tegelikku temperatuuri kui ka eelseadistatud otsiku temperatuuri. 24V k\u00fcttekeha v\u00f5imsuseks on 60W (soojenemisel v\u00f5ib see automaatselt t\u00f5usta 120W-ni). Seet\u00f5ttu kulub toatemperatuurilt 350 \u00b0C-ni soojenemiseks vaid umbes 30 sekundit.<\/p>\n","protected":false},"featured_media":29852,"comment_status":"open","ping_status":"closed","template":"","meta":{"_acf_changed":false,"_monsterinsights_skip_tracking":false,"_monsterinsights_sitenote_active":false,"_monsterinsights_sitenote_note":"","_monsterinsights_sitenote_category":0},"pwb-brand":[],"product_brand":[],"product_cat":[308],"product_tag":[],"class_list":{"0":"post-29851","1":"product","2":"type-product","3":"status-publish","4":"has-post-thumbnail","6":"product_cat-jootetarvikud","8":"first","9":"onbackorder","10":"taxable","11":"shipping-taxable","12":"purchasable","13":"product-type-simple"},"acf":[],"aioseo_notices":[],"jetpack_sharing_enabled":true,"brands":[],"_links":{"self":[{"href":"https:\/\/westbalt.ee\/index.php?rest_route=\/wp\/v2\/product\/29851","targetHints":{"allow":["GET"]}}],"collection":[{"href":"https:\/\/westbalt.ee\/index.php?rest_route=\/wp\/v2\/product"}],"about":[{"href":"https:\/\/westbalt.ee\/index.php?rest_route=\/wp\/v2\/types\/product"}],"replies":[{"embeddable":true,"href":"https:\/\/westbalt.ee\/index.php?rest_route=%2Fwp%2Fv2%2Fcomments&post=29851"}],"wp:featuredmedia":[{"embeddable":true,"href":"https:\/\/westbalt.ee\/index.php?rest_route=\/wp\/v2\/media\/29852"}],"wp:attachment":[{"href":"https:\/\/westbalt.ee\/index.php?rest_route=%2Fwp%2Fv2%2Fmedia&parent=29851"}],"wp:term":[{"taxonomy":"pwb-brand","embeddable":true,"href":"https:\/\/westbalt.ee\/index.php?rest_route=%2Fwp%2Fv2%2Fpwb-brand&post=29851"},{"taxonomy":"product_brand","embeddable":true,"href":"https:\/\/westbalt.ee\/index.php?rest_route=%2Fwp%2Fv2%2Fproduct_brand&post=29851"},{"taxonomy":"product_cat","embeddable":true,"href":"https:\/\/westbalt.ee\/index.php?rest_route=%2Fwp%2Fv2%2Fproduct_cat&post=29851"},{"taxonomy":"product_tag","embeddable":true,"href":"https:\/\/westbalt.ee\/index.php?rest_route=%2Fwp%2Fv2%2Fproduct_tag&post=29851"}],"curies":[{"name":"wp","href":"https:\/\/api.w.org\/{rel}","templated":true}]}}