{"id":29952,"date":"2023-07-17T18:23:24","date_gmt":"2023-07-17T15:23:24","guid":{"rendered":"https:\/\/westbalt.ee\/?post_type=product&#038;p=29952"},"modified":"2026-03-21T19:44:33","modified_gmt":"2026-03-21T16:44:33","slug":"pealamp-emos-cree-led-5w-230lm-li-pol-1200mah","status":"publish","type":"product","link":"https:\/\/westbalt.ee\/?product=pealamp-emos-cree-led-5w-230lm-li-pol-1200mah","title":{"rendered":"Pealamp EMOS CREE LED 5W, 230lm, Li-Pol 1200mAh"},"content":{"rendered":"<p>\u2022 Maksimaalne valgusv\u00f5imsus:\t230 lm<br \/>\n\u2022 Maksimaalne valgusvihu kaugus:\t80 m<br \/>\n\u2022 Valgusvihu nurk:\t30\u00b0<br \/>\n\u2022 Toiteallikas:\tLi-pol aku 1200 mAh (3,7 V)<br \/>\n\u2022 K\u00e4itusaeg:\t3-13 tundi<br \/>\n\u2022 Laadimisaeg:\t3 tundi<br \/>\n\u2022 Toitepistiku t\u00fc\u00fcp:\tmikro-USB B toitekaabel kaasas<\/p>\n","protected":false},"excerpt":{"rendered":"<p>Taaslaetav ja l\u00f6\u00f6gikindel 5 W CREE LED-pealamp on ideaalne abimees k\u00f5ikjal, kus vajate valgust ja kui teil pole k\u00e4ed vabad. Kaasas kvaliteetne helkurpael.<\/p>\n","protected":false},"featured_media":29953,"comment_status":"open","ping_status":"closed","template":"","meta":{"_acf_changed":false,"_monsterinsights_skip_tracking":false,"_monsterinsights_sitenote_active":false,"_monsterinsights_sitenote_note":"","_monsterinsights_sitenote_category":0},"pwb-brand":[2437],"product_brand":[],"product_cat":[161],"product_tag":[],"class_list":{"0":"post-29952","1":"product","2":"type-product","3":"status-publish","4":"has-post-thumbnail","6":"pwb-brand-emos","7":"product_cat-taskulambid-kandelambid","9":"first","10":"instock","11":"taxable","12":"shipping-taxable","13":"purchasable","14":"product-type-simple"},"acf":[],"aioseo_notices":[],"jetpack_sharing_enabled":true,"brands":[{"id":2437,"name":"EMOS","slug":"emos"}],"_links":{"self":[{"href":"https:\/\/westbalt.ee\/index.php?rest_route=\/wp\/v2\/product\/29952","targetHints":{"allow":["GET"]}}],"collection":[{"href":"https:\/\/westbalt.ee\/index.php?rest_route=\/wp\/v2\/product"}],"about":[{"href":"https:\/\/westbalt.ee\/index.php?rest_route=\/wp\/v2\/types\/product"}],"replies":[{"embeddable":true,"href":"https:\/\/westbalt.ee\/index.php?rest_route=%2Fwp%2Fv2%2Fcomments&post=29952"}],"wp:featuredmedia":[{"embeddable":true,"href":"https:\/\/westbalt.ee\/index.php?rest_route=\/wp\/v2\/media\/29953"}],"wp:attachment":[{"href":"https:\/\/westbalt.ee\/index.php?rest_route=%2Fwp%2Fv2%2Fmedia&parent=29952"}],"wp:term":[{"taxonomy":"pwb-brand","embeddable":true,"href":"https:\/\/westbalt.ee\/index.php?rest_route=%2Fwp%2Fv2%2Fpwb-brand&post=29952"},{"taxonomy":"product_brand","embeddable":true,"href":"https:\/\/westbalt.ee\/index.php?rest_route=%2Fwp%2Fv2%2Fproduct_brand&post=29952"},{"taxonomy":"product_cat","embeddable":true,"href":"https:\/\/westbalt.ee\/index.php?rest_route=%2Fwp%2Fv2%2Fproduct_cat&post=29952"},{"taxonomy":"product_tag","embeddable":true,"href":"https:\/\/westbalt.ee\/index.php?rest_route=%2Fwp%2Fv2%2Fproduct_tag&post=29952"}],"curies":[{"name":"wp","href":"https:\/\/api.w.org\/{rel}","templated":true}]}}