{"id":29961,"date":"2023-07-17T23:40:28","date_gmt":"2023-07-17T20:40:28","guid":{"rendered":"https:\/\/westbalt.ee\/?post_type=product&#038;p=29961"},"modified":"2026-03-21T19:52:06","modified_gmt":"2026-03-21T16:52:06","slug":"sise-valis-termomeeter-emos-40-60c-2xaaa-andur-2m","status":"publish","type":"product","link":"https:\/\/westbalt.ee\/?product=sise-valis-termomeeter-emos-40-60c-2xaaa-andur-2m","title":{"rendered":"Sise\/v\u00e4lis termomeeter Emos -40&#8230;+60\u00b0C, 2xAAA, andur 2m"},"content":{"rendered":"","protected":false},"excerpt":{"rendered":"<p>\u2022 kasutamiseks koduses majapidamises in\/out termomeeter LCD-tablooga<br \/>\n\u2022 lauapealne v\u00f5i seinale paigaldatav<br \/>\n\u2022 temperatuuri h\u00e4irenivoo sisestamine<br \/>\n\u2022 temperatuur: sise 0\u00b0C &#8230;+60\u00b0C, v\u00e4lis -40\u00b0C &#8230;+60\u00b0C<br \/>\n\u2022 eraldus: 0.1\u00b0C<br \/>\n\u2022 anduri kaabli pikkus: 2m<br \/>\n\u2022 ekraan: 34 x 40mm (1.18&#8243; x 1.57&#8243;)<br \/>\n\u2022 m\u00f5\u00f5dud: 18 \u00d7 57 \u00d7 85 mm<br \/>\n\u2022 toide: 2 \u00d7 1,5 V AAA (ei kuulu komplekti)<\/p>\n","protected":false},"featured_media":29965,"comment_status":"open","ping_status":"closed","template":"","meta":{"_acf_changed":false,"_monsterinsights_skip_tracking":false,"_monsterinsights_sitenote_active":false,"_monsterinsights_sitenote_note":"","_monsterinsights_sitenote_category":0},"pwb-brand":[2437],"product_brand":[],"product_cat":[305],"product_tag":[],"class_list":{"0":"post-29961","1":"product","2":"type-product","3":"status-publish","4":"has-post-thumbnail","6":"pwb-brand-emos","7":"product_cat-termomeetrid","9":"first","10":"instock","11":"taxable","12":"shipping-taxable","13":"purchasable","14":"product-type-simple"},"acf":[],"aioseo_notices":[],"jetpack_sharing_enabled":true,"brands":[{"id":2437,"name":"EMOS","slug":"emos"}],"_links":{"self":[{"href":"https:\/\/westbalt.ee\/index.php?rest_route=\/wp\/v2\/product\/29961","targetHints":{"allow":["GET"]}}],"collection":[{"href":"https:\/\/westbalt.ee\/index.php?rest_route=\/wp\/v2\/product"}],"about":[{"href":"https:\/\/westbalt.ee\/index.php?rest_route=\/wp\/v2\/types\/product"}],"replies":[{"embeddable":true,"href":"https:\/\/westbalt.ee\/index.php?rest_route=%2Fwp%2Fv2%2Fcomments&post=29961"}],"wp:featuredmedia":[{"embeddable":true,"href":"https:\/\/westbalt.ee\/index.php?rest_route=\/wp\/v2\/media\/29965"}],"wp:attachment":[{"href":"https:\/\/westbalt.ee\/index.php?rest_route=%2Fwp%2Fv2%2Fmedia&parent=29961"}],"wp:term":[{"taxonomy":"pwb-brand","embeddable":true,"href":"https:\/\/westbalt.ee\/index.php?rest_route=%2Fwp%2Fv2%2Fpwb-brand&post=29961"},{"taxonomy":"product_brand","embeddable":true,"href":"https:\/\/westbalt.ee\/index.php?rest_route=%2Fwp%2Fv2%2Fproduct_brand&post=29961"},{"taxonomy":"product_cat","embeddable":true,"href":"https:\/\/westbalt.ee\/index.php?rest_route=%2Fwp%2Fv2%2Fproduct_cat&post=29961"},{"taxonomy":"product_tag","embeddable":true,"href":"https:\/\/westbalt.ee\/index.php?rest_route=%2Fwp%2Fv2%2Fproduct_tag&post=29961"}],"curies":[{"name":"wp","href":"https:\/\/api.w.org\/{rel}","templated":true}]}}