{"id":30218,"date":"2023-08-31T23:13:47","date_gmt":"2023-08-31T20:13:47","guid":{"rendered":"https:\/\/westbalt.ee\/?post_type=product&#038;p=30218"},"modified":"2026-03-21T19:48:39","modified_gmt":"2026-03-21T16:48:39","slug":"kuumaohupustol-zd-511","status":"publish","type":"product","link":"https:\/\/westbalt.ee\/?product=kuumaohupustol-zd-511","title":{"rendered":"Kuuma\u00f5hup\u00fcstol ZD-511"},"content":{"rendered":"","protected":false},"excerpt":{"rendered":"<p>\u2022 Toitepinge: 220-240V AC \/ 50Hz<br \/>\n\u2022 Voolutarve: 300 W (20W\/300W)<br \/>\n\u2022 Kolme asendiga l\u00fcliti (kuum \u00f5hk, \u00f5hu juurdevool, v\u00e4ljas)<br \/>\n\u2022 Kuuma \u00f5hu temperatuur: ca 300\u00b0C<br \/>\n\u2022 Temperatuuri kaitse<br \/>\n\u2022 T\u00f6\u00f6intervall: 2-3 minutit<br \/>\n\u2022 Materjal: ABS, roostevaba teras<br \/>\n\u2022 Tarnekomplekt: kuuma\u00f5hup\u00fcstol, 5 vahetatavat otsikut<\/p>\n","protected":false},"featured_media":30219,"comment_status":"open","ping_status":"closed","template":"","meta":{"_acf_changed":false,"_monsterinsights_skip_tracking":false,"_monsterinsights_sitenote_active":false,"_monsterinsights_sitenote_note":"","_monsterinsights_sitenote_category":0},"pwb-brand":[],"product_brand":[],"product_cat":[308],"product_tag":[],"class_list":{"0":"post-30218","1":"product","2":"type-product","3":"status-publish","4":"has-post-thumbnail","6":"product_cat-jootetarvikud","8":"first","9":"instock","10":"taxable","11":"shipping-taxable","12":"purchasable","13":"product-type-simple"},"acf":[],"aioseo_notices":[],"jetpack_sharing_enabled":true,"brands":[],"_links":{"self":[{"href":"https:\/\/westbalt.ee\/index.php?rest_route=\/wp\/v2\/product\/30218","targetHints":{"allow":["GET"]}}],"collection":[{"href":"https:\/\/westbalt.ee\/index.php?rest_route=\/wp\/v2\/product"}],"about":[{"href":"https:\/\/westbalt.ee\/index.php?rest_route=\/wp\/v2\/types\/product"}],"replies":[{"embeddable":true,"href":"https:\/\/westbalt.ee\/index.php?rest_route=%2Fwp%2Fv2%2Fcomments&post=30218"}],"wp:featuredmedia":[{"embeddable":true,"href":"https:\/\/westbalt.ee\/index.php?rest_route=\/wp\/v2\/media\/30219"}],"wp:attachment":[{"href":"https:\/\/westbalt.ee\/index.php?rest_route=%2Fwp%2Fv2%2Fmedia&parent=30218"}],"wp:term":[{"taxonomy":"pwb-brand","embeddable":true,"href":"https:\/\/westbalt.ee\/index.php?rest_route=%2Fwp%2Fv2%2Fpwb-brand&post=30218"},{"taxonomy":"product_brand","embeddable":true,"href":"https:\/\/westbalt.ee\/index.php?rest_route=%2Fwp%2Fv2%2Fproduct_brand&post=30218"},{"taxonomy":"product_cat","embeddable":true,"href":"https:\/\/westbalt.ee\/index.php?rest_route=%2Fwp%2Fv2%2Fproduct_cat&post=30218"},{"taxonomy":"product_tag","embeddable":true,"href":"https:\/\/westbalt.ee\/index.php?rest_route=%2Fwp%2Fv2%2Fproduct_tag&post=30218"}],"curies":[{"name":"wp","href":"https:\/\/api.w.org\/{rel}","templated":true}]}}