{"id":30235,"date":"2023-09-03T23:14:15","date_gmt":"2023-09-03T20:14:15","guid":{"rendered":"https:\/\/westbalt.ee\/?post_type=product&#038;p=30235"},"modified":"2026-03-21T19:55:25","modified_gmt":"2026-03-21T16:55:25","slug":"termostaat-50-110c-12vdc-ntc-andur-10k-hadex","status":"publish","type":"product","link":"https:\/\/westbalt.ee\/?product=termostaat-50-110c-12vdc-ntc-andur-10k-hadex","title":{"rendered":"Termostaat -50..+110\u00b0C, 12VDC, NTC andur 10K, HADEX"},"content":{"rendered":"<p>Tehnilised parameetrid:<\/p>\n<p>&#8211; temperatuuri m\u00f5\u00f5tmise vahemik: -50 \u00b0 C kuni 110 \u00b0 C<br \/>\n&#8211; m\u00f5\u00f5tmise samm: 0,1 \u00b0 C<br \/>\n&#8211; t\u00e4psus: 0,1 \u00b0 C<br \/>\n&#8211; reguleeritav h\u00fcsterees: 0,1% ~ 30%<br \/>\n&#8211; temperatuuri kalibreerimine: -10 \u00b0 kuni + 10 \u00b0<br \/>\n&#8211; v\u00e4rskendussagedus: 0,05s<br \/>\n&#8211; toitepinge: DC12V \/ 90mA<br \/>\n&#8211; relee l\u00fclituskontakt: 250VAC \/ 5A<br \/>\n&#8211; m\u00f5\u00f5teelement: NTC (10K 0,5%), pikkus 30cm, veekindel<br \/>\n&#8211; termostaati saab kasutada nii jahutusre\u017eiimis kui ka k\u00fcttere\u017eiimis<br \/>\n&#8211; kinnitusava: 45 \u00d7 26mm s\u00fcgavus: 30mm<\/p>\n<p>Kasutusjuhend:<\/p>\n<p>L\u00fchike SET-nupu vajutus vilgub seadistatud temperatuur, seadistage soovitud temperatuuri SET (\u00fcles) v\u00f5i \u00b0 C \/ F (alla) nupuga.<br \/>\nIga vajutus muudab temperatuuri 0,1 \u00b0 C v\u00f5rra, pikk vajutus v\u00f5imaldab kiirendatud muutust.<br \/>\nParameetrid salvestatakse 5 sekundi jooksul (n\u00e4idik l\u00f5petab vilkumise).<\/p>\n<p>Pikaajaline SET-nupu vajutus v\u00f5imaldab valida parameetrid P0 ~ P8.<br \/>\nSamaaegne l\u00fchike (0,5 s) nuppude SET ja \u00b0 C \/ F vajutus kuvab v\u00e4\u00e4rtuse kuvari allosas. 5 sekundi p\u00e4rast v\u00e4\u00e4rtused salvestatakse ja tetmostaat l\u00fclitub t\u00f6\u00f6re\u017eiimi.<\/p>\n<p>P0 &#8211; re\u017eiimi valik, C (jahutus), H (k\u00fcte), tehaseseadistus = C<br \/>\nP1 &#8211; h\u00fcsterees, 0,1 \u00b0 C ~ 30 \u00b0 C<br \/>\nP2 &#8211; \u00fclemine temperatuuri seadistuspiir, tehases 110 \u00b0 C<br \/>\nP3 &#8211; seadistatud temperatuuri alumine piir, tehas -50 \u00b0 C<br \/>\nP4 &#8211; \u00fcmbritseva \u00f5hu temperatuuri kalibreerimine -10,0 \u00b0 C ~ 10,0 \u00b0 C, tehases 0 \u00b0 C<br \/>\nP5 &#8211; mitte midagi<br \/>\nP6 &#8211; Sees \/ V\u00e4ljas, tehases V\u00e4ljas<br \/>\nP7 &#8211; Celsiuse \/ Fahrenheiti, tehase \u00b0 C<br \/>\nP8 &#8211; tehaseseadistus, Sees \/ V\u00e4ljas , tehases V\u00e4ljas<br \/>\nSalvestatud parameetrid s\u00e4ilivad ka p\u00e4rast toite v\u00e4ljal\u00fclitamist!<\/p>\n<p>Toode ei ole isetoimiv seade, see n\u00f5uab professionaalset kokkupanekut.<\/p>\n","protected":false},"excerpt":{"rendered":"<p>Lihtne termostaat, mis kuvab seatud ja hetketemperatuuri. Kompaktses paneelikorpuses. Andur 30cm.<\/p>\n","protected":false},"featured_media":30238,"comment_status":"open","ping_status":"closed","template":"","meta":{"_acf_changed":false,"_monsterinsights_skip_tracking":false,"_monsterinsights_sitenote_active":false,"_monsterinsights_sitenote_note":"","_monsterinsights_sitenote_category":0},"pwb-brand":[],"product_brand":[],"product_cat":[153],"product_tag":[],"class_list":{"0":"post-30235","1":"product","2":"type-product","3":"status-publish","4":"has-post-thumbnail","6":"product_cat-termostaadid","8":"first","9":"instock","10":"taxable","11":"shipping-taxable","12":"purchasable","13":"product-type-simple"},"acf":[],"aioseo_notices":[],"jetpack_sharing_enabled":true,"brands":[],"_links":{"self":[{"href":"https:\/\/westbalt.ee\/index.php?rest_route=\/wp\/v2\/product\/30235","targetHints":{"allow":["GET"]}}],"collection":[{"href":"https:\/\/westbalt.ee\/index.php?rest_route=\/wp\/v2\/product"}],"about":[{"href":"https:\/\/westbalt.ee\/index.php?rest_route=\/wp\/v2\/types\/product"}],"replies":[{"embeddable":true,"href":"https:\/\/westbalt.ee\/index.php?rest_route=%2Fwp%2Fv2%2Fcomments&post=30235"}],"wp:featuredmedia":[{"embeddable":true,"href":"https:\/\/westbalt.ee\/index.php?rest_route=\/wp\/v2\/media\/30238"}],"wp:attachment":[{"href":"https:\/\/westbalt.ee\/index.php?rest_route=%2Fwp%2Fv2%2Fmedia&parent=30235"}],"wp:term":[{"taxonomy":"pwb-brand","embeddable":true,"href":"https:\/\/westbalt.ee\/index.php?rest_route=%2Fwp%2Fv2%2Fpwb-brand&post=30235"},{"taxonomy":"product_brand","embeddable":true,"href":"https:\/\/westbalt.ee\/index.php?rest_route=%2Fwp%2Fv2%2Fproduct_brand&post=30235"},{"taxonomy":"product_cat","embeddable":true,"href":"https:\/\/westbalt.ee\/index.php?rest_route=%2Fwp%2Fv2%2Fproduct_cat&post=30235"},{"taxonomy":"product_tag","embeddable":true,"href":"https:\/\/westbalt.ee\/index.php?rest_route=%2Fwp%2Fv2%2Fproduct_tag&post=30235"}],"curies":[{"name":"wp","href":"https:\/\/api.w.org\/{rel}","templated":true}]}}