{"id":30299,"date":"2023-09-20T12:31:21","date_gmt":"2023-09-20T09:31:21","guid":{"rendered":"https:\/\/westbalt.ee\/?post_type=product&#038;p=30299"},"modified":"2026-03-21T19:51:06","modified_gmt":"2026-03-21T16:51:06","slug":"isereguleeruv-kuttekaabel-phc-16-16w-m-grand-meyer","status":"publish","type":"product","link":"https:\/\/westbalt.ee\/?product=isereguleeruv-kuttekaabel-phc-16-16w-m-grand-meyer","title":{"rendered":"Isereguleeruv k\u00fcttekaabel PHC-16 16W\/m Grand Meyer"},"content":{"rendered":"<p>PHC-16 k\u00fcttekaabli t\u00f6\u00f6p\u00f5him\u00f5te p\u00f5hineb pooljuhi omadusel v\u00e4hendada temperatuuri t\u00f5ustes oma elektrijuhtivust. Mida madalam on kaabli temperatuur, seda rohkem soojust see tekitab.<\/p>\n<p>PHC-16 kaabel on varjestatud, v\u00e4liskest on valmistatud pol\u00fcolefiinist, mis v\u00f5imaldab selle torujuhtme sees asetada.<\/p>\n<p>Omadused<br \/>\n\u2022 Pinge:\t230 V<br \/>\n\u2022 Isolatsiooni materjal:\tpol\u00fcolefiin<br \/>\n\u2022 Tootja riik:\tHolland<br \/>\n\u2022 Maksimaalne temperatuur:\t65 \u00b0C<br \/>\n\u2022 Max pikkus:\t120 m<br \/>\n\u2022 V\u00f5imsus\t16 W\/m<br \/>\n\u2022 Kaabli l\u00e4bim\u00f5\u00f5t\t8,5 x 5,5 mm<\/p>\n","protected":false},"excerpt":{"rendered":"<p>Toruk\u00fcttekaabel PHC-16 on usaldusv\u00e4\u00e4rne lahendus erineva pikkuse ja l\u00e4bim\u00f5\u00f5duga metallist ja pol\u00fcet\u00fcleenist k\u00fclmaveetorude soojendamise probleemile. S\u00fcsteem on t\u00e4iesti ohutu ja \u00f6konoomne. K\u00fcttekaabel ise on kaitstud vastupidava ekraaniga ning isolatsioon on valmistatud pol\u00fcolefiinist.<\/p>\n","protected":false},"featured_media":30300,"comment_status":"open","ping_status":"closed","template":"","meta":{"_acf_changed":false,"_monsterinsights_skip_tracking":false,"_monsterinsights_sitenote_active":false,"_monsterinsights_sitenote_note":"","_monsterinsights_sitenote_category":0},"pwb-brand":[],"product_brand":[],"product_cat":[155],"product_tag":[],"class_list":{"0":"post-30299","1":"product","2":"type-product","3":"status-publish","4":"has-post-thumbnail","6":"product_cat-kuttekaablid-ja-matid","8":"first","9":"instock","10":"taxable","11":"shipping-taxable","12":"purchasable","13":"product-type-simple"},"acf":[],"aioseo_notices":[],"jetpack_sharing_enabled":true,"brands":[],"_links":{"self":[{"href":"https:\/\/westbalt.ee\/index.php?rest_route=\/wp\/v2\/product\/30299","targetHints":{"allow":["GET"]}}],"collection":[{"href":"https:\/\/westbalt.ee\/index.php?rest_route=\/wp\/v2\/product"}],"about":[{"href":"https:\/\/westbalt.ee\/index.php?rest_route=\/wp\/v2\/types\/product"}],"replies":[{"embeddable":true,"href":"https:\/\/westbalt.ee\/index.php?rest_route=%2Fwp%2Fv2%2Fcomments&post=30299"}],"wp:featuredmedia":[{"embeddable":true,"href":"https:\/\/westbalt.ee\/index.php?rest_route=\/wp\/v2\/media\/30300"}],"wp:attachment":[{"href":"https:\/\/westbalt.ee\/index.php?rest_route=%2Fwp%2Fv2%2Fmedia&parent=30299"}],"wp:term":[{"taxonomy":"pwb-brand","embeddable":true,"href":"https:\/\/westbalt.ee\/index.php?rest_route=%2Fwp%2Fv2%2Fpwb-brand&post=30299"},{"taxonomy":"product_brand","embeddable":true,"href":"https:\/\/westbalt.ee\/index.php?rest_route=%2Fwp%2Fv2%2Fproduct_brand&post=30299"},{"taxonomy":"product_cat","embeddable":true,"href":"https:\/\/westbalt.ee\/index.php?rest_route=%2Fwp%2Fv2%2Fproduct_cat&post=30299"},{"taxonomy":"product_tag","embeddable":true,"href":"https:\/\/westbalt.ee\/index.php?rest_route=%2Fwp%2Fv2%2Fproduct_tag&post=30299"}],"curies":[{"name":"wp","href":"https:\/\/api.w.org\/{rel}","templated":true}]}}