{"id":30303,"date":"2023-09-20T14:33:18","date_gmt":"2023-09-20T11:33:18","guid":{"rendered":"https:\/\/westbalt.ee\/?post_type=product&#038;p=30303"},"modified":"2026-03-21T19:54:58","modified_gmt":"2026-03-21T16:54:58","slug":"isereguleeruv-kuttekaabel-devi-pipeheat-10-w-m-10-c","status":"publish","type":"product","link":"https:\/\/westbalt.ee\/?product=isereguleeruv-kuttekaabel-devi-pipeheat-10-w-m-10-c","title":{"rendered":"Isereguleeruv k\u00fcttekaabel DEVI-Pipeheat 10 W\/m (+10 \u00b0C)"},"content":{"rendered":"<p><a href=\"https:\/\/assets.danfoss.com\/documents\/65049\/AQ126586459446en-020501.pdf\">https:\/\/assets.danfoss.com\/documents\/65049\/AQ126586459446en-020501.pdf<\/a><\/p>\n<p><a href=\"https:\/\/assets.danfoss.com\/documents\/161972\/AB213486470193en-010104.pdf\">https:\/\/assets.danfoss.com\/documents\/161972\/AB213486470193en-010104.pdf<\/a><\/p>\n<p><a href=\"https:\/\/assets.danfoss.com\/documents\/283421\/AI319535978524en-010107.pdf\">https:\/\/assets.danfoss.com\/documents\/283421\/AI319535978524en-010107.pdf<\/a><\/p>\n","protected":false},"excerpt":{"rendered":"<p>Elektrijuhi isolatsioon: Ristseotud pol\u00fcolefiin<br \/>\nElektrijuhi t\u00fc\u00fcp: Tinatatud vasest<br \/>\nIP Kaitseaste 68<br \/>\nGarantii [Aastat] 5<br \/>\nJ\u00f5udeoleku temperatuur [\u00b0C] [Max] 65 \u00b0C<br \/>\nKaabli ekraan Alufoil 100%<br \/>\nKaabli k\u00f5rgus [mm] 5.3 mm<br \/>\nKaabli laius [mm] 7.7 mm<br \/>\nKaabli pikkus rullis [m] 100 m<br \/>\nKaabli t\u00fc\u00fcp Kahesooneline<br \/>\nKaabli v\u00f5imsus [W\/m@\u00b0C] 10W\/m@10\u00b0C<br \/>\nK\u00fcttep\u00f5him\u00f5te Isereguleeruv<br \/>\nPaigaldustemperatuur [\u00b0C] [Min] -5 \u00b0C<br \/>\nToitepinge [V] AC 230 V<br \/>\nT\u00e4itematerjal TPE<br \/>\nT\u00f6\u00f6temperatuur [\u00b0C] [Max] 65 \u00b0C<br \/>\nV\u00e4liskest TPE<br \/>\nHind antud \u00fchele meetrile.<\/p>\n","protected":false},"featured_media":30304,"comment_status":"open","ping_status":"closed","template":"","meta":{"_acf_changed":false,"_monsterinsights_skip_tracking":false,"_monsterinsights_sitenote_active":false,"_monsterinsights_sitenote_note":"","_monsterinsights_sitenote_category":0},"pwb-brand":[],"product_brand":[],"product_cat":[155],"product_tag":[],"class_list":{"0":"post-30303","1":"product","2":"type-product","3":"status-publish","4":"has-post-thumbnail","6":"product_cat-kuttekaablid-ja-matid","8":"first","9":"instock","10":"taxable","11":"shipping-taxable","12":"purchasable","13":"product-type-simple"},"acf":[],"aioseo_notices":[],"jetpack_sharing_enabled":true,"brands":[],"_links":{"self":[{"href":"https:\/\/westbalt.ee\/index.php?rest_route=\/wp\/v2\/product\/30303","targetHints":{"allow":["GET"]}}],"collection":[{"href":"https:\/\/westbalt.ee\/index.php?rest_route=\/wp\/v2\/product"}],"about":[{"href":"https:\/\/westbalt.ee\/index.php?rest_route=\/wp\/v2\/types\/product"}],"replies":[{"embeddable":true,"href":"https:\/\/westbalt.ee\/index.php?rest_route=%2Fwp%2Fv2%2Fcomments&post=30303"}],"wp:featuredmedia":[{"embeddable":true,"href":"https:\/\/westbalt.ee\/index.php?rest_route=\/wp\/v2\/media\/30304"}],"wp:attachment":[{"href":"https:\/\/westbalt.ee\/index.php?rest_route=%2Fwp%2Fv2%2Fmedia&parent=30303"}],"wp:term":[{"taxonomy":"pwb-brand","embeddable":true,"href":"https:\/\/westbalt.ee\/index.php?rest_route=%2Fwp%2Fv2%2Fpwb-brand&post=30303"},{"taxonomy":"product_brand","embeddable":true,"href":"https:\/\/westbalt.ee\/index.php?rest_route=%2Fwp%2Fv2%2Fproduct_brand&post=30303"},{"taxonomy":"product_cat","embeddable":true,"href":"https:\/\/westbalt.ee\/index.php?rest_route=%2Fwp%2Fv2%2Fproduct_cat&post=30303"},{"taxonomy":"product_tag","embeddable":true,"href":"https:\/\/westbalt.ee\/index.php?rest_route=%2Fwp%2Fv2%2Fproduct_tag&post=30303"}],"curies":[{"name":"wp","href":"https:\/\/api.w.org\/{rel}","templated":true}]}}