{"id":30375,"date":"2023-10-02T10:08:32","date_gmt":"2023-10-02T07:08:32","guid":{"rendered":"https:\/\/westbalt.ee\/?post_type=product&#038;p=30375"},"modified":"2026-03-21T19:36:14","modified_gmt":"2026-03-21T16:36:14","slug":"kaabli-labiviik-fix-gr-10mm-avale-7-6mm-kaablile-kumm","status":"publish","type":"product","link":"https:\/\/westbalt.ee\/?product=kaabli-labiviik-fix-gr-10mm-avale-7-6mm-kaablile-kumm","title":{"rendered":"Kaabli l\u00e4biviik FIX-GR 10mm avale, 7.6mm kaablile, kumm"},"content":{"rendered":"","protected":false},"excerpt":{"rendered":"<p>\u2022 Paneeli v\u00e4ljal\u00f5ike l\u00e4bim\u00f5\u00f5t 10 mm<br \/>\n\u2022 Ava l\u00e4bim\u00f5\u00f5t 7.6 mm<br \/>\n\u2022 Paneeli paksus max. 1,3 mm<br \/>\n\u2022 Paksus 6,8 mm<br \/>\n\u2022 Materjal: kumm<\/p>\n","protected":false},"featured_media":3618,"comment_status":"open","ping_status":"closed","template":"","meta":{"_acf_changed":false,"_monsterinsights_skip_tracking":false,"_monsterinsights_sitenote_active":false,"_monsterinsights_sitenote_note":"","_monsterinsights_sitenote_category":0},"pwb-brand":[],"product_brand":[],"product_cat":[288],"product_tag":[],"class_list":{"0":"post-30375","1":"product","2":"type-product","3":"status-publish","4":"has-post-thumbnail","6":"product_cat-kaablite-valjaviigud","8":"first","9":"instock","10":"taxable","11":"shipping-taxable","12":"purchasable","13":"product-type-simple"},"acf":[],"aioseo_notices":[],"jetpack_sharing_enabled":true,"brands":[],"_links":{"self":[{"href":"https:\/\/westbalt.ee\/index.php?rest_route=\/wp\/v2\/product\/30375","targetHints":{"allow":["GET"]}}],"collection":[{"href":"https:\/\/westbalt.ee\/index.php?rest_route=\/wp\/v2\/product"}],"about":[{"href":"https:\/\/westbalt.ee\/index.php?rest_route=\/wp\/v2\/types\/product"}],"replies":[{"embeddable":true,"href":"https:\/\/westbalt.ee\/index.php?rest_route=%2Fwp%2Fv2%2Fcomments&post=30375"}],"wp:featuredmedia":[{"embeddable":true,"href":"https:\/\/westbalt.ee\/index.php?rest_route=\/wp\/v2\/media\/3618"}],"wp:attachment":[{"href":"https:\/\/westbalt.ee\/index.php?rest_route=%2Fwp%2Fv2%2Fmedia&parent=30375"}],"wp:term":[{"taxonomy":"pwb-brand","embeddable":true,"href":"https:\/\/westbalt.ee\/index.php?rest_route=%2Fwp%2Fv2%2Fpwb-brand&post=30375"},{"taxonomy":"product_brand","embeddable":true,"href":"https:\/\/westbalt.ee\/index.php?rest_route=%2Fwp%2Fv2%2Fproduct_brand&post=30375"},{"taxonomy":"product_cat","embeddable":true,"href":"https:\/\/westbalt.ee\/index.php?rest_route=%2Fwp%2Fv2%2Fproduct_cat&post=30375"},{"taxonomy":"product_tag","embeddable":true,"href":"https:\/\/westbalt.ee\/index.php?rest_route=%2Fwp%2Fv2%2Fproduct_tag&post=30375"}],"curies":[{"name":"wp","href":"https:\/\/api.w.org\/{rel}","templated":true}]}}