{"id":35009,"date":"2023-12-17T16:14:27","date_gmt":"2023-12-17T13:14:27","guid":{"rendered":"https:\/\/westbalt.ee\/?post_type=product&#038;p=35009"},"modified":"2026-03-21T19:42:44","modified_gmt":"2026-03-21T16:42:44","slug":"kaablimargised-wik2-2-25mm2-200tk","status":"publish","type":"product","link":"https:\/\/westbalt.ee\/?product=kaablimargised-wik2-2-25mm2-200tk","title":{"rendered":"Kaablim\u00e4rgised WIK2 \u201c2\u201d 2,5mm2; 200tk"},"content":{"rendered":"<p>Need pealekl\u00f5psatavad juhtmem\u00e4rgised on m\u00f5eldud kinnitamiseks juba paigaldatud ja voolu all olevatele juhtmetele.<br \/>\nAinulaadsed haaratsid lukustuvad juhtme \u00fcmber, tagades kindla kinnituse, mis peab vastu p\u00f6\u00f6rlemisele ja vibratsioonile.<br \/>\nWIC juhtmem\u00e4rgiseid saab vajadusel h\u00f5lpsalt \u00fcksteise k\u00fclge kinnitada.<br \/>\nK\u00f5ik WIC juhtmem\u00e4rgised on halogeenivabad.<br \/>\nPaigaldamist saab teostada k\u00e4sitsi, kuid ergonoomilise ja kiire t\u00f6\u00f6tamise jaoks on soovitatav kasutada<br \/>\nWIC-adapterit. \u00dchte WIC-aplikaatorit saab kasutada igas suuruses WIC-m\u00e4rgiste paigaldamiseks.<\/p>\n","protected":false},"excerpt":{"rendered":"<p>S\u00fcmbolid: 2<br \/>\nJuhtme v\u00e4lisl\u00e4bim\u00f5\u00f5t: 2,8 \u2026 3,8 mm<br \/>\nJuhtme ristl\u00f5ige: 1,5 \u2026 2,5 mm\u00b2<br \/>\nMaterjal: pol\u00fcamiid<br \/>\nV\u00e4rv: kollane<br \/>\nT\u00f6\u00f6temperatuur: -40 \u2026 85 \u00b0 C<br \/>\nPikkus 3mm, Laius 5,6mm, K\u00f5rgus 7,1 mm<\/p>\n","protected":false},"featured_media":35010,"comment_status":"open","ping_status":"closed","template":"","meta":{"_acf_changed":false,"_monsterinsights_skip_tracking":false,"_monsterinsights_sitenote_active":false,"_monsterinsights_sitenote_note":"","_monsterinsights_sitenote_category":0},"pwb-brand":[2462],"product_brand":[],"product_cat":[287],"product_tag":[],"class_list":{"0":"post-35009","1":"product","2":"type-product","3":"status-publish","4":"has-post-thumbnail","6":"pwb-brand-hellermanntyton","7":"product_cat-kaablisidemed-kinnitusklambrid","9":"first","10":"instock","11":"taxable","12":"shipping-taxable","13":"purchasable","14":"product-type-simple"},"acf":[],"aioseo_notices":[],"jetpack_sharing_enabled":true,"brands":[{"id":2462,"name":"HELLERMANNTYTON","slug":"hellermanntyton"}],"_links":{"self":[{"href":"https:\/\/westbalt.ee\/index.php?rest_route=\/wp\/v2\/product\/35009","targetHints":{"allow":["GET"]}}],"collection":[{"href":"https:\/\/westbalt.ee\/index.php?rest_route=\/wp\/v2\/product"}],"about":[{"href":"https:\/\/westbalt.ee\/index.php?rest_route=\/wp\/v2\/types\/product"}],"replies":[{"embeddable":true,"href":"https:\/\/westbalt.ee\/index.php?rest_route=%2Fwp%2Fv2%2Fcomments&post=35009"}],"wp:featuredmedia":[{"embeddable":true,"href":"https:\/\/westbalt.ee\/index.php?rest_route=\/wp\/v2\/media\/35010"}],"wp:attachment":[{"href":"https:\/\/westbalt.ee\/index.php?rest_route=%2Fwp%2Fv2%2Fmedia&parent=35009"}],"wp:term":[{"taxonomy":"pwb-brand","embeddable":true,"href":"https:\/\/westbalt.ee\/index.php?rest_route=%2Fwp%2Fv2%2Fpwb-brand&post=35009"},{"taxonomy":"product_brand","embeddable":true,"href":"https:\/\/westbalt.ee\/index.php?rest_route=%2Fwp%2Fv2%2Fproduct_brand&post=35009"},{"taxonomy":"product_cat","embeddable":true,"href":"https:\/\/westbalt.ee\/index.php?rest_route=%2Fwp%2Fv2%2Fproduct_cat&post=35009"},{"taxonomy":"product_tag","embeddable":true,"href":"https:\/\/westbalt.ee\/index.php?rest_route=%2Fwp%2Fv2%2Fproduct_tag&post=35009"}],"curies":[{"name":"wp","href":"https:\/\/api.w.org\/{rel}","templated":true}]}}