{"id":35052,"date":"2023-12-26T00:29:45","date_gmt":"2023-12-25T21:29:45","guid":{"rendered":"https:\/\/westbalt.ee\/?post_type=product&#038;p=35052"},"modified":"2026-03-21T19:50:10","modified_gmt":"2026-03-21T16:50:10","slug":"toovalgusti-10w-950lm-led-laetav-ip65-brennenstuhl","status":"publish","type":"product","link":"https:\/\/westbalt.ee\/?product=toovalgusti-10w-950lm-led-laetav-ip65-brennenstuhl","title":{"rendered":"T\u00f6\u00f6valgusti 10W 950lm LED laetav IP65 Brennenstuhl"},"content":{"rendered":"<p>\u2022 Li-Ion aku 3,7V\/2,5Ah laadimisn\u00e4idikuga<br \/>\n\u2022 Valguse kestus kuni 12h<br \/>\n\u2022 Integreeritud USB Powerbank<br \/>\n\u2022 A\/C t\u00fc\u00fcpi USB laadimiskaabel<br \/>\n\u2022 V\u00e4rvitemperatuur: 6350 K<br \/>\n\u2022 Valgusvoog: 950lm<br \/>\n\u2022 Kaitseklass: IK08<br \/>\n\u2022 Laadimisaeg: 3 h<br \/>\n\u2022 Valgusulatus: 40 m<br \/>\n\u2022 K\u00f5rgus: 18 cm<br \/>\n\u2022 Pikkus: 9 cm<br \/>\n\u2022 Laius: 8,50 cm<br \/>\n\u2022 Kaal: 0,40 kg<\/p>\n","protected":false},"excerpt":{"rendered":"<p>T\u00e4nu stabiilsele klambris\u00fcsteemile saab kompaktset LED-t\u00f6\u00f6valgustit kinnitada t\u00f6\u00f6pindadele, torudele jne. Purunemis- ja l\u00f6\u00f6gikindel plastkorpus kaitseb LED-pro\u017eektorit kahjustuste eest.<\/p>\n","protected":false},"featured_media":35053,"comment_status":"open","ping_status":"closed","template":"","meta":{"_acf_changed":false,"_monsterinsights_skip_tracking":false,"_monsterinsights_sitenote_active":false,"_monsterinsights_sitenote_note":"","_monsterinsights_sitenote_category":0},"pwb-brand":[2448],"product_brand":[],"product_cat":[161],"product_tag":[],"class_list":{"0":"post-35052","1":"product","2":"type-product","3":"status-publish","4":"has-post-thumbnail","6":"pwb-brand-brennenstuhl","7":"product_cat-taskulambid-kandelambid","9":"first","10":"onbackorder","11":"taxable","12":"shipping-taxable","13":"purchasable","14":"product-type-simple"},"acf":[],"aioseo_notices":[],"jetpack_sharing_enabled":true,"brands":[{"id":2448,"name":"BRENNENSTUHL","slug":"brennenstuhl"}],"_links":{"self":[{"href":"https:\/\/westbalt.ee\/index.php?rest_route=\/wp\/v2\/product\/35052","targetHints":{"allow":["GET"]}}],"collection":[{"href":"https:\/\/westbalt.ee\/index.php?rest_route=\/wp\/v2\/product"}],"about":[{"href":"https:\/\/westbalt.ee\/index.php?rest_route=\/wp\/v2\/types\/product"}],"replies":[{"embeddable":true,"href":"https:\/\/westbalt.ee\/index.php?rest_route=%2Fwp%2Fv2%2Fcomments&post=35052"}],"wp:featuredmedia":[{"embeddable":true,"href":"https:\/\/westbalt.ee\/index.php?rest_route=\/wp\/v2\/media\/35053"}],"wp:attachment":[{"href":"https:\/\/westbalt.ee\/index.php?rest_route=%2Fwp%2Fv2%2Fmedia&parent=35052"}],"wp:term":[{"taxonomy":"pwb-brand","embeddable":true,"href":"https:\/\/westbalt.ee\/index.php?rest_route=%2Fwp%2Fv2%2Fpwb-brand&post=35052"},{"taxonomy":"product_brand","embeddable":true,"href":"https:\/\/westbalt.ee\/index.php?rest_route=%2Fwp%2Fv2%2Fproduct_brand&post=35052"},{"taxonomy":"product_cat","embeddable":true,"href":"https:\/\/westbalt.ee\/index.php?rest_route=%2Fwp%2Fv2%2Fproduct_cat&post=35052"},{"taxonomy":"product_tag","embeddable":true,"href":"https:\/\/westbalt.ee\/index.php?rest_route=%2Fwp%2Fv2%2Fproduct_tag&post=35052"}],"curies":[{"name":"wp","href":"https:\/\/api.w.org\/{rel}","templated":true}]}}