{"id":35083,"date":"2024-01-02T23:49:03","date_gmt":"2024-01-02T20:49:03","guid":{"rendered":"https:\/\/westbalt.ee\/?post_type=product&#038;p=35083"},"modified":"2026-03-21T19:45:00","modified_gmt":"2026-03-21T16:45:00","slug":"massiluliti-12-24v-200a-geti-gf-s02","status":"publish","type":"product","link":"https:\/\/westbalt.ee\/?product=massiluliti-12-24v-200a-geti-gf-s02","title":{"rendered":"Massil\u00fcliti 12\/24V 200A GETI GF-S02"},"content":{"rendered":"<p>\u2022 l\u00fclitusasendid: 1 \/ 1 ja 2 \/ 2 \/ OFF<br \/>\n\u2022 pinge: 12 &#8211; 48 V DC<br \/>\n\u2022 l\u00fchiajaline koormus: 1000A<br \/>\n\u2022 pikaajaline koormus: 200A<br \/>\n\u2022 isolatsioon: keraamiline<br \/>\n\u2022 kontaktid: 3x M8 mutriga<br \/>\n\u2022 kontaktmaterjal: tinatatud messing<br \/>\n\u2022 korpuse materjal: isekustuv ABS plastik<br \/>\n\u2022 m\u00f5\u00f5dud: 69 x 69 x 75 mm<br \/>\n\u2022 kaitseklass: IP20 (kasutamiseks siseruumides)<\/p>\n","protected":false},"excerpt":{"rendered":"<p>Vastupidavast ABS plastikust korpuses olevat neljaasendilist aku lahkl\u00fclitit kasutatakse 12-48V pingega alalisvooluahelate ohutuks l\u00fclitamiseks. Neli asendit v\u00f5imaldavad kahte akut iseseisvalt v\u00f5i samaaegselt l\u00fclitada.<\/p>\n","protected":false},"featured_media":35084,"comment_status":"open","ping_status":"closed","template":"","meta":{"_acf_changed":false,"_monsterinsights_skip_tracking":false,"_monsterinsights_sitenote_active":false,"_monsterinsights_sitenote_note":"","_monsterinsights_sitenote_category":0},"pwb-brand":[],"product_brand":[],"product_cat":[256],"product_tag":[],"class_list":{"0":"post-35083","1":"product","2":"type-product","3":"status-publish","4":"has-post-thumbnail","6":"product_cat-lulitid-surunupud","8":"first","9":"onbackorder","10":"taxable","11":"shipping-taxable","12":"purchasable","13":"product-type-simple"},"acf":[],"aioseo_notices":[],"jetpack_sharing_enabled":true,"brands":[],"_links":{"self":[{"href":"https:\/\/westbalt.ee\/index.php?rest_route=\/wp\/v2\/product\/35083","targetHints":{"allow":["GET"]}}],"collection":[{"href":"https:\/\/westbalt.ee\/index.php?rest_route=\/wp\/v2\/product"}],"about":[{"href":"https:\/\/westbalt.ee\/index.php?rest_route=\/wp\/v2\/types\/product"}],"replies":[{"embeddable":true,"href":"https:\/\/westbalt.ee\/index.php?rest_route=%2Fwp%2Fv2%2Fcomments&post=35083"}],"wp:featuredmedia":[{"embeddable":true,"href":"https:\/\/westbalt.ee\/index.php?rest_route=\/wp\/v2\/media\/35084"}],"wp:attachment":[{"href":"https:\/\/westbalt.ee\/index.php?rest_route=%2Fwp%2Fv2%2Fmedia&parent=35083"}],"wp:term":[{"taxonomy":"pwb-brand","embeddable":true,"href":"https:\/\/westbalt.ee\/index.php?rest_route=%2Fwp%2Fv2%2Fpwb-brand&post=35083"},{"taxonomy":"product_brand","embeddable":true,"href":"https:\/\/westbalt.ee\/index.php?rest_route=%2Fwp%2Fv2%2Fproduct_brand&post=35083"},{"taxonomy":"product_cat","embeddable":true,"href":"https:\/\/westbalt.ee\/index.php?rest_route=%2Fwp%2Fv2%2Fproduct_cat&post=35083"},{"taxonomy":"product_tag","embeddable":true,"href":"https:\/\/westbalt.ee\/index.php?rest_route=%2Fwp%2Fv2%2Fproduct_tag&post=35083"}],"curies":[{"name":"wp","href":"https:\/\/api.w.org\/{rel}","templated":true}]}}