{"id":35153,"date":"2024-01-19T18:56:44","date_gmt":"2024-01-19T15:56:44","guid":{"rendered":"https:\/\/westbalt.ee\/?post_type=product&#038;p=35153"},"modified":"2026-03-21T19:50:29","modified_gmt":"2026-03-21T16:50:29","slug":"juhtmevaba-laadija-5v-1500ma-valge","status":"publish","type":"product","link":"https:\/\/westbalt.ee\/?product=juhtmevaba-laadija-5v-1500ma-valge","title":{"rendered":"Juhtmevaba laadija  5V 1500mA valge"},"content":{"rendered":"","protected":false},"excerpt":{"rendered":"<p>K\u00f5igi juhtmevabade seadmete laadimiseks. Silikoonr\u00f5ngaga, mis ei lase telefonil \u00fcmber libiseda. LED-indikaator s\u00fcttib seadme laadimise ajal. \u00dchildub k\u00f5igi QI-toega seadmetega, nagu Android uusim p\u00f5lvkond, iPhone 8, 8S ja X. Sisend: 5V\/2A. Juhtmeta v\u00e4ljund: 5V\/1.5A.<\/p>\n","protected":false},"featured_media":35154,"comment_status":"open","ping_status":"closed","template":"","meta":{"_acf_changed":false,"_monsterinsights_skip_tracking":false,"_monsterinsights_sitenote_active":false,"_monsterinsights_sitenote_note":"","_monsterinsights_sitenote_category":0},"pwb-brand":[],"product_brand":[],"product_cat":[320],"product_tag":[],"class_list":{"0":"post-35153","1":"product","2":"type-product","3":"status-publish","4":"has-post-thumbnail","6":"product_cat-akulaadijad","8":"first","9":"instock","10":"taxable","11":"shipping-taxable","12":"purchasable","13":"product-type-simple"},"acf":[],"aioseo_notices":[],"jetpack_sharing_enabled":true,"brands":[],"_links":{"self":[{"href":"https:\/\/westbalt.ee\/index.php?rest_route=\/wp\/v2\/product\/35153","targetHints":{"allow":["GET"]}}],"collection":[{"href":"https:\/\/westbalt.ee\/index.php?rest_route=\/wp\/v2\/product"}],"about":[{"href":"https:\/\/westbalt.ee\/index.php?rest_route=\/wp\/v2\/types\/product"}],"replies":[{"embeddable":true,"href":"https:\/\/westbalt.ee\/index.php?rest_route=%2Fwp%2Fv2%2Fcomments&post=35153"}],"wp:featuredmedia":[{"embeddable":true,"href":"https:\/\/westbalt.ee\/index.php?rest_route=\/wp\/v2\/media\/35154"}],"wp:attachment":[{"href":"https:\/\/westbalt.ee\/index.php?rest_route=%2Fwp%2Fv2%2Fmedia&parent=35153"}],"wp:term":[{"taxonomy":"pwb-brand","embeddable":true,"href":"https:\/\/westbalt.ee\/index.php?rest_route=%2Fwp%2Fv2%2Fpwb-brand&post=35153"},{"taxonomy":"product_brand","embeddable":true,"href":"https:\/\/westbalt.ee\/index.php?rest_route=%2Fwp%2Fv2%2Fproduct_brand&post=35153"},{"taxonomy":"product_cat","embeddable":true,"href":"https:\/\/westbalt.ee\/index.php?rest_route=%2Fwp%2Fv2%2Fproduct_cat&post=35153"},{"taxonomy":"product_tag","embeddable":true,"href":"https:\/\/westbalt.ee\/index.php?rest_route=%2Fwp%2Fv2%2Fproduct_tag&post=35153"}],"curies":[{"name":"wp","href":"https:\/\/api.w.org\/{rel}","templated":true}]}}