{"id":35225,"date":"2024-02-02T15:29:56","date_gmt":"2024-02-02T12:29:56","guid":{"rendered":"https:\/\/westbalt.ee\/?post_type=product&#038;p=35225"},"modified":"2026-03-21T19:45:37","modified_gmt":"2026-03-21T16:45:37","slug":"ampertangid-va331a-500a-ac-mini","status":"publish","type":"product","link":"https:\/\/westbalt.ee\/?product=ampertangid-va331a-500a-ac-mini","title":{"rendered":"Ampertangid VA331A 500A AC mini"},"content":{"rendered":"<p>\u2022 Ekraan: 2000<br \/>\n\u2022 K\u00e4sitsi ulatuse m\u00e4\u00e4ramine<br \/>\n\u2022 L\u00f5ua maht: \uffe032mm<br \/>\n\u2022 Dioodi test<br \/>\n\u2022 J\u00e4rjepidevuse test<br \/>\n\u2022 Patarei t\u00fchjenemise indikaator<br \/>\n\u2022 Andmete hoidmine<br \/>\n\u2022 Taustvalgustus<br \/>\n\u2022 Toide: patarei 1,5 V x 2 (komplektis)<br \/>\n\u2022 M\u00f5\u00f5dud 174\u00d762\u00d732 mm<br \/>\n\u2022 Kaal 160 g (koos patareiga)<\/p>\n","protected":false},"excerpt":{"rendered":"<p>\u2022 Vahelduvvool 2A\/20A\/200A\/500A<br \/>\n\u2022 Alalisvoolupinge 200V \/ 600V<br \/>\n\u2022 Vahelduvpinge 200V \/ 600V<br \/>\n\u2022 Takistus 200\u03a9\/20K\u03a9<br \/>\n\u2022 Mahtuvus 200\u03bcF<\/p>\n","protected":false},"featured_media":35226,"comment_status":"open","ping_status":"closed","template":"","meta":{"_acf_changed":false,"_monsterinsights_skip_tracking":false,"_monsterinsights_sitenote_active":false,"_monsterinsights_sitenote_note":"","_monsterinsights_sitenote_category":0},"pwb-brand":[2441],"product_brand":[],"product_cat":[299],"product_tag":[],"class_list":{"0":"post-35225","1":"product","2":"type-product","3":"status-publish","4":"has-post-thumbnail","6":"pwb-brand-va","7":"product_cat-ampertangid","9":"first","10":"instock","11":"taxable","12":"shipping-taxable","13":"purchasable","14":"product-type-simple"},"acf":[],"aioseo_notices":[],"jetpack_sharing_enabled":true,"brands":[{"id":2441,"name":"V&amp;A","slug":"va"}],"_links":{"self":[{"href":"https:\/\/westbalt.ee\/index.php?rest_route=\/wp\/v2\/product\/35225","targetHints":{"allow":["GET"]}}],"collection":[{"href":"https:\/\/westbalt.ee\/index.php?rest_route=\/wp\/v2\/product"}],"about":[{"href":"https:\/\/westbalt.ee\/index.php?rest_route=\/wp\/v2\/types\/product"}],"replies":[{"embeddable":true,"href":"https:\/\/westbalt.ee\/index.php?rest_route=%2Fwp%2Fv2%2Fcomments&post=35225"}],"wp:featuredmedia":[{"embeddable":true,"href":"https:\/\/westbalt.ee\/index.php?rest_route=\/wp\/v2\/media\/35226"}],"wp:attachment":[{"href":"https:\/\/westbalt.ee\/index.php?rest_route=%2Fwp%2Fv2%2Fmedia&parent=35225"}],"wp:term":[{"taxonomy":"pwb-brand","embeddable":true,"href":"https:\/\/westbalt.ee\/index.php?rest_route=%2Fwp%2Fv2%2Fpwb-brand&post=35225"},{"taxonomy":"product_brand","embeddable":true,"href":"https:\/\/westbalt.ee\/index.php?rest_route=%2Fwp%2Fv2%2Fproduct_brand&post=35225"},{"taxonomy":"product_cat","embeddable":true,"href":"https:\/\/westbalt.ee\/index.php?rest_route=%2Fwp%2Fv2%2Fproduct_cat&post=35225"},{"taxonomy":"product_tag","embeddable":true,"href":"https:\/\/westbalt.ee\/index.php?rest_route=%2Fwp%2Fv2%2Fproduct_tag&post=35225"}],"curies":[{"name":"wp","href":"https:\/\/api.w.org\/{rel}","templated":true}]}}