{"id":35305,"date":"2024-02-19T23:45:58","date_gmt":"2024-02-19T20:45:58","guid":{"rendered":"https:\/\/westbalt.ee\/?post_type=product&#038;p=35305"},"modified":"2026-03-21T19:50:22","modified_gmt":"2026-03-21T16:50:22","slug":"ampertangid-va312-1000a-ac-automaatse-piirkonna-valikuga","status":"publish","type":"product","link":"https:\/\/westbalt.ee\/?product=ampertangid-va312-1000a-ac-automaatse-piirkonna-valikuga","title":{"rendered":"Ampertangid VA312 1000A AC, automaatse piirkonna valikuga"},"content":{"rendered":"<p>\u2022 Ekraan: 5999, LCD suurus 44\u00d723 mm<br \/>\n\u2022 Automaatne ulatuse m\u00e4\u00e4ramine<br \/>\n\u2022 Max\/Min v\u00e4\u00e4rtuse m\u00f5\u00f5tmine<br \/>\n\u2022 L\u00f5ua maht: \uffe040mm<br \/>\n\u2022 Dioodi test<br \/>\n\u2022 J\u00e4rjepidevuse test<br \/>\n\u2022 Patarei t\u00fchjenemise indikaator<br \/>\n\u2022 Andmete hoidmine<br \/>\n\u2022 Taustvalgustus<br \/>\n\u2022 Automaatne v\u00e4ljal\u00fclitus<br \/>\n\u2022 Toide: patarei 1,5 V x 3 (komplektis)<br \/>\n\u2022 M\u00f5\u00f5dud 225\u00d786\u00d732 mm<br \/>\n\u2022 Kaal 330 g (koos patareiga)<\/p>\n","protected":false},"excerpt":{"rendered":"<p>\u2022 Vahelduvvool 600A\u00b1(2,5%+5)<br \/>\n\u2022 Alalisvoolupinge 6V\/60V\/600V\u00b1(0,8%+5) \/ 1000 V\u00b1 (1%+2)<br \/>\n\u2022 Vahelduvpinge 6V\/60V\/600V\/700V\u00b1(1,2%+5)<br \/>\n\u2022 Takistus 600\/6K\/60K\/600K\/6M\u03a9\u00b1(1%+3) \/ 60M\u03a9\u00b1(5%+5)<br \/>\n\u2022 Mahtuvus 600nF\/6\u03bcF\/60\u03bcF\/600\u03bcF\/1000\u03bcF\u00b1(4%+5)<br \/>\n\u2022 Sagedus\t40\/600\/6K\/60K\/100KHZ\u00b1(0,1%+2)<br \/>\n\u2022 ADP m\u00f5\u00f5tmine\t600 mV\u00b1 (3%+5)<\/p>\n","protected":false},"featured_media":35306,"comment_status":"open","ping_status":"closed","template":"","meta":{"_acf_changed":false,"_monsterinsights_skip_tracking":false,"_monsterinsights_sitenote_active":false,"_monsterinsights_sitenote_note":"","_monsterinsights_sitenote_category":0},"pwb-brand":[2441],"product_brand":[],"product_cat":[299],"product_tag":[],"class_list":{"0":"post-35305","1":"product","2":"type-product","3":"status-publish","4":"has-post-thumbnail","6":"pwb-brand-va","7":"product_cat-ampertangid","9":"first","10":"instock","11":"taxable","12":"shipping-taxable","13":"purchasable","14":"product-type-simple"},"acf":[],"aioseo_notices":[],"jetpack_sharing_enabled":true,"brands":[{"id":2441,"name":"V&amp;A","slug":"va"}],"_links":{"self":[{"href":"https:\/\/westbalt.ee\/index.php?rest_route=\/wp\/v2\/product\/35305","targetHints":{"allow":["GET"]}}],"collection":[{"href":"https:\/\/westbalt.ee\/index.php?rest_route=\/wp\/v2\/product"}],"about":[{"href":"https:\/\/westbalt.ee\/index.php?rest_route=\/wp\/v2\/types\/product"}],"replies":[{"embeddable":true,"href":"https:\/\/westbalt.ee\/index.php?rest_route=%2Fwp%2Fv2%2Fcomments&post=35305"}],"wp:featuredmedia":[{"embeddable":true,"href":"https:\/\/westbalt.ee\/index.php?rest_route=\/wp\/v2\/media\/35306"}],"wp:attachment":[{"href":"https:\/\/westbalt.ee\/index.php?rest_route=%2Fwp%2Fv2%2Fmedia&parent=35305"}],"wp:term":[{"taxonomy":"pwb-brand","embeddable":true,"href":"https:\/\/westbalt.ee\/index.php?rest_route=%2Fwp%2Fv2%2Fpwb-brand&post=35305"},{"taxonomy":"product_brand","embeddable":true,"href":"https:\/\/westbalt.ee\/index.php?rest_route=%2Fwp%2Fv2%2Fproduct_brand&post=35305"},{"taxonomy":"product_cat","embeddable":true,"href":"https:\/\/westbalt.ee\/index.php?rest_route=%2Fwp%2Fv2%2Fproduct_cat&post=35305"},{"taxonomy":"product_tag","embeddable":true,"href":"https:\/\/westbalt.ee\/index.php?rest_route=%2Fwp%2Fv2%2Fproduct_tag&post=35305"}],"curies":[{"name":"wp","href":"https:\/\/api.w.org\/{rel}","templated":true}]}}