{"id":35597,"date":"2024-05-14T16:00:33","date_gmt":"2024-05-14T13:00:33","guid":{"rendered":"https:\/\/westbalt.ee\/?post_type=product&#038;p=35597"},"modified":"2026-03-21T19:41:45","modified_gmt":"2026-03-21T16:41:45","slug":"multilabiviik-ummargune-htl-40-10-o40-hall","status":"publish","type":"product","link":"https:\/\/westbalt.ee\/?product=multilabiviik-ummargune-htl-40-10-o40-hall","title":{"rendered":"Multil\u00e4biviik \u00fcmmargune HTL-40-10 \u00d840 hall"},"content":{"rendered":"","protected":false},"excerpt":{"rendered":"<p>Panel cutout diameter: 40mm<br \/>\nBody material: elastomer thermoplastic TPE<br \/>\nBody colour: light grey<br \/>\nPanel thickness: 1,5&#8230;5mm<br \/>\nNumber of holes: 10 (2,5-7mm 7pcs \/ 5,5-14mm 3pcs)<br \/>\nOperating temperature: -40&#8230;130\u00b0C<br \/>\nIP rating: IP67<\/p>\n","protected":false},"featured_media":35598,"comment_status":"open","ping_status":"closed","template":"","meta":{"_acf_changed":false,"_monsterinsights_skip_tracking":false,"_monsterinsights_sitenote_active":false,"_monsterinsights_sitenote_note":"","_monsterinsights_sitenote_category":0},"pwb-brand":[],"product_brand":[],"product_cat":[288],"product_tag":[],"class_list":{"0":"post-35597","1":"product","2":"type-product","3":"status-publish","4":"has-post-thumbnail","6":"product_cat-kaablite-valjaviigud","8":"first","9":"instock","10":"taxable","11":"shipping-taxable","12":"purchasable","13":"product-type-simple"},"acf":[],"aioseo_notices":[],"jetpack_sharing_enabled":true,"brands":[],"_links":{"self":[{"href":"https:\/\/westbalt.ee\/index.php?rest_route=\/wp\/v2\/product\/35597","targetHints":{"allow":["GET"]}}],"collection":[{"href":"https:\/\/westbalt.ee\/index.php?rest_route=\/wp\/v2\/product"}],"about":[{"href":"https:\/\/westbalt.ee\/index.php?rest_route=\/wp\/v2\/types\/product"}],"replies":[{"embeddable":true,"href":"https:\/\/westbalt.ee\/index.php?rest_route=%2Fwp%2Fv2%2Fcomments&post=35597"}],"wp:featuredmedia":[{"embeddable":true,"href":"https:\/\/westbalt.ee\/index.php?rest_route=\/wp\/v2\/media\/35598"}],"wp:attachment":[{"href":"https:\/\/westbalt.ee\/index.php?rest_route=%2Fwp%2Fv2%2Fmedia&parent=35597"}],"wp:term":[{"taxonomy":"pwb-brand","embeddable":true,"href":"https:\/\/westbalt.ee\/index.php?rest_route=%2Fwp%2Fv2%2Fpwb-brand&post=35597"},{"taxonomy":"product_brand","embeddable":true,"href":"https:\/\/westbalt.ee\/index.php?rest_route=%2Fwp%2Fv2%2Fproduct_brand&post=35597"},{"taxonomy":"product_cat","embeddable":true,"href":"https:\/\/westbalt.ee\/index.php?rest_route=%2Fwp%2Fv2%2Fproduct_cat&post=35597"},{"taxonomy":"product_tag","embeddable":true,"href":"https:\/\/westbalt.ee\/index.php?rest_route=%2Fwp%2Fv2%2Fproduct_tag&post=35597"}],"curies":[{"name":"wp","href":"https:\/\/api.w.org\/{rel}","templated":true}]}}