{"id":3568,"date":"2012-10-04T00:56:25","date_gmt":"2012-10-03T21:56:25","guid":{"rendered":"https:\/\/westbalt.ee\/?post_type=product&#038;p=3568"},"modified":"2026-03-21T19:38:16","modified_gmt":"2026-03-21T16:38:16","slug":"k-larikaabel-2x0-5mm2","status":"publish","type":"product","link":"https:\/\/westbalt.ee\/?product=k-larikaabel-2x0-5mm2","title":{"rendered":"K\u00f5larikaabel 2&#215;0,5mm2 (Cu) must\/punane Emos"},"content":{"rendered":"<p>Varjestamata kahesooneline kaabel l\u00e4bim\u00f5\u00f5duga 2 \u00d7 0,50 mm2. Isolatsioon on musta v\u00e4rvi, \u00fcks juhe on t\u00e4histatud punase triibuga. Kaabli \u00fcmbris on valmistatud PVC-st.<\/p>\n<p>Muud parameetrid<\/p>\n<div id=\"description-params\" class=\"box-detail__description__params box-detail__description__params--row\">\n<div class=\"box-detail__description__params__item\">\n<table class=\"table-params margin-bottom-20\">\n<tbody>\n<tr>\n<th>vasksoone l\u00e4bim\u00f5\u00f5t<\/th>\n<td>45 \u00d7 0,12 mm<\/td>\n<\/tr>\n<tr>\n<th>varjestus<\/th>\n<td>ei<\/td>\n<\/tr>\n<tr>\n<th>v\u00e4limine isolatsioon<\/th>\n<td>2 \u00d7 2,5 mm<\/td>\n<\/tr>\n<tr>\n<th>katte materjal<\/th>\n<td>PVC<\/td>\n<\/tr>\n<tr>\n<th>sisejuhi materjal<\/th>\n<td>vask (Cu)<\/td>\n<\/tr>\n<tr>\n<th>maksimaalne t\u00f6\u00f6pinge<\/th>\n<td>50 V<\/td>\n<\/tr>\n<tr>\n<th>mudel\/t\u00fc\u00fcp<\/th>\n<td>BCYH050BkR<\/td>\n<\/tr>\n<tr>\n<th>pakend &#8211; pool<\/th>\n<td>100 m<\/td>\n<\/tr>\n<\/tbody>\n<\/table>\n<\/div>\n<\/div>\n","protected":false},"excerpt":{"rendered":"<p>100m rull. Hinnad on toodud 1m kohta.<\/p>\n","protected":false},"featured_media":26002,"comment_status":"open","ping_status":"closed","template":"","meta":{"_acf_changed":false,"_monsterinsights_skip_tracking":false,"_monsterinsights_sitenote_active":false,"_monsterinsights_sitenote_note":"","_monsterinsights_sitenote_category":0},"pwb-brand":[2437],"product_brand":[],"product_cat":[293],"product_tag":[],"class_list":{"0":"post-3568","1":"product","2":"type-product","3":"status-publish","4":"has-post-thumbnail","6":"pwb-brand-emos","7":"product_cat-andmeside-ja-audio-kaablid","9":"first","10":"instock","11":"taxable","12":"shipping-taxable","13":"purchasable","14":"product-type-simple"},"acf":[],"aioseo_notices":[],"jetpack_sharing_enabled":true,"brands":[{"id":2437,"name":"EMOS","slug":"emos"}],"_links":{"self":[{"href":"https:\/\/westbalt.ee\/index.php?rest_route=\/wp\/v2\/product\/3568","targetHints":{"allow":["GET"]}}],"collection":[{"href":"https:\/\/westbalt.ee\/index.php?rest_route=\/wp\/v2\/product"}],"about":[{"href":"https:\/\/westbalt.ee\/index.php?rest_route=\/wp\/v2\/types\/product"}],"replies":[{"embeddable":true,"href":"https:\/\/westbalt.ee\/index.php?rest_route=%2Fwp%2Fv2%2Fcomments&post=3568"}],"wp:featuredmedia":[{"embeddable":true,"href":"https:\/\/westbalt.ee\/index.php?rest_route=\/wp\/v2\/media\/26002"}],"wp:attachment":[{"href":"https:\/\/westbalt.ee\/index.php?rest_route=%2Fwp%2Fv2%2Fmedia&parent=3568"}],"wp:term":[{"taxonomy":"pwb-brand","embeddable":true,"href":"https:\/\/westbalt.ee\/index.php?rest_route=%2Fwp%2Fv2%2Fpwb-brand&post=3568"},{"taxonomy":"product_brand","embeddable":true,"href":"https:\/\/westbalt.ee\/index.php?rest_route=%2Fwp%2Fv2%2Fproduct_brand&post=3568"},{"taxonomy":"product_cat","embeddable":true,"href":"https:\/\/westbalt.ee\/index.php?rest_route=%2Fwp%2Fv2%2Fproduct_cat&post=3568"},{"taxonomy":"product_tag","embeddable":true,"href":"https:\/\/westbalt.ee\/index.php?rest_route=%2Fwp%2Fv2%2Fproduct_tag&post=3568"}],"curies":[{"name":"wp","href":"https:\/\/api.w.org\/{rel}","templated":true}]}}