{"id":3605,"date":"2012-10-04T01:04:35","date_gmt":"2012-10-03T22:04:35","guid":{"rendered":"https:\/\/westbalt.ee\/?post_type=product&#038;p=3605"},"modified":"2026-03-21T19:39:08","modified_gmt":"2026-03-21T16:39:08","slug":"antennikaabel-rg58-50r","status":"publish","type":"product","link":"https:\/\/westbalt.ee\/?product=antennikaabel-rg58-50r","title":{"rendered":"Antennikaabel RG58 50R"},"content":{"rendered":"<p>\u2022 max. sumbumine 20 \u00b0C juures (dB\/100 m) 10 MHz:\t8.5<br \/>\n\u2022 max. sumbumine 20 \u00b0C juures (dB\/100 m) 100 MHz: \t14.2<br \/>\n\u2022 max. sumbumine 20 \u00b0C juures (dB\/100 m) 450 MHz:\t32.9<br \/>\n\u2022 max. sumbumine 20 \u00b0C juures (dB\/100 m) 650 MHz: \t47.2<br \/>\n\u2022 max. DC takistus 20 \u00b0C juures (Ohm\/km) &#8211; sisemine s\u00fcdamik:\t37.6<br \/>\n\u2022 max. Alalisvoolu takistus 20 \u00b0C juures (Ohm\/km) &#8211; v\u00e4limine s\u00fcdamik\t17.1<br \/>\n\u2022 min. painderaadius \u00fcks\/mitmekordne\t25\/50 mm<br \/>\n\u2022 min. tagasivoolukadu 20 \u00b0C juures (dB) 10 kuni 300 MHz:\t20<br \/>\n\u2022 min. tagasivoolukadu 20\u00b0C juures (dB) 300 kuni 600 MHz: \t18<br \/>\n\u2022 min. tagasivoolukadu 20 \u00b0C juures (dB) 600 kuni 900 MHz:\t16<br \/>\n\u2022 min. varjestuse sumbumine (dB) 10 ~ 800 MHz: \t65<br \/>\n\u2022 paigaldustemperatuur\t+5 \u00b0C kuni +60 \u00b0C<\/p>\n","protected":false},"excerpt":{"rendered":"<p>\u2022 kaabli l\u00e4bim\u00f5\u00f5t:\t5 mm<br \/>\n\u2022 sisejuhi l\u00e4bim\u00f5\u00f5t:\t17 \u00d7 0,19 mm<br \/>\n\u2022 sisejuhi materjal:\tkeerdunud juhtmed, vask (Cu)<br \/>\n\u2022 varjestuse ristl\u00f5ige: 112 \u00d7 0,12 mm\u00b2<br \/>\n\u2022 varjestuse materjal:\tvasega plakeeritud alumiinium (CCA)<br \/>\n\u2022 pakendi t\u00fc\u00fcp &#8211; pikkus\t500 m<br \/>\n\u2022 kaabli v\u00e4rv:\tmust<br \/>\n\u2022 kaabli isolatsiooni materjal:\tPVC<\/p>\n","protected":false},"featured_media":30474,"comment_status":"open","ping_status":"closed","template":"","meta":{"_acf_changed":false,"_monsterinsights_skip_tracking":false,"_monsterinsights_sitenote_active":false,"_monsterinsights_sitenote_note":"","_monsterinsights_sitenote_category":0},"pwb-brand":[],"product_brand":[],"product_cat":[293],"product_tag":[],"class_list":{"0":"post-3605","1":"product","2":"type-product","3":"status-publish","4":"has-post-thumbnail","6":"product_cat-andmeside-ja-audio-kaablid","7":"pa_m-dud-outside-oe5mm","8":"pa_varv-must","10":"first","11":"instock","12":"taxable","13":"shipping-taxable","14":"purchasable","15":"product-type-simple"},"acf":[],"aioseo_notices":[],"jetpack_sharing_enabled":true,"brands":[],"_links":{"self":[{"href":"https:\/\/westbalt.ee\/index.php?rest_route=\/wp\/v2\/product\/3605","targetHints":{"allow":["GET"]}}],"collection":[{"href":"https:\/\/westbalt.ee\/index.php?rest_route=\/wp\/v2\/product"}],"about":[{"href":"https:\/\/westbalt.ee\/index.php?rest_route=\/wp\/v2\/types\/product"}],"replies":[{"embeddable":true,"href":"https:\/\/westbalt.ee\/index.php?rest_route=%2Fwp%2Fv2%2Fcomments&post=3605"}],"wp:featuredmedia":[{"embeddable":true,"href":"https:\/\/westbalt.ee\/index.php?rest_route=\/wp\/v2\/media\/30474"}],"wp:attachment":[{"href":"https:\/\/westbalt.ee\/index.php?rest_route=%2Fwp%2Fv2%2Fmedia&parent=3605"}],"wp:term":[{"taxonomy":"pwb-brand","embeddable":true,"href":"https:\/\/westbalt.ee\/index.php?rest_route=%2Fwp%2Fv2%2Fpwb-brand&post=3605"},{"taxonomy":"product_brand","embeddable":true,"href":"https:\/\/westbalt.ee\/index.php?rest_route=%2Fwp%2Fv2%2Fproduct_brand&post=3605"},{"taxonomy":"product_cat","embeddable":true,"href":"https:\/\/westbalt.ee\/index.php?rest_route=%2Fwp%2Fv2%2Fproduct_cat&post=3605"},{"taxonomy":"product_tag","embeddable":true,"href":"https:\/\/westbalt.ee\/index.php?rest_route=%2Fwp%2Fv2%2Fproduct_tag&post=3605"}],"curies":[{"name":"wp","href":"https:\/\/api.w.org\/{rel}","templated":true}]}}