{"id":36239,"date":"2024-12-09T01:10:10","date_gmt":"2024-12-08T22:10:10","guid":{"rendered":"https:\/\/westbalt.ee\/?post_type=product&#038;p=36239"},"modified":"2026-03-21T19:51:07","modified_gmt":"2026-03-21T16:51:07","slug":"kontaktivaba-luliti-led-ribadele-12vdc-5a-60w-2m-kaabliga-gtv","status":"publish","type":"product","link":"https:\/\/westbalt.ee\/?product=kontaktivaba-luliti-led-ribadele-12vdc-5a-60w-2m-kaabliga-gtv","title":{"rendered":"Kontaktivaba l\u00fcliti LED-ribadele 12VDC 5A 60W 2m kaabliga GTV"},"content":{"rendered":"<p>&#8211;<\/p>\n","protected":false},"excerpt":{"rendered":"<p>Kontaktivaba l\u00fcliti paigaldamiseks profiili sisse. L\u00fcliti on varustatud 2-meetrise toitejuhtmega.  Sellel ei ole h\u00e4mardusfunktsiooni. T\u00f6\u00f6valmidust n\u00e4itab sinine LED. See h\u00f5lbustab ka l\u00fcliti leidmist \u00f6\u00f6sel.<\/p>\n","protected":false},"featured_media":36240,"comment_status":"open","ping_status":"closed","template":"","meta":{"_acf_changed":false,"_monsterinsights_skip_tracking":false,"_monsterinsights_sitenote_active":false,"_monsterinsights_sitenote_note":"","_monsterinsights_sitenote_category":0},"pwb-brand":[2445],"product_brand":[],"product_cat":[162],"product_tag":[],"class_list":{"0":"post-36239","1":"product","2":"type-product","3":"status-publish","4":"has-post-thumbnail","6":"pwb-brand-gtv","7":"product_cat-valgustite-komponendid","9":"first","10":"instock","11":"taxable","12":"shipping-taxable","13":"purchasable","14":"product-type-simple"},"acf":[],"aioseo_notices":[],"jetpack_sharing_enabled":true,"brands":[{"id":2445,"name":"GTV","slug":"gtv"}],"_links":{"self":[{"href":"https:\/\/westbalt.ee\/index.php?rest_route=\/wp\/v2\/product\/36239","targetHints":{"allow":["GET"]}}],"collection":[{"href":"https:\/\/westbalt.ee\/index.php?rest_route=\/wp\/v2\/product"}],"about":[{"href":"https:\/\/westbalt.ee\/index.php?rest_route=\/wp\/v2\/types\/product"}],"replies":[{"embeddable":true,"href":"https:\/\/westbalt.ee\/index.php?rest_route=%2Fwp%2Fv2%2Fcomments&post=36239"}],"wp:featuredmedia":[{"embeddable":true,"href":"https:\/\/westbalt.ee\/index.php?rest_route=\/wp\/v2\/media\/36240"}],"wp:attachment":[{"href":"https:\/\/westbalt.ee\/index.php?rest_route=%2Fwp%2Fv2%2Fmedia&parent=36239"}],"wp:term":[{"taxonomy":"pwb-brand","embeddable":true,"href":"https:\/\/westbalt.ee\/index.php?rest_route=%2Fwp%2Fv2%2Fpwb-brand&post=36239"},{"taxonomy":"product_brand","embeddable":true,"href":"https:\/\/westbalt.ee\/index.php?rest_route=%2Fwp%2Fv2%2Fproduct_brand&post=36239"},{"taxonomy":"product_cat","embeddable":true,"href":"https:\/\/westbalt.ee\/index.php?rest_route=%2Fwp%2Fv2%2Fproduct_cat&post=36239"},{"taxonomy":"product_tag","embeddable":true,"href":"https:\/\/westbalt.ee\/index.php?rest_route=%2Fwp%2Fv2%2Fproduct_tag&post=36239"}],"curies":[{"name":"wp","href":"https:\/\/api.w.org\/{rel}","templated":true}]}}