{"id":36431,"date":"2025-01-24T00:46:56","date_gmt":"2025-01-23T21:46:56","guid":{"rendered":"https:\/\/westbalt.ee\/?post_type=product&#038;p=36431"},"modified":"2026-03-21T19:52:29","modified_gmt":"2026-03-21T16:52:29","slug":"toiteplokk-led-lampidele-12vdc-8w-0-67a-ip42","status":"publish","type":"product","link":"https:\/\/westbalt.ee\/?product=toiteplokk-led-lampidele-12vdc-8w-0-67a-ip42","title":{"rendered":"Toiteplokk LED lampidele 12VDC  8W 0.67A IP42"},"content":{"rendered":"<p>&#8211;<\/p>\n","protected":false},"excerpt":{"rendered":"<p>\u2022 Juhtmed 150mm<br \/>\n\u2022 Sisendpinge 90&#8230;264V AC, 127&#8230;370V DC \/ V\u00e4ljundpinge 12V DC \/ 1,25A<br \/>\n\u2022 L\u00fchise, \u00fclekoormuse, \u00fclepinge eest kaitstud<br \/>\n\u2022 IP42<\/p>\n","protected":false},"featured_media":36433,"comment_status":"open","ping_status":"closed","template":"","meta":{"_acf_changed":false,"_monsterinsights_skip_tracking":false,"_monsterinsights_sitenote_active":false,"_monsterinsights_sitenote_note":"","_monsterinsights_sitenote_category":0},"pwb-brand":[2430],"product_brand":[],"product_cat":[149],"product_tag":[],"class_list":{"0":"post-36431","1":"product","2":"type-product","3":"status-publish","4":"has-post-thumbnail","6":"pwb-brand-mean-well","7":"product_cat-trafod","9":"first","10":"onbackorder","11":"taxable","12":"shipping-taxable","13":"purchasable","14":"product-type-simple"},"acf":[],"aioseo_notices":[],"jetpack_sharing_enabled":true,"brands":[{"id":2430,"name":"MEAN WELL","slug":"mean-well"}],"_links":{"self":[{"href":"https:\/\/westbalt.ee\/index.php?rest_route=\/wp\/v2\/product\/36431","targetHints":{"allow":["GET"]}}],"collection":[{"href":"https:\/\/westbalt.ee\/index.php?rest_route=\/wp\/v2\/product"}],"about":[{"href":"https:\/\/westbalt.ee\/index.php?rest_route=\/wp\/v2\/types\/product"}],"replies":[{"embeddable":true,"href":"https:\/\/westbalt.ee\/index.php?rest_route=%2Fwp%2Fv2%2Fcomments&post=36431"}],"wp:featuredmedia":[{"embeddable":true,"href":"https:\/\/westbalt.ee\/index.php?rest_route=\/wp\/v2\/media\/36433"}],"wp:attachment":[{"href":"https:\/\/westbalt.ee\/index.php?rest_route=%2Fwp%2Fv2%2Fmedia&parent=36431"}],"wp:term":[{"taxonomy":"pwb-brand","embeddable":true,"href":"https:\/\/westbalt.ee\/index.php?rest_route=%2Fwp%2Fv2%2Fpwb-brand&post=36431"},{"taxonomy":"product_brand","embeddable":true,"href":"https:\/\/westbalt.ee\/index.php?rest_route=%2Fwp%2Fv2%2Fproduct_brand&post=36431"},{"taxonomy":"product_cat","embeddable":true,"href":"https:\/\/westbalt.ee\/index.php?rest_route=%2Fwp%2Fv2%2Fproduct_cat&post=36431"},{"taxonomy":"product_tag","embeddable":true,"href":"https:\/\/westbalt.ee\/index.php?rest_route=%2Fwp%2Fv2%2Fproduct_tag&post=36431"}],"curies":[{"name":"wp","href":"https:\/\/api.w.org\/{rel}","templated":true}]}}