{"id":36692,"date":"2025-04-01T11:03:06","date_gmt":"2025-04-01T08:03:06","guid":{"rendered":"https:\/\/westbalt.ee\/?post_type=product&#038;p=36692"},"modified":"2026-03-21T19:50:13","modified_gmt":"2026-03-21T16:50:13","slug":"laua-sisse-suvistatav-pistikupesa-1p-16a-schuko-usb-5v-2a","status":"publish","type":"product","link":"https:\/\/westbalt.ee\/?product=laua-sisse-suvistatav-pistikupesa-1p-16a-schuko-usb-5v-2a","title":{"rendered":"Laua sisse s\u00fcvistatav pistikupesa 1P 16A SCHUKO + USB 5V\/2A"},"content":{"rendered":"<p>&#8211;<\/p>\n","protected":false},"excerpt":{"rendered":"<p>Kompaktne pistikupesa on ideaalne lahendus t\u00f6\u00f6laudades, noortetubades kui ka k\u00f6\u00f6kides. Toode tarnitakse koos 1,5-meetrise toitejuhtmega.<\/p>\n","protected":false},"featured_media":36693,"comment_status":"open","ping_status":"closed","template":"","meta":{"_acf_changed":false,"_monsterinsights_skip_tracking":false,"_monsterinsights_sitenote_active":false,"_monsterinsights_sitenote_note":"","_monsterinsights_sitenote_category":0},"pwb-brand":[2445],"product_brand":[],"product_cat":[272],"product_tag":[],"class_list":{"0":"post-36692","1":"product","2":"type-product","3":"status-publish","4":"has-post-thumbnail","6":"pwb-brand-gtv","7":"product_cat-pikendusjuhtmed","9":"first","10":"instock","11":"taxable","12":"shipping-taxable","13":"purchasable","14":"product-type-simple"},"acf":[],"aioseo_notices":[],"jetpack_sharing_enabled":true,"brands":[{"id":2445,"name":"GTV","slug":"gtv"}],"_links":{"self":[{"href":"https:\/\/westbalt.ee\/index.php?rest_route=\/wp\/v2\/product\/36692","targetHints":{"allow":["GET"]}}],"collection":[{"href":"https:\/\/westbalt.ee\/index.php?rest_route=\/wp\/v2\/product"}],"about":[{"href":"https:\/\/westbalt.ee\/index.php?rest_route=\/wp\/v2\/types\/product"}],"replies":[{"embeddable":true,"href":"https:\/\/westbalt.ee\/index.php?rest_route=%2Fwp%2Fv2%2Fcomments&post=36692"}],"wp:featuredmedia":[{"embeddable":true,"href":"https:\/\/westbalt.ee\/index.php?rest_route=\/wp\/v2\/media\/36693"}],"wp:attachment":[{"href":"https:\/\/westbalt.ee\/index.php?rest_route=%2Fwp%2Fv2%2Fmedia&parent=36692"}],"wp:term":[{"taxonomy":"pwb-brand","embeddable":true,"href":"https:\/\/westbalt.ee\/index.php?rest_route=%2Fwp%2Fv2%2Fpwb-brand&post=36692"},{"taxonomy":"product_brand","embeddable":true,"href":"https:\/\/westbalt.ee\/index.php?rest_route=%2Fwp%2Fv2%2Fproduct_brand&post=36692"},{"taxonomy":"product_cat","embeddable":true,"href":"https:\/\/westbalt.ee\/index.php?rest_route=%2Fwp%2Fv2%2Fproduct_cat&post=36692"},{"taxonomy":"product_tag","embeddable":true,"href":"https:\/\/westbalt.ee\/index.php?rest_route=%2Fwp%2Fv2%2Fproduct_tag&post=36692"}],"curies":[{"name":"wp","href":"https:\/\/api.w.org\/{rel}","templated":true}]}}