{"id":36786,"date":"2025-05-04T13:24:58","date_gmt":"2025-05-04T10:24:58","guid":{"rendered":"https:\/\/westbalt.ee\/?post_type=product&#038;p=36786"},"modified":"2026-03-21T19:54:06","modified_gmt":"2026-03-21T16:54:06","slug":"kaablitrumm-25m-3g2-5-pvc-punane","status":"publish","type":"product","link":"https:\/\/westbalt.ee\/?product=kaablitrumm-25m-3g2-5-pvc-punane","title":{"rendered":"Kaablitrumm 25m 3G2.5 PVC punane"},"content":{"rendered":"<p>Kasutage kaablirulli ja pikendusjuhet kuivades siseruumides. Kasutage ainult t\u00e4ies pikkuses poolilt maha keritud pikendusjuhet ja \u00e4rge \u00fcletage suurimat lubatud voolu. Kui<br \/>\npikendusjuhe ei t\u00f6\u00f6ta, siis v\u00f5is voolutugevus olla liiga suur, mille peale termokaitse katkestas elektriahela. Vajutage pooli korpusel olevat termokaitsme nuppu ja pikendusjuhe hakkab uuesti t\u00f6\u00f6le.<\/p>\n","protected":false},"excerpt":{"rendered":"<p>Pikkus\t25 meetrit<br \/>\nJuhtme ristl\u00f5ige\t2,5 mm\u00b2<br \/>\nPinge\t230 V<br \/>\nVool\t16 A<br \/>\nIP-kaitse\tIP20<br \/>\nPistikupesade arv\t4<br \/>\nIsolatsiooni t\u00fc\u00fcp\tPVC (H05VV-F3G)<br \/>\nMaksimaalne lahtirullitud koormus\t16 A \/ 3600 W<br \/>\nMaksimaalne rullkoormus\t 6 A \/ 1600 W<br \/>\nLastekaitse, termokaitse<\/p>\n","protected":false},"featured_media":36787,"comment_status":"open","ping_status":"closed","template":"","meta":{"_acf_changed":false,"_monsterinsights_skip_tracking":false,"_monsterinsights_sitenote_active":false,"_monsterinsights_sitenote_note":"","_monsterinsights_sitenote_category":0},"pwb-brand":[2437],"product_brand":[],"product_cat":[272],"product_tag":[],"class_list":{"0":"post-36786","1":"product","2":"type-product","3":"status-publish","4":"has-post-thumbnail","6":"pwb-brand-emos","7":"product_cat-pikendusjuhtmed","9":"first","10":"onbackorder","11":"taxable","12":"shipping-taxable","13":"purchasable","14":"product-type-simple"},"acf":[],"aioseo_notices":[],"jetpack_sharing_enabled":true,"brands":[{"id":2437,"name":"EMOS","slug":"emos"}],"_links":{"self":[{"href":"https:\/\/westbalt.ee\/index.php?rest_route=\/wp\/v2\/product\/36786","targetHints":{"allow":["GET"]}}],"collection":[{"href":"https:\/\/westbalt.ee\/index.php?rest_route=\/wp\/v2\/product"}],"about":[{"href":"https:\/\/westbalt.ee\/index.php?rest_route=\/wp\/v2\/types\/product"}],"replies":[{"embeddable":true,"href":"https:\/\/westbalt.ee\/index.php?rest_route=%2Fwp%2Fv2%2Fcomments&post=36786"}],"wp:featuredmedia":[{"embeddable":true,"href":"https:\/\/westbalt.ee\/index.php?rest_route=\/wp\/v2\/media\/36787"}],"wp:attachment":[{"href":"https:\/\/westbalt.ee\/index.php?rest_route=%2Fwp%2Fv2%2Fmedia&parent=36786"}],"wp:term":[{"taxonomy":"pwb-brand","embeddable":true,"href":"https:\/\/westbalt.ee\/index.php?rest_route=%2Fwp%2Fv2%2Fpwb-brand&post=36786"},{"taxonomy":"product_brand","embeddable":true,"href":"https:\/\/westbalt.ee\/index.php?rest_route=%2Fwp%2Fv2%2Fproduct_brand&post=36786"},{"taxonomy":"product_cat","embeddable":true,"href":"https:\/\/westbalt.ee\/index.php?rest_route=%2Fwp%2Fv2%2Fproduct_cat&post=36786"},{"taxonomy":"product_tag","embeddable":true,"href":"https:\/\/westbalt.ee\/index.php?rest_route=%2Fwp%2Fv2%2Fproduct_tag&post=36786"}],"curies":[{"name":"wp","href":"https:\/\/api.w.org\/{rel}","templated":true}]}}