{"id":36960,"date":"2025-07-08T10:53:49","date_gmt":"2025-07-08T07:53:49","guid":{"rendered":"https:\/\/westbalt.ee\/?post_type=product&#038;p=36960"},"modified":"2026-03-21T19:47:06","modified_gmt":"2026-03-21T16:47:06","slug":"loiketangid-125mm-mini-lame-loikur-hogert","status":"publish","type":"product","link":"https:\/\/westbalt.ee\/?product=loiketangid-125mm-mini-lame-loikur-hogert","title":{"rendered":"L\u00f5iketangid 125mm mini lame l\u00f5ikur H\u00d6GERT"},"content":{"rendered":"<p>juhtmetele ristl\u00f5ikega vahemikus 0,5 kuni 1,3 mm\u00b2 (16 AWG);<br \/>\nspetsiaalselt profileeritud lamedad terad v\u00f5imaldavad l\u00f5igata elementi pinna l\u00e4hedalt, nt tr\u00fckkplaati;<br \/>\nvormitud l\u00f5ikeservad, et v\u00e4ltida juhtmete ja kaablite libisemist l\u00f5ikamise ajal;<br \/>\nvedru, mis avab k\u00e4epidemed automaatselt, parandab oluliselt t\u00f6\u00f6riista t\u00f6\u00f6d;<br \/>\nvastupidav, deformatsioonikindel;<br \/>\ntangide kogupikkus: 125 mm;<br \/>\nLibisemisvastane k\u00e4epide.<\/p>\n","protected":false},"excerpt":{"rendered":"<p>Juhtmete ning elektroonikakomponentide jalgade l\u00f5ikamiseks. Madala koormusega t\u00f6\u00f6deks. Kasutatakse elektroonikas, elektri-, telekommunikatsiooni- ja muudes montaa\u017eit\u00f6\u00f6des.<\/p>\n","protected":false},"featured_media":36961,"comment_status":"open","ping_status":"closed","template":"","meta":{"_acf_changed":false,"_monsterinsights_skip_tracking":false,"_monsterinsights_sitenote_active":false,"_monsterinsights_sitenote_note":"","_monsterinsights_sitenote_category":0},"pwb-brand":[],"product_brand":[],"product_cat":[307],"product_tag":[],"class_list":{"0":"post-36960","1":"product","2":"type-product","3":"status-publish","4":"has-post-thumbnail","6":"product_cat-electrooniku-tooriistad","8":"first","9":"instock","10":"taxable","11":"shipping-taxable","12":"purchasable","13":"product-type-simple"},"acf":[],"aioseo_notices":[],"jetpack_sharing_enabled":true,"brands":[],"_links":{"self":[{"href":"https:\/\/westbalt.ee\/index.php?rest_route=\/wp\/v2\/product\/36960","targetHints":{"allow":["GET"]}}],"collection":[{"href":"https:\/\/westbalt.ee\/index.php?rest_route=\/wp\/v2\/product"}],"about":[{"href":"https:\/\/westbalt.ee\/index.php?rest_route=\/wp\/v2\/types\/product"}],"replies":[{"embeddable":true,"href":"https:\/\/westbalt.ee\/index.php?rest_route=%2Fwp%2Fv2%2Fcomments&post=36960"}],"wp:featuredmedia":[{"embeddable":true,"href":"https:\/\/westbalt.ee\/index.php?rest_route=\/wp\/v2\/media\/36961"}],"wp:attachment":[{"href":"https:\/\/westbalt.ee\/index.php?rest_route=%2Fwp%2Fv2%2Fmedia&parent=36960"}],"wp:term":[{"taxonomy":"pwb-brand","embeddable":true,"href":"https:\/\/westbalt.ee\/index.php?rest_route=%2Fwp%2Fv2%2Fpwb-brand&post=36960"},{"taxonomy":"product_brand","embeddable":true,"href":"https:\/\/westbalt.ee\/index.php?rest_route=%2Fwp%2Fv2%2Fproduct_brand&post=36960"},{"taxonomy":"product_cat","embeddable":true,"href":"https:\/\/westbalt.ee\/index.php?rest_route=%2Fwp%2Fv2%2Fproduct_cat&post=36960"},{"taxonomy":"product_tag","embeddable":true,"href":"https:\/\/westbalt.ee\/index.php?rest_route=%2Fwp%2Fv2%2Fproduct_tag&post=36960"}],"curies":[{"name":"wp","href":"https:\/\/api.w.org\/{rel}","templated":true}]}}