{"id":36991,"date":"2025-07-17T11:33:11","date_gmt":"2025-07-17T08:33:11","guid":{"rendered":"https:\/\/westbalt.ee\/?post_type=product&#038;p=36991"},"modified":"2026-03-21T19:45:20","modified_gmt":"2026-03-21T16:45:20","slug":"led-allvalgusti-18w-1600lm-6in1-bolero-ummargune","status":"publish","type":"product","link":"https:\/\/westbalt.ee\/?product=led-allvalgusti-18w-1600lm-6in1-bolero-ummargune","title":{"rendered":"LED Allvalgusti 18W 1600lm 6in1 BOLERO \u00fcmmargune"},"content":{"rendered":"<p>\u2022 Valguse v\u00e4rvitemperatuuri reguleerimine: Bolero valgusti tagaosas on l\u00fcliti, mis v\u00f5imaldab kiirgava valguse v\u00e4rvitemperatuuri muuta. Saate valida sooja v\u00e4rvitemperatuuri l\u00f5\u00f5gastava atmosf\u00e4\u00e4ri loomiseks, neutraalse igap\u00e4evaste toimingute jaoks v\u00f5i k\u00fclma, et suurendada keskendumisv\u00f5imet ja valvsust.<br \/>\n\u2022 Paindlikud paigaldusv\u00f5imalused: Bolero pakub kasutusmugavuse tagamiseks kahte paigaldusmeetodit. Vaikimisi on see ette n\u00e4htud pinnapealseks paigaldamiseks, kuid t\u00e4nu kinnitatud vedrudele ja v\u00e4limise \u00e4\u00e4riku eemaldamise v\u00f5imalusele saab seda h\u00f5lpsalt ka s\u00fcvistatavaks valgustiks muuta. See v\u00f5imaldab valgustust kohandada mitmesuguste interj\u00f6\u00f6ridega.<\/p>\n","protected":false},"excerpt":{"rendered":"<p>180-250VAC, IP40, 120\u00b0, pinnapealne\/s\u00fcvistatav, 3000K\/4000K\/6400K, 226x35mm.<br \/>\nPaigaldusava \u00d8 200 mm.<\/p>\n","protected":false},"featured_media":36993,"comment_status":"open","ping_status":"closed","template":"","meta":{"_acf_changed":false,"_monsterinsights_skip_tracking":false,"_monsterinsights_sitenote_active":false,"_monsterinsights_sitenote_note":"","_monsterinsights_sitenote_category":0},"pwb-brand":[2445],"product_brand":[],"product_cat":[353,166],"product_tag":[],"class_list":{"0":"post-36991","1":"product","2":"type-product","3":"status-publish","4":"has-post-thumbnail","6":"pwb-brand-gtv","7":"product_cat-led-paneelid","8":"product_cat-ripplaevalgustid","10":"first","11":"instock","12":"taxable","13":"shipping-taxable","14":"purchasable","15":"product-type-simple"},"acf":[],"aioseo_notices":[],"jetpack_sharing_enabled":true,"brands":[{"id":2445,"name":"GTV","slug":"gtv"}],"_links":{"self":[{"href":"https:\/\/westbalt.ee\/index.php?rest_route=\/wp\/v2\/product\/36991","targetHints":{"allow":["GET"]}}],"collection":[{"href":"https:\/\/westbalt.ee\/index.php?rest_route=\/wp\/v2\/product"}],"about":[{"href":"https:\/\/westbalt.ee\/index.php?rest_route=\/wp\/v2\/types\/product"}],"replies":[{"embeddable":true,"href":"https:\/\/westbalt.ee\/index.php?rest_route=%2Fwp%2Fv2%2Fcomments&post=36991"}],"wp:featuredmedia":[{"embeddable":true,"href":"https:\/\/westbalt.ee\/index.php?rest_route=\/wp\/v2\/media\/36993"}],"wp:attachment":[{"href":"https:\/\/westbalt.ee\/index.php?rest_route=%2Fwp%2Fv2%2Fmedia&parent=36991"}],"wp:term":[{"taxonomy":"pwb-brand","embeddable":true,"href":"https:\/\/westbalt.ee\/index.php?rest_route=%2Fwp%2Fv2%2Fpwb-brand&post=36991"},{"taxonomy":"product_brand","embeddable":true,"href":"https:\/\/westbalt.ee\/index.php?rest_route=%2Fwp%2Fv2%2Fproduct_brand&post=36991"},{"taxonomy":"product_cat","embeddable":true,"href":"https:\/\/westbalt.ee\/index.php?rest_route=%2Fwp%2Fv2%2Fproduct_cat&post=36991"},{"taxonomy":"product_tag","embeddable":true,"href":"https:\/\/westbalt.ee\/index.php?rest_route=%2Fwp%2Fv2%2Fproduct_tag&post=36991"}],"curies":[{"name":"wp","href":"https:\/\/api.w.org\/{rel}","templated":true}]}}