{"id":37001,"date":"2025-07-18T16:07:24","date_gmt":"2025-07-18T13:07:24","guid":{"rendered":"https:\/\/westbalt.ee\/?post_type=product&#038;p=37001"},"modified":"2026-03-21T19:48:39","modified_gmt":"2026-03-21T16:48:39","slug":"led-allvalgusti-35w-3500lm-3000-4000-6400k","status":"publish","type":"product","link":"https:\/\/westbalt.ee\/?product=led-allvalgusti-35w-3500lm-3000-4000-6400k","title":{"rendered":"LED Allvalgusti 35W 3500lm 3000\/4000\/6400K IP54"},"content":{"rendered":"<p>Valguse v\u00e4rvitemperatuuri reguleerimine: valgusti tagaosas on l\u00fcliti, mis v\u00f5imaldab kiirgava valguse v\u00e4rvitemperatuuri muuta. Saate valida sooja v\u00e4rvitemperatuuri l\u00f5\u00f5gastava atmosf\u00e4\u00e4ri loomiseks, neutraalse igap\u00e4evaste toimingute jaoks v\u00f5i k\u00fclma, et suurendada keskendumisv\u00f5imet ja valvsust.<\/p>\n","protected":false},"excerpt":{"rendered":"<p>180-250VAC, IP54, 110\u00b0, s\u00fcvistatav, 3000K\/4000K\/6400K,  D225mm, ava 190mm.<\/p>\n","protected":false},"featured_media":37002,"comment_status":"open","ping_status":"closed","template":"","meta":{"_acf_changed":false,"_monsterinsights_skip_tracking":false,"_monsterinsights_sitenote_active":false,"_monsterinsights_sitenote_note":"","_monsterinsights_sitenote_category":0},"pwb-brand":[2445],"product_brand":[],"product_cat":[353,166],"product_tag":[],"class_list":{"0":"post-37001","1":"product","2":"type-product","3":"status-publish","4":"has-post-thumbnail","6":"pwb-brand-gtv","7":"product_cat-led-paneelid","8":"product_cat-ripplaevalgustid","10":"first","11":"instock","12":"taxable","13":"shipping-taxable","14":"purchasable","15":"product-type-simple"},"acf":[],"aioseo_notices":[],"jetpack_sharing_enabled":true,"brands":[{"id":2445,"name":"GTV","slug":"gtv"}],"_links":{"self":[{"href":"https:\/\/westbalt.ee\/index.php?rest_route=\/wp\/v2\/product\/37001","targetHints":{"allow":["GET"]}}],"collection":[{"href":"https:\/\/westbalt.ee\/index.php?rest_route=\/wp\/v2\/product"}],"about":[{"href":"https:\/\/westbalt.ee\/index.php?rest_route=\/wp\/v2\/types\/product"}],"replies":[{"embeddable":true,"href":"https:\/\/westbalt.ee\/index.php?rest_route=%2Fwp%2Fv2%2Fcomments&post=37001"}],"wp:featuredmedia":[{"embeddable":true,"href":"https:\/\/westbalt.ee\/index.php?rest_route=\/wp\/v2\/media\/37002"}],"wp:attachment":[{"href":"https:\/\/westbalt.ee\/index.php?rest_route=%2Fwp%2Fv2%2Fmedia&parent=37001"}],"wp:term":[{"taxonomy":"pwb-brand","embeddable":true,"href":"https:\/\/westbalt.ee\/index.php?rest_route=%2Fwp%2Fv2%2Fpwb-brand&post=37001"},{"taxonomy":"product_brand","embeddable":true,"href":"https:\/\/westbalt.ee\/index.php?rest_route=%2Fwp%2Fv2%2Fproduct_brand&post=37001"},{"taxonomy":"product_cat","embeddable":true,"href":"https:\/\/westbalt.ee\/index.php?rest_route=%2Fwp%2Fv2%2Fproduct_cat&post=37001"},{"taxonomy":"product_tag","embeddable":true,"href":"https:\/\/westbalt.ee\/index.php?rest_route=%2Fwp%2Fv2%2Fproduct_tag&post=37001"}],"curies":[{"name":"wp","href":"https:\/\/api.w.org\/{rel}","templated":true}]}}