{"id":37547,"date":"2025-12-23T21:23:20","date_gmt":"2025-12-23T18:23:20","guid":{"rendered":"https:\/\/westbalt.ee\/?post_type=product&#038;p=37547"},"modified":"2026-03-21T19:54:04","modified_gmt":"2026-03-21T16:54:04","slug":"kilbi-ventilaator-255x255-224x224-240vac-46w-250m3-ip54","status":"publish","type":"product","link":"https:\/\/westbalt.ee\/?product=kilbi-ventilaator-255x255-224x224-240vac-46w-250m3-ip54","title":{"rendered":"Kilbi ventilaator 255&#215;255\/224&#215;224 240VAC 46W 250m3 IP54"},"content":{"rendered":"","protected":false},"excerpt":{"rendered":"<p>Toitepinge: 230 V vahelduvvool<br \/>\nEnergiatarve: 46W<br \/>\nVool: 0,2A<br \/>\nVentilaatori efektiivsus: 250 m\u00b3 \/ h<br \/>\nM\u00fcratase: 56dBA<br \/>\nSagedus: 50\/60Hz<br \/>\nIP-kaitse: IP54<br \/>\nT\u00f6\u00f6temperatuur: -15&#8230;55\u00b0C<br \/>\nKere m\u00f5\u00f5tmed: 255x255x104,2 mm<br \/>\nV\u00e4rv: helehall<br \/>\nKinnitusava l\u00e4bim\u00f5\u00f5t: 224&#215;224 mm<\/p>\n","protected":false},"featured_media":37548,"comment_status":"open","ping_status":"closed","template":"","meta":{"_acf_changed":false,"_monsterinsights_skip_tracking":false,"_monsterinsights_sitenote_active":false,"_monsterinsights_sitenote_note":"","_monsterinsights_sitenote_category":0},"pwb-brand":[2415],"product_brand":[],"product_cat":[354],"product_tag":[],"class_list":{"0":"post-37547","1":"product","2":"type-product","3":"status-publish","4":"has-post-thumbnail","6":"pwb-brand-finder","7":"product_cat-kilbi-kute-ja-ventilatsioon","9":"first","10":"onbackorder","11":"taxable","12":"shipping-taxable","13":"purchasable","14":"product-type-simple"},"acf":[],"aioseo_notices":[],"jetpack_sharing_enabled":true,"brands":[{"id":2415,"name":"FINDER","slug":"finder"}],"_links":{"self":[{"href":"https:\/\/westbalt.ee\/index.php?rest_route=\/wp\/v2\/product\/37547","targetHints":{"allow":["GET"]}}],"collection":[{"href":"https:\/\/westbalt.ee\/index.php?rest_route=\/wp\/v2\/product"}],"about":[{"href":"https:\/\/westbalt.ee\/index.php?rest_route=\/wp\/v2\/types\/product"}],"replies":[{"embeddable":true,"href":"https:\/\/westbalt.ee\/index.php?rest_route=%2Fwp%2Fv2%2Fcomments&post=37547"}],"wp:featuredmedia":[{"embeddable":true,"href":"https:\/\/westbalt.ee\/index.php?rest_route=\/wp\/v2\/media\/37548"}],"wp:attachment":[{"href":"https:\/\/westbalt.ee\/index.php?rest_route=%2Fwp%2Fv2%2Fmedia&parent=37547"}],"wp:term":[{"taxonomy":"pwb-brand","embeddable":true,"href":"https:\/\/westbalt.ee\/index.php?rest_route=%2Fwp%2Fv2%2Fpwb-brand&post=37547"},{"taxonomy":"product_brand","embeddable":true,"href":"https:\/\/westbalt.ee\/index.php?rest_route=%2Fwp%2Fv2%2Fproduct_brand&post=37547"},{"taxonomy":"product_cat","embeddable":true,"href":"https:\/\/westbalt.ee\/index.php?rest_route=%2Fwp%2Fv2%2Fproduct_cat&post=37547"},{"taxonomy":"product_tag","embeddable":true,"href":"https:\/\/westbalt.ee\/index.php?rest_route=%2Fwp%2Fv2%2Fproduct_tag&post=37547"}],"curies":[{"name":"wp","href":"https:\/\/api.w.org\/{rel}","templated":true}]}}