{"id":3758,"date":"2012-10-04T01:54:20","date_gmt":"2012-10-03T22:54:20","guid":{"rendered":"https:\/\/westbalt.ee\/?post_type=product&#038;p=3758"},"modified":"2026-03-21T19:39:08","modified_gmt":"2026-03-21T16:39:08","slug":"coaxial-cable-rg59-white","status":"publish","type":"product","link":"https:\/\/westbalt.ee\/?product=coaxial-cable-rg59-white","title":{"rendered":"Antennikaabel RG59 75R"},"content":{"rendered":"<p>&#8211;<\/p>\n","protected":false},"excerpt":{"rendered":"<p>Kaabli l\u00e4bim\u00f5\u00f5t\t6,05 mm<br \/>\nVarjestuse materjal\tvasega plakeeritud alumiinium (CCA)<br \/>\nPakendi t\u00fc\u00fcp &#8211; pikkus\t100 m (hind 1 meetri kohta)<br \/>\nSisejuhi l\u00e4bim\u00f5\u00f5t:\t0,58 mm<br \/>\nVarjestuskaitse\t>95 %<br \/>\nVarjestuste arv:\t1<br \/>\nVarjestuse l\u00e4bim\u00f5\u00f5t:\t128 \u00d7 0,12 mm\u00b2<br \/>\nKaabli isolatsiooni v\u00e4rv:\tmust<br \/>\nSisejuhi materjal:\tvasega kaetud teras<\/p>\n","protected":false},"featured_media":26312,"comment_status":"open","ping_status":"closed","template":"","meta":{"_acf_changed":false,"_monsterinsights_skip_tracking":false,"_monsterinsights_sitenote_active":false,"_monsterinsights_sitenote_note":"","_monsterinsights_sitenote_category":0},"pwb-brand":[],"product_brand":[],"product_cat":[332],"product_tag":[],"class_list":{"0":"post-3758","1":"product","2":"type-product","3":"status-publish","4":"has-post-thumbnail","6":"product_cat-antennid-tarvikud","8":"first","9":"instock","10":"taxable","11":"shipping-taxable","12":"purchasable","13":"product-type-simple"},"acf":[],"aioseo_notices":[],"jetpack_sharing_enabled":true,"brands":[],"_links":{"self":[{"href":"https:\/\/westbalt.ee\/index.php?rest_route=\/wp\/v2\/product\/3758","targetHints":{"allow":["GET"]}}],"collection":[{"href":"https:\/\/westbalt.ee\/index.php?rest_route=\/wp\/v2\/product"}],"about":[{"href":"https:\/\/westbalt.ee\/index.php?rest_route=\/wp\/v2\/types\/product"}],"replies":[{"embeddable":true,"href":"https:\/\/westbalt.ee\/index.php?rest_route=%2Fwp%2Fv2%2Fcomments&post=3758"}],"wp:featuredmedia":[{"embeddable":true,"href":"https:\/\/westbalt.ee\/index.php?rest_route=\/wp\/v2\/media\/26312"}],"wp:attachment":[{"href":"https:\/\/westbalt.ee\/index.php?rest_route=%2Fwp%2Fv2%2Fmedia&parent=3758"}],"wp:term":[{"taxonomy":"pwb-brand","embeddable":true,"href":"https:\/\/westbalt.ee\/index.php?rest_route=%2Fwp%2Fv2%2Fpwb-brand&post=3758"},{"taxonomy":"product_brand","embeddable":true,"href":"https:\/\/westbalt.ee\/index.php?rest_route=%2Fwp%2Fv2%2Fproduct_brand&post=3758"},{"taxonomy":"product_cat","embeddable":true,"href":"https:\/\/westbalt.ee\/index.php?rest_route=%2Fwp%2Fv2%2Fproduct_cat&post=3758"},{"taxonomy":"product_tag","embeddable":true,"href":"https:\/\/westbalt.ee\/index.php?rest_route=%2Fwp%2Fv2%2Fproduct_tag&post=3758"}],"curies":[{"name":"wp","href":"https:\/\/api.w.org\/{rel}","templated":true}]}}