{"id":3786,"date":"2012-10-04T02:14:08","date_gmt":"2012-10-03T23:14:08","guid":{"rendered":"https:\/\/westbalt.ee\/?post_type=product&#038;p=3786"},"modified":"2026-03-21T19:53:43","modified_gmt":"2026-03-21T16:53:43","slug":"mintrell-vthd01","status":"publish","type":"product","link":"https:\/\/westbalt.ee\/?product=mintrell-vthd01","title":{"rendered":"Mintrell VTHD01"},"content":{"rendered":"<p>&#8211;<\/p>\n","protected":false},"excerpt":{"rendered":"<p>sisaldab: elektritrell on\/off l\u00fclitiga, k\u00e4i (2tk.), graveerimisotsikud (2tk.), v\u00f5rud (2tk.)<br \/>\nkiirus: 12000 p\/min<br \/>\ntoide: 12VDC<br \/>\npuuri diameeter \u00d8: 0.8mm &#8211; 3mm<\/p>\n","protected":false},"featured_media":3787,"comment_status":"open","ping_status":"open","template":"","meta":{"_acf_changed":false,"_monsterinsights_skip_tracking":false,"_monsterinsights_sitenote_active":false,"_monsterinsights_sitenote_note":"","_monsterinsights_sitenote_category":0},"pwb-brand":[2410],"product_brand":[],"product_cat":[307],"product_tag":[],"class_list":{"0":"post-3786","1":"product","2":"type-product","3":"status-publish","4":"has-post-thumbnail","6":"pwb-brand-velleman","7":"product_cat-electrooniku-tooriistad","9":"first","10":"outofstock","11":"taxable","12":"shipping-taxable","13":"purchasable","14":"product-type-simple"},"acf":[],"aioseo_notices":[],"jetpack_sharing_enabled":true,"brands":[{"id":2410,"name":"VELLEMAN","slug":"velleman"}],"_links":{"self":[{"href":"https:\/\/westbalt.ee\/index.php?rest_route=\/wp\/v2\/product\/3786","targetHints":{"allow":["GET"]}}],"collection":[{"href":"https:\/\/westbalt.ee\/index.php?rest_route=\/wp\/v2\/product"}],"about":[{"href":"https:\/\/westbalt.ee\/index.php?rest_route=\/wp\/v2\/types\/product"}],"replies":[{"embeddable":true,"href":"https:\/\/westbalt.ee\/index.php?rest_route=%2Fwp%2Fv2%2Fcomments&post=3786"}],"wp:featuredmedia":[{"embeddable":true,"href":"https:\/\/westbalt.ee\/index.php?rest_route=\/wp\/v2\/media\/3787"}],"wp:attachment":[{"href":"https:\/\/westbalt.ee\/index.php?rest_route=%2Fwp%2Fv2%2Fmedia&parent=3786"}],"wp:term":[{"taxonomy":"pwb-brand","embeddable":true,"href":"https:\/\/westbalt.ee\/index.php?rest_route=%2Fwp%2Fv2%2Fpwb-brand&post=3786"},{"taxonomy":"product_brand","embeddable":true,"href":"https:\/\/westbalt.ee\/index.php?rest_route=%2Fwp%2Fv2%2Fproduct_brand&post=3786"},{"taxonomy":"product_cat","embeddable":true,"href":"https:\/\/westbalt.ee\/index.php?rest_route=%2Fwp%2Fv2%2Fproduct_cat&post=3786"},{"taxonomy":"product_tag","embeddable":true,"href":"https:\/\/westbalt.ee\/index.php?rest_route=%2Fwp%2Fv2%2Fproduct_tag&post=3786"}],"curies":[{"name":"wp","href":"https:\/\/api.w.org\/{rel}","templated":true}]}}