{"id":37951,"date":"2026-04-17T16:37:39","date_gmt":"2026-04-17T13:37:39","guid":{"rendered":"https:\/\/westbalt.ee\/?post_type=product&#038;p=37951"},"modified":"2026-04-17T16:45:59","modified_gmt":"2026-04-17T13:45:59","slug":"led-vaniku-toiteplokk-30v-12w-ip44-puldiga","status":"publish","type":"product","link":"https:\/\/westbalt.ee\/?product=led-vaniku-toiteplokk-30v-12w-ip44-puldiga","title":{"rendered":"LED vaniku toiteplokk 30V 12W IP44 puldiga"},"content":{"rendered":"<p>&#8211;<\/p>\n","protected":false},"excerpt":{"rendered":"<p>Toode on m\u00f5eldud dekoratiivseks valgustuseks.<br \/>\nPulti kasutades saab valgusketti l\u00fclitada eri re\u017eiimidesse.<br \/>\nON \u2013 valgusti sissel\u00fclitamine<br \/>\nOFF \u2013 valgusti v\u00e4ljal\u00fclitamine<br \/>\n4H \u2013 valguskett s\u00fcttib ja j\u00e4\u00e4b p\u00f5lema 4 tunniks.<br \/>\n6H \u2013 valguskett s\u00fcttib ja j\u00e4\u00e4b p\u00f5lema 6 tunniks.<br \/>\n8H \u2013 valguskett s\u00fcttib ja j\u00e4\u00e4b p\u00f5lema 8 tunniks.<br \/>\n10H \u2013 valguskett s\u00fcttib ja j\u00e4\u00e4b p\u00f5lema 10 tunniks.<br \/>\nTIMER OFF \u2013 selle nupu vajutamine l\u00fclitab taimeri funktsiooni v\u00e4lja<\/p>\n","protected":false},"featured_media":37952,"comment_status":"open","ping_status":"closed","template":"","meta":{"_acf_changed":false,"_monsterinsights_skip_tracking":false,"_monsterinsights_sitenote_active":false,"_monsterinsights_sitenote_note":"","_monsterinsights_sitenote_category":0},"pwb-brand":[2437],"product_brand":[],"product_cat":[162],"product_tag":[],"class_list":{"0":"post-37951","1":"product","2":"type-product","3":"status-publish","4":"has-post-thumbnail","6":"pwb-brand-emos","7":"product_cat-valgustite-komponendid","9":"first","10":"instock","11":"taxable","12":"shipping-taxable","13":"purchasable","14":"product-type-simple"},"acf":[],"aioseo_notices":[],"jetpack_sharing_enabled":true,"brands":[{"id":2437,"name":"EMOS","slug":"emos"}],"_links":{"self":[{"href":"https:\/\/westbalt.ee\/index.php?rest_route=\/wp\/v2\/product\/37951","targetHints":{"allow":["GET"]}}],"collection":[{"href":"https:\/\/westbalt.ee\/index.php?rest_route=\/wp\/v2\/product"}],"about":[{"href":"https:\/\/westbalt.ee\/index.php?rest_route=\/wp\/v2\/types\/product"}],"replies":[{"embeddable":true,"href":"https:\/\/westbalt.ee\/index.php?rest_route=%2Fwp%2Fv2%2Fcomments&post=37951"}],"wp:featuredmedia":[{"embeddable":true,"href":"https:\/\/westbalt.ee\/index.php?rest_route=\/wp\/v2\/media\/37952"}],"wp:attachment":[{"href":"https:\/\/westbalt.ee\/index.php?rest_route=%2Fwp%2Fv2%2Fmedia&parent=37951"}],"wp:term":[{"taxonomy":"pwb-brand","embeddable":true,"href":"https:\/\/westbalt.ee\/index.php?rest_route=%2Fwp%2Fv2%2Fpwb-brand&post=37951"},{"taxonomy":"product_brand","embeddable":true,"href":"https:\/\/westbalt.ee\/index.php?rest_route=%2Fwp%2Fv2%2Fproduct_brand&post=37951"},{"taxonomy":"product_cat","embeddable":true,"href":"https:\/\/westbalt.ee\/index.php?rest_route=%2Fwp%2Fv2%2Fproduct_cat&post=37951"},{"taxonomy":"product_tag","embeddable":true,"href":"https:\/\/westbalt.ee\/index.php?rest_route=%2Fwp%2Fv2%2Fproduct_tag&post=37951"}],"curies":[{"name":"wp","href":"https:\/\/api.w.org\/{rel}","templated":true}]}}