{"id":4388,"date":"2021-06-30T05:14:06","date_gmt":"2021-06-30T02:14:06","guid":{"rendered":"https:\/\/westbalt.ee\/?post_type=product&#038;p=4388"},"modified":"2026-03-21T19:52:15","modified_gmt":"2026-03-21T16:52:15","slug":"muundur-220-110v-300w-psd300","status":"publish","type":"product","link":"https:\/\/westbalt.ee\/?product=muundur-220-110v-300w-psd300","title":{"rendered":"Muundur 220\/110V 1000VA (8.2A) VOLT-POLSKA"},"content":{"rendered":"<p><span><span class=\"\">Pinge muundur vahelduvvool \/ vahelduvvool 230V &#8211; 110V v\u00f5i\u00a0 110V &#8211; 230V<\/span><\/span><br \/>\n<span><span class=\"\">Pingemuunduri abil saab langetada vahelduvpinge 230 V vahelduvpingele 110 V (vahemik 110-120 V) v\u00f5i t\u00f5sta pinget 110 V-120 V pinge 230 voldile. Seade on universaalne ja muudab pinget kahes suunas. <\/span>Sisendpinge valitakse korpuse tagak\u00fcljele paigaldatud l\u00fclitiga.<\/span><br \/>\n<span>Toiteallikas p\u00f5hineb toroidaalsel trafol, mis tagab k\u00f5rge efektiivsuse.\u00a0Korpus on valmistatud metallist, vastupidav juhuslikele mehaanilistele kahjustustele.\u00a0Seadme sisend ja v\u00e4ljund on maandatud, mis suurendab metallkorpuses seadmete kasutamise ohutust.<\/span><\/p>\n<p><b><span>Ettevaatust<\/span><\/b><br \/>\n<span>Seadme maksimaalset v\u00f5imsust ei tohi \u00fcletada.\u00a0V\u00f5tke arvesse \u00fchendatud seadmete algv\u00f5imsust.\u00a0N\u00e4iteks: k\u00e4ivitamisel kompressoritega varustatud seadmed (nt k\u00fclmikud) tarbivad isegi mitu korda rohkem energiat kui andmesildil m\u00e4rgitud.<\/span><\/p>\n","protected":false},"excerpt":{"rendered":"<p>&nbsp;<\/p>\n<table>\n<tbody>\n<tr>\n<td><span><span class=\"\">Sisend- ja v\u00e4ljundpinge<\/span><\/span><\/td>\n<td><span>220V &#8211; 240V<\/span><\/td>\n<\/tr>\n<tr>\n<td><span>V\u00e4ljund ja sisendpinge<\/span><\/td>\n<td><span>110V &#8211; 120V<\/span><\/td>\n<\/tr>\n<tr>\n<td><span>Nominaalne v\u00f5imsus<\/span><\/td>\n<td><span>1000 VA (8,2 A)<\/span><\/td>\n<\/tr>\n<tr>\n<td><span>Korpus<\/span><\/td>\n<td><span><span class=\"\">Metallist<\/span><\/span><\/td>\n<\/tr>\n<tr>\n<td><span>V\u00e4ljundpesade arv<\/span><\/td>\n<td><span>2<\/span><\/td>\n<\/tr>\n<\/tbody>\n<\/table>\n<p>&nbsp;<\/p>\n","protected":false},"featured_media":24716,"comment_status":"open","ping_status":"closed","template":"","meta":{"_acf_changed":false,"_monsterinsights_skip_tracking":false,"_monsterinsights_sitenote_active":false,"_monsterinsights_sitenote_note":"","_monsterinsights_sitenote_category":0},"pwb-brand":[],"product_brand":[],"product_cat":[319],"product_tag":[],"class_list":{"0":"post-4388","1":"product","2":"type-product","3":"status-publish","4":"has-post-thumbnail","6":"product_cat-toiteadapterid","8":"first","9":"instock","10":"taxable","11":"shipping-taxable","12":"purchasable","13":"product-type-simple"},"acf":[],"aioseo_notices":[],"jetpack_sharing_enabled":true,"brands":[],"_links":{"self":[{"href":"https:\/\/westbalt.ee\/index.php?rest_route=\/wp\/v2\/product\/4388","targetHints":{"allow":["GET"]}}],"collection":[{"href":"https:\/\/westbalt.ee\/index.php?rest_route=\/wp\/v2\/product"}],"about":[{"href":"https:\/\/westbalt.ee\/index.php?rest_route=\/wp\/v2\/types\/product"}],"replies":[{"embeddable":true,"href":"https:\/\/westbalt.ee\/index.php?rest_route=%2Fwp%2Fv2%2Fcomments&post=4388"}],"wp:featuredmedia":[{"embeddable":true,"href":"https:\/\/westbalt.ee\/index.php?rest_route=\/wp\/v2\/media\/24716"}],"wp:attachment":[{"href":"https:\/\/westbalt.ee\/index.php?rest_route=%2Fwp%2Fv2%2Fmedia&parent=4388"}],"wp:term":[{"taxonomy":"pwb-brand","embeddable":true,"href":"https:\/\/westbalt.ee\/index.php?rest_route=%2Fwp%2Fv2%2Fpwb-brand&post=4388"},{"taxonomy":"product_brand","embeddable":true,"href":"https:\/\/westbalt.ee\/index.php?rest_route=%2Fwp%2Fv2%2Fproduct_brand&post=4388"},{"taxonomy":"product_cat","embeddable":true,"href":"https:\/\/westbalt.ee\/index.php?rest_route=%2Fwp%2Fv2%2Fproduct_cat&post=4388"},{"taxonomy":"product_tag","embeddable":true,"href":"https:\/\/westbalt.ee\/index.php?rest_route=%2Fwp%2Fv2%2Fproduct_tag&post=4388"}],"curies":[{"name":"wp","href":"https:\/\/api.w.org\/{rel}","templated":true}]}}