{"id":5259,"date":"2012-10-04T08:19:12","date_gmt":"2012-10-04T05:19:12","guid":{"rendered":"https:\/\/westbalt.ee\/?post_type=product&#038;p=5259"},"modified":"2026-03-21T19:52:19","modified_gmt":"2026-03-21T16:52:19","slug":"kaabli-l-ikamistangid-vtm535-216-32mm","status":"publish","type":"product","link":"https:\/\/westbalt.ee\/?product=kaabli-l-ikamistangid-vtm535-216-32mm","title":{"rendered":"Kaabli l\u00f5ikurid D=60mm 32-240mm2 Cu\/Al"},"content":{"rendered":"<p>&#8211;<\/p>\n","protected":false},"excerpt":{"rendered":"<p>\u2022 Vasest ja alumiiniumist kaablite l\u00f5ikamiseks kuni 60 mm (32..240mm\u00b2)<br \/>\n\u2022 Ei sobi terastraadi ja trosside jaoks.<br \/>\n\u2022 K\u00f5rgekvaliteediline t\u00f6\u00f6riistateras, sepistatud, \u00f5liga karastatud.<\/p>\n","protected":false},"featured_media":29422,"comment_status":"open","ping_status":"closed","template":"","meta":{"_acf_changed":false,"_monsterinsights_skip_tracking":false,"_monsterinsights_sitenote_active":false,"_monsterinsights_sitenote_note":"","_monsterinsights_sitenote_category":0},"pwb-brand":[2410],"product_brand":[],"product_cat":[297],"product_tag":[],"class_list":{"0":"post-5259","1":"product","2":"type-product","3":"status-publish","4":"has-post-thumbnail","6":"pwb-brand-velleman","7":"product_cat-elektriku-tooriistad","9":"first","10":"onbackorder","11":"taxable","12":"shipping-taxable","13":"purchasable","14":"product-type-simple"},"acf":[],"aioseo_notices":[],"jetpack_sharing_enabled":true,"brands":[{"id":2410,"name":"VELLEMAN","slug":"velleman"}],"_links":{"self":[{"href":"https:\/\/westbalt.ee\/index.php?rest_route=\/wp\/v2\/product\/5259","targetHints":{"allow":["GET"]}}],"collection":[{"href":"https:\/\/westbalt.ee\/index.php?rest_route=\/wp\/v2\/product"}],"about":[{"href":"https:\/\/westbalt.ee\/index.php?rest_route=\/wp\/v2\/types\/product"}],"replies":[{"embeddable":true,"href":"https:\/\/westbalt.ee\/index.php?rest_route=%2Fwp%2Fv2%2Fcomments&post=5259"}],"wp:featuredmedia":[{"embeddable":true,"href":"https:\/\/westbalt.ee\/index.php?rest_route=\/wp\/v2\/media\/29422"}],"wp:attachment":[{"href":"https:\/\/westbalt.ee\/index.php?rest_route=%2Fwp%2Fv2%2Fmedia&parent=5259"}],"wp:term":[{"taxonomy":"pwb-brand","embeddable":true,"href":"https:\/\/westbalt.ee\/index.php?rest_route=%2Fwp%2Fv2%2Fpwb-brand&post=5259"},{"taxonomy":"product_brand","embeddable":true,"href":"https:\/\/westbalt.ee\/index.php?rest_route=%2Fwp%2Fv2%2Fproduct_brand&post=5259"},{"taxonomy":"product_cat","embeddable":true,"href":"https:\/\/westbalt.ee\/index.php?rest_route=%2Fwp%2Fv2%2Fproduct_cat&post=5259"},{"taxonomy":"product_tag","embeddable":true,"href":"https:\/\/westbalt.ee\/index.php?rest_route=%2Fwp%2Fv2%2Fproduct_tag&post=5259"}],"curies":[{"name":"wp","href":"https:\/\/api.w.org\/{rel}","templated":true}]}}