{"id":5282,"date":"2021-08-04T08:26:31","date_gmt":"2021-08-04T05:26:31","guid":{"rendered":"https:\/\/westbalt.ee\/?post_type=product&#038;p=5282"},"modified":"2026-03-21T19:44:44","modified_gmt":"2026-03-21T16:44:44","slug":"test-plug-el-eurotester","status":"publish","type":"product","link":"https:\/\/westbalt.ee\/?product=test-plug-el-eurotester","title":{"rendered":"Pistikupesa tester 230VAC 50\u00f760Hz; EU"},"content":{"rendered":"<table border=\"0\" width=\"792\" cellspacing=\"0\" cellpadding=\"0\">\n<tbody>\n<tr>\n<td colspan=\"3\" height=\"20\"><strong>Tehnilised andmed<\/strong><\/td>\n<\/tr>\n<tr>\n<td colspan=\"2\" height=\"20\">Mudel<\/td>\n<td>UT07B-EL<\/td>\n<\/tr>\n<tr>\n<td colspan=\"2\" height=\"23\">T\u00f6\u00f6pinge<\/td>\n<td>230V<\/td>\n<\/tr>\n<tr>\n<td colspan=\"2\" height=\"19\">T\u00f6\u00f6vool<\/td>\n<td>18 mA<\/td>\n<\/tr>\n<tr>\n<td colspan=\"2\" height=\"19\">T\u00f6\u00f6sagedus<\/td>\n<td>50Hz ~ 60Hz<\/td>\n<\/tr>\n<tr>\n<td colspan=\"2\" height=\"19\">RCD<\/td>\n<td>~ 30 mA<\/td>\n<\/tr>\n<tr>\n<td colspan=\"2\" rowspan=\"7\" height=\"134\">N\u00e4idustused<\/td>\n<td>OK, lekkekatse on l\u00e4bitud<\/td>\n<\/tr>\n<tr>\n<td height=\"19\">Okei<\/td>\n<\/tr>\n<tr>\n<td height=\"19\">Kadunud maa<\/td>\n<\/tr>\n<tr>\n<td height=\"19\">Kadunud faas<\/td>\n<\/tr>\n<tr>\n<td height=\"19\">Puudub neutraal<\/td>\n<\/tr>\n<tr>\n<td height=\"19\">Faas ja Maa on tagurpidi<\/td>\n<\/tr>\n<tr>\n<td height=\"20\">Faas ja Maa on tagurpidi; Maa puudub<\/td>\n<\/tr>\n<\/tbody>\n<\/table>\n","protected":false},"excerpt":{"rendered":"<p>UT07 seeria pistikupesade testijad saavad kontrollida pistikupesa juhtmestiku vigu. UT07B testrid sisaldavad ka lekke testimise funktsiooni, et kontrollida, kas kaitsel\u00fclitid t\u00f6\u00f6tavad korralikult.<\/p>\n","protected":false},"featured_media":24918,"comment_status":"open","ping_status":"closed","template":"","meta":{"_acf_changed":false,"_monsterinsights_skip_tracking":false,"_monsterinsights_sitenote_active":false,"_monsterinsights_sitenote_note":"","_monsterinsights_sitenote_category":0},"pwb-brand":[2409],"product_brand":[],"product_cat":[297],"product_tag":[],"class_list":{"0":"post-5282","1":"product","2":"type-product","3":"status-publish","4":"has-post-thumbnail","6":"pwb-brand-uni-t","7":"product_cat-elektriku-tooriistad","9":"first","10":"instock","11":"taxable","12":"shipping-taxable","13":"purchasable","14":"product-type-simple"},"acf":[],"aioseo_notices":[],"jetpack_sharing_enabled":true,"brands":[{"id":2409,"name":"UNI-T","slug":"uni-t"}],"_links":{"self":[{"href":"https:\/\/westbalt.ee\/index.php?rest_route=\/wp\/v2\/product\/5282","targetHints":{"allow":["GET"]}}],"collection":[{"href":"https:\/\/westbalt.ee\/index.php?rest_route=\/wp\/v2\/product"}],"about":[{"href":"https:\/\/westbalt.ee\/index.php?rest_route=\/wp\/v2\/types\/product"}],"replies":[{"embeddable":true,"href":"https:\/\/westbalt.ee\/index.php?rest_route=%2Fwp%2Fv2%2Fcomments&post=5282"}],"wp:featuredmedia":[{"embeddable":true,"href":"https:\/\/westbalt.ee\/index.php?rest_route=\/wp\/v2\/media\/24918"}],"wp:attachment":[{"href":"https:\/\/westbalt.ee\/index.php?rest_route=%2Fwp%2Fv2%2Fmedia&parent=5282"}],"wp:term":[{"taxonomy":"pwb-brand","embeddable":true,"href":"https:\/\/westbalt.ee\/index.php?rest_route=%2Fwp%2Fv2%2Fpwb-brand&post=5282"},{"taxonomy":"product_brand","embeddable":true,"href":"https:\/\/westbalt.ee\/index.php?rest_route=%2Fwp%2Fv2%2Fproduct_brand&post=5282"},{"taxonomy":"product_cat","embeddable":true,"href":"https:\/\/westbalt.ee\/index.php?rest_route=%2Fwp%2Fv2%2Fproduct_cat&post=5282"},{"taxonomy":"product_tag","embeddable":true,"href":"https:\/\/westbalt.ee\/index.php?rest_route=%2Fwp%2Fv2%2Fproduct_tag&post=5282"}],"curies":[{"name":"wp","href":"https:\/\/api.w.org\/{rel}","templated":true}]}}