{"id":5763,"date":"2012-10-04T10:38:05","date_gmt":"2012-10-04T07:38:05","guid":{"rendered":"https:\/\/westbalt.ee\/?post_type=product&#038;p=5763"},"modified":"2026-03-21T19:53:59","modified_gmt":"2026-03-21T16:53:59","slug":"cable-ties-425x8-8-haupa-262536-50pcs","status":"publish","type":"product","link":"https:\/\/westbalt.ee\/?product=cable-ties-425x8-8-haupa-262536-50pcs","title":{"rendered":"Kaabliside 450&#215;7.6 valge IEK 100tk"},"content":{"rendered":"","protected":false},"excerpt":{"rendered":"<p>Materjali t\u00fc\u00fcp:\tNailon<br \/>\nLaius:\t7,6 mm<br \/>\nPikkus:\t450 mm<br \/>\nKimbu l\u00e4bim\u00f5\u00f5t:\t6 &#8230; 120 mm<br \/>\nT\u00f5mbetugevus:\t220 N<br \/>\nT\u00f6\u00f6temperatuur:\t-25 &#8230; + 75 \u00b0 C<\/p>\n","protected":false},"featured_media":5764,"comment_status":"open","ping_status":"closed","template":"","meta":{"_acf_changed":false,"_monsterinsights_skip_tracking":false,"_monsterinsights_sitenote_active":false,"_monsterinsights_sitenote_note":"","_monsterinsights_sitenote_category":0},"pwb-brand":[2421],"product_brand":[],"product_cat":[287],"product_tag":[],"class_list":{"0":"post-5763","1":"product","2":"type-product","3":"status-publish","4":"has-post-thumbnail","6":"pwb-brand-iek","7":"product_cat-kaablisidemed-kinnitusklambrid","9":"first","10":"instock","11":"taxable","12":"shipping-taxable","13":"purchasable","14":"product-type-simple"},"acf":[],"aioseo_notices":[],"jetpack_sharing_enabled":true,"brands":[{"id":2421,"name":"IEK","slug":"iek"}],"_links":{"self":[{"href":"https:\/\/westbalt.ee\/index.php?rest_route=\/wp\/v2\/product\/5763","targetHints":{"allow":["GET"]}}],"collection":[{"href":"https:\/\/westbalt.ee\/index.php?rest_route=\/wp\/v2\/product"}],"about":[{"href":"https:\/\/westbalt.ee\/index.php?rest_route=\/wp\/v2\/types\/product"}],"replies":[{"embeddable":true,"href":"https:\/\/westbalt.ee\/index.php?rest_route=%2Fwp%2Fv2%2Fcomments&post=5763"}],"wp:featuredmedia":[{"embeddable":true,"href":"https:\/\/westbalt.ee\/index.php?rest_route=\/wp\/v2\/media\/5764"}],"wp:attachment":[{"href":"https:\/\/westbalt.ee\/index.php?rest_route=%2Fwp%2Fv2%2Fmedia&parent=5763"}],"wp:term":[{"taxonomy":"pwb-brand","embeddable":true,"href":"https:\/\/westbalt.ee\/index.php?rest_route=%2Fwp%2Fv2%2Fpwb-brand&post=5763"},{"taxonomy":"product_brand","embeddable":true,"href":"https:\/\/westbalt.ee\/index.php?rest_route=%2Fwp%2Fv2%2Fproduct_brand&post=5763"},{"taxonomy":"product_cat","embeddable":true,"href":"https:\/\/westbalt.ee\/index.php?rest_route=%2Fwp%2Fv2%2Fproduct_cat&post=5763"},{"taxonomy":"product_tag","embeddable":true,"href":"https:\/\/westbalt.ee\/index.php?rest_route=%2Fwp%2Fv2%2Fproduct_tag&post=5763"}],"curies":[{"name":"wp","href":"https:\/\/api.w.org\/{rel}","templated":true}]}}