{"id":5836,"date":"2012-10-04T10:54:48","date_gmt":"2012-10-04T07:54:48","guid":{"rendered":"https:\/\/westbalt.ee\/?post_type=product&#038;p=5836"},"modified":"2026-03-21T19:51:59","modified_gmt":"2026-03-21T16:51:59","slug":"isolatsiooni-labistav-klemm-sliw57-25-150-25-95mm2","status":"publish","type":"product","link":"https:\/\/westbalt.ee\/?product=isolatsiooni-labistav-klemm-sliw57-25-150-25-95mm2","title":{"rendered":"Isolatsiooni l\u00e4bistav klemm SLIW57 25-150\/25-95mm2"},"content":{"rendered":"<li>Testpinge vees:\t6 kV \/ 50 Hz \/ 1 min<\/li>\n<li>Pingutusmoment:\t15\u00b11 Nm<\/li>\n<li>Magistraaljuhe mm\u00b2:\t25-150<\/li>\n<li>Hargnevjuhe mm\u00b2:\t25-95<\/li>\n<li>Juhtme diameeter mm:\t8.4-18.5 \/ 8.4-15.2<\/li>\n","protected":false},"excerpt":{"rendered":"<p>Kasutatakse isoleeritud Al- ja\/v\u00f5i Cu-juhtmete \u00fchendamiseks. T\u00e4ielikult isoleeritud polt tagab ohutu pingealuse t\u00f6\u00f6. Nii magistraal- kui ka hargnemisjuhi isolatsioon l\u00e4bistatakse poldi \u00fche keeramisega. Komplekti kuulub murduva peaga polt ja juhtmeotsa kaitse.<\/p>\n","protected":false},"featured_media":5837,"comment_status":"open","ping_status":"open","template":"","meta":{"_acf_changed":false,"_monsterinsights_skip_tracking":false,"_monsterinsights_sitenote_active":false,"_monsterinsights_sitenote_note":"","_monsterinsights_sitenote_category":0},"pwb-brand":[2435],"product_brand":[],"product_cat":[267],"product_tag":[],"class_list":{"0":"post-5836","1":"product","2":"type-product","3":"status-publish","4":"has-post-thumbnail","6":"pwb-brand-ensto","7":"product_cat-klemmid","8":"pa_m-dud-52x31x92mm","10":"first","11":"onbackorder","12":"taxable","13":"shipping-taxable","14":"purchasable","15":"product-type-simple"},"acf":[],"aioseo_notices":[],"jetpack_sharing_enabled":true,"brands":[{"id":2435,"name":"ENSTO","slug":"ensto"}],"_links":{"self":[{"href":"https:\/\/westbalt.ee\/index.php?rest_route=\/wp\/v2\/product\/5836","targetHints":{"allow":["GET"]}}],"collection":[{"href":"https:\/\/westbalt.ee\/index.php?rest_route=\/wp\/v2\/product"}],"about":[{"href":"https:\/\/westbalt.ee\/index.php?rest_route=\/wp\/v2\/types\/product"}],"replies":[{"embeddable":true,"href":"https:\/\/westbalt.ee\/index.php?rest_route=%2Fwp%2Fv2%2Fcomments&post=5836"}],"wp:featuredmedia":[{"embeddable":true,"href":"https:\/\/westbalt.ee\/index.php?rest_route=\/wp\/v2\/media\/5837"}],"wp:attachment":[{"href":"https:\/\/westbalt.ee\/index.php?rest_route=%2Fwp%2Fv2%2Fmedia&parent=5836"}],"wp:term":[{"taxonomy":"pwb-brand","embeddable":true,"href":"https:\/\/westbalt.ee\/index.php?rest_route=%2Fwp%2Fv2%2Fpwb-brand&post=5836"},{"taxonomy":"product_brand","embeddable":true,"href":"https:\/\/westbalt.ee\/index.php?rest_route=%2Fwp%2Fv2%2Fproduct_brand&post=5836"},{"taxonomy":"product_cat","embeddable":true,"href":"https:\/\/westbalt.ee\/index.php?rest_route=%2Fwp%2Fv2%2Fproduct_cat&post=5836"},{"taxonomy":"product_tag","embeddable":true,"href":"https:\/\/westbalt.ee\/index.php?rest_route=%2Fwp%2Fv2%2Fproduct_tag&post=5836"}],"curies":[{"name":"wp","href":"https:\/\/api.w.org\/{rel}","templated":true}]}}