{"id":6158,"date":"2012-10-04T12:09:49","date_gmt":"2012-10-04T09:09:49","guid":{"rendered":"https:\/\/westbalt.ee\/?post_type=product&#038;p=6158"},"modified":"2026-03-21T19:44:17","modified_gmt":"2026-03-21T16:44:17","slug":"liikumisandur-pir500-suvis","status":"publish","type":"product","link":"https:\/\/westbalt.ee\/?product=liikumisandur-pir500-suvis","title":{"rendered":"Liikumisandur PIR500 s\u00fcvis"},"content":{"rendered":"<li>toide: 220 &#8230;240Vac \/ 50 ~ 60Hz\n<li>avastamise piirkond: 12m maks. (muudetav)\n<li>avastamise nurk: > 140\u00b0\n<li>valgustite juhtimine: 3 &#8230;1000 Lux (muudetav)\n<li>aktiveerimine: 5 s &#8230; 420 s(muudetav)\n<li>l\u00fclitatav koormus: 500W (220-240Vac)\n<li>installeerimisk\u00f5rgus: 0.4 &#8230;1.8m\n<li>v\u00f5imsustarve: 0.45W (0.1W  ootereziimis)\n<li>avastatav liikumiskiirus: 0.6m\/s &#8230;1.5m\/s\n<li>t\u00f6\u00f6temperatuur: -20\u00b0C &#8230;.+40\u00b0C ; niiskus: < 93% RH\n \n\n<p>Kasutusjuhend:<img decoding=\"async\" src=\"https:\/\/westbalt.ee\/wp-content\/uploads\/2014\/09\/pdf.png\" alt=\"pdf\" \/>&nbsp;<a href=\"https:\/\/www.westbalt.ee\/catalog\/pdf\/pir500.pdf\" target=\"_blank\" rel=\"noopener\">pir500.pdf<\/a><\/p>\n","protected":false},"excerpt":{"rendered":"<p>multifunktsionaalne: on\/off valgusti juhtimine ja  PIR<br \/>\nlaia avastamise ulatus<br \/>\npraktiline: t\u00f6\u00f6tab erineva valgustusnivooga \u00fcmbritsevas keskkonnas; muudetav piirkond ja aktiveeritud oleku kestvus<br \/>\nlihtsalt installeeritav , detektori LED-indikatsioon<br \/>\nsobilik kasutada koos h\u00f5\u00f5glampidega<\/p>\n","protected":false},"featured_media":6159,"comment_status":"open","ping_status":"closed","template":"","meta":{"_acf_changed":false,"_monsterinsights_skip_tracking":false,"_monsterinsights_sitenote_active":false,"_monsterinsights_sitenote_note":"","_monsterinsights_sitenote_category":0},"pwb-brand":[2410],"product_brand":[],"product_cat":[325],"product_tag":[],"class_list":{"0":"post-6158","1":"product","2":"type-product","3":"status-publish","4":"has-post-thumbnail","6":"pwb-brand-velleman","7":"product_cat-valveseadmed-2","8":"pa_varv-valge","10":"first","11":"onbackorder","12":"taxable","13":"shipping-taxable","14":"purchasable","15":"product-type-simple"},"acf":[],"aioseo_notices":[],"jetpack_sharing_enabled":true,"brands":[{"id":2410,"name":"VELLEMAN","slug":"velleman"}],"_links":{"self":[{"href":"https:\/\/westbalt.ee\/index.php?rest_route=\/wp\/v2\/product\/6158","targetHints":{"allow":["GET"]}}],"collection":[{"href":"https:\/\/westbalt.ee\/index.php?rest_route=\/wp\/v2\/product"}],"about":[{"href":"https:\/\/westbalt.ee\/index.php?rest_route=\/wp\/v2\/types\/product"}],"replies":[{"embeddable":true,"href":"https:\/\/westbalt.ee\/index.php?rest_route=%2Fwp%2Fv2%2Fcomments&post=6158"}],"wp:featuredmedia":[{"embeddable":true,"href":"https:\/\/westbalt.ee\/index.php?rest_route=\/wp\/v2\/media\/6159"}],"wp:attachment":[{"href":"https:\/\/westbalt.ee\/index.php?rest_route=%2Fwp%2Fv2%2Fmedia&parent=6158"}],"wp:term":[{"taxonomy":"pwb-brand","embeddable":true,"href":"https:\/\/westbalt.ee\/index.php?rest_route=%2Fwp%2Fv2%2Fpwb-brand&post=6158"},{"taxonomy":"product_brand","embeddable":true,"href":"https:\/\/westbalt.ee\/index.php?rest_route=%2Fwp%2Fv2%2Fproduct_brand&post=6158"},{"taxonomy":"product_cat","embeddable":true,"href":"https:\/\/westbalt.ee\/index.php?rest_route=%2Fwp%2Fv2%2Fproduct_cat&post=6158"},{"taxonomy":"product_tag","embeddable":true,"href":"https:\/\/westbalt.ee\/index.php?rest_route=%2Fwp%2Fv2%2Fproduct_tag&post=6158"}],"curies":[{"name":"wp","href":"https:\/\/api.w.org\/{rel}","templated":true}]}}